{"id":7727,"date":"2019-10-27T13:26:57","date_gmt":"2019-10-27T12:26:57","guid":{"rendered":"https:\/\/steuerportal.ch\/formations\/profils-des-institutions\/cosmos-bildung\/"},"modified":"2025-09-02T13:07:08","modified_gmt":"2025-09-02T11:07:08","slug":"cosmos-bildung","status":"publish","type":"page","link":"https:\/\/steuerportal.ch\/fr\/formations\/profils-des-institutions\/cosmos-bildung\/","title":{"rendered":"Cosmos Verlag Bildung"},"content":{"rendered":"<p><strong><em>Cosmos Verlag<\/em><\/strong><\/p><figure class=\"wp-block-image size-gutenberg_wide\"><img loading=\"lazy\" decoding=\"async\" width=\"1280\" height=\"294\" src=\"https:\/\/steuerportal.ch\/wp-content\/uploads\/2020\/12\/cosmos_c-strich_h1_positiv_bunt-jpg-1280x294.jpg\" alt=\"\" class=\"wp-image-5638\" srcset=\"https:\/\/steuerportal.ch\/wp-content\/uploads\/2020\/12\/cosmos_c-strich_h1_positiv_bunt-jpg-1280x294.jpg 1280w, https:\/\/steuerportal.ch\/wp-content\/uploads\/2020\/12\/cosmos_c-strich_h1_positiv_bunt-jpg-700x161.jpg 700w, https:\/\/steuerportal.ch\/wp-content\/uploads\/2020\/12\/cosmos_c-strich_h1_positiv_bunt-jpg-1024x235.jpg 1024w, https:\/\/steuerportal.ch\/wp-content\/uploads\/2020\/12\/cosmos_c-strich_h1_positiv_bunt-jpg-768x177.jpg 768w, https:\/\/steuerportal.ch\/wp-content\/uploads\/2020\/12\/cosmos_c-strich_h1_positiv_bunt-jpg-1536x353.jpg 1536w, https:\/\/steuerportal.ch\/wp-content\/uploads\/2020\/12\/cosmos_c-strich_h1_positiv_bunt-jpg-2048x471.jpg 2048w, https:\/\/steuerportal.ch\/wp-content\/uploads\/2020\/12\/cosmos_c-strich_h1_positiv_bunt-jpg-280x64.jpg 280w, https:\/\/steuerportal.ch\/wp-content\/uploads\/2020\/12\/cosmos_c-strich_h1_positiv_bunt-jpg-628x144.jpg 628w, https:\/\/steuerportal.ch\/wp-content\/uploads\/2020\/12\/cosmos_c-strich_h1_positiv_bunt-jpg-296x68.jpg 296w\" sizes=\"auto, (max-width: 1280px) 100vw, 1280px\" \/><\/figure><h2 class=\"wp-block-heading\" id=\"block-c06934f8-e10b-41f6-92b4-8dde85cdd313\">Kurse<\/h2><p>Sind Sie auf der Suche nach einer Weiterbildung im Bereich der Mehrwertsteuer (MWST) oder der Besteuerung von Personen bzw. Unternehmen? wir f&uuml;hren j&auml;hrlich verschiedene Kurse im Steuerrecht durch. Aktuell werden angeboten:<\/p><ul class=\"wp-block-list\">\n<li>Besteuerung von Privatpersonen<\/li>\n\n\n\n<li>Besteuerung von Unternehmen<\/li>\n\n\n\n<li>Einf&uuml;hrung in die Mehrwertsteuer<\/li>\n\n\n\n<li>Vertiefung der Mehrwertsteuer-Kenntnisse<\/li>\n\n\n\n<li>Verrechnungssteuer und Stempelabgaben<\/li>\n\n\n\n<li>Besteuerung von Immobilien<\/li>\n\n\n\n<li>Quellensteuern auf Arbeitseinkommen<\/li>\n<\/ul><p>Die Kurse vermitteln fundierte Grundlagenkenntnisse und dienen der praxisorientierten Einf&uuml;hrung oder Auffrischung Ihres Steuerwissens!<\/p><h2 class=\"wp-block-heading\" id=\"seminare-und-tagungen\">Seminare und Tagungen<\/h2><p>Daneben werden pro Jahr mehrere Seminare zu brisanten Entwicklungen im Steuer- und Finanzbereich organisiert. Seminarreihen wie &laquo;&nbsp;Vorsorge und Steuern&nbsp;&raquo;, &laquo;&nbsp;Jahresabschluss: Steueraufwand und -r&uuml;ckstellung effizient berechnen&nbsp;&raquo;, die j&auml;hrliche &laquo;&nbsp;Steuerstrafrechts-Tagung&nbsp;&raquo; und die praxisnahen &laquo;&nbsp;MWST-Updates&nbsp;&raquo; sowie die &laquo;&nbsp;Neue Z&uuml;rcher Steuerkonferenz&nbsp;&raquo; komplettieren das Angebot.<\/p><h2 class=\"wp-block-heading\" id=\"referierende-und-teilnehmerkreis\">Referierende und Teilnehmerkreis<\/h2><p>Referierende aus der Privatwirtschaft, Verwaltung und Lehre garantieren eine kompetente Durchf&uuml;hrung. Der breite Teilnehmerkreis f&ouml;rdert den Ausbau Ihres beruflichen Netzwerks.<\/p><h2 class=\"wp-block-heading\" id=\"erfolgsgeschichten\">Erfolgsgeschichten<\/h2><p>Einige unserer Kurse f&uuml;hren wir bereits seit vielen Jahren erfolgreich durch (ein Grossteil der Veranstaltungen ist jeweils komplett ausgebucht). Das h&auml;lt uns aber nicht davon ab, aktiv und fortlaufend nach inhaltlichem und administrativem Verbesserungspotential zu suchen. Nicht zuletzt deshalb, d&uuml;rfen wir uns &uuml;ber eine sehr hohe Kundenzufriedenheit freuen. Auch die Seminare und Tagungen mit wechselnden oder konstanten thematischen Schwerpunkten &uuml;berzeugen unsere Kundschaft ein ums andere Mal.<\/p><h2 class=\"wp-block-heading\" id=\"kontakt-anmeldungen-newsletter\">Kontakt, Anmeldungen, Newsletter<\/h2><p>Cosmos-Verlag AG<br>Weltpoststrasse 5, 3015 Bern<\/p><p>Wir freuen uns, wenn Sie sich genauer &uuml;ber unser Angebot informieren m&ouml;chten.&nbsp;<a rel=\"noreferrer noopener\" href=\"https:\/\/www.cosmosverlag.ch\/fachmedien\/veranstaltungen\/\" target=\"_blank\">Zur Website cosmosverlag.ch (Fachmedien &amp; Bildung).<\/a><\/p><p>Tel. 031 950 64 64<br><a href=\"mailto:info@cosmosverlag.ch\">info@cosmosverlag.ch<\/a>,&nbsp;<a rel=\"noreferrer noopener\" href=\"http:\/\/www.cosmosverlag.ch\/firstseminare\" target=\"_blank\">www.cosmosverlag.ch<\/a><\/p><p><em>Der Cosmos Verlag ist auch Herausgeber und Betreiber von steuerportal.ch<\/em>.<\/p>\n","protected":false},"excerpt":{"rendered":"<p>Cosmos Verlag Kurse Sind Sie auf der Suche nach einer Weiterbildung im Bereich der Mehrwertsteuer (MWST) oder der Besteuerung von Personen bzw. Unternehmen? wir f&uuml;hren j&auml;hrlich verschiedene Kurse im Steuerrecht durch. Aktuell werden angeboten: Die Kurse vermitteln fundierte Grundlagenkenntnisse und dienen der praxisorientierten Einf&uuml;hrung oder Auffrischung Ihres Steuerwissens! Seminare und Tagungen Daneben werden pro Jahr mehrere Seminare zu brisanten Entwicklungen im Steuer- und&hellip;<\/p>\n","protected":false},"author":3,"featured_media":0,"parent":6980,"menu_order":1,"comment_status":"closed","ping_status":"closed","template":"","meta":{"_acf_changed":false,"footnotes":""},"class_list":["post-7727","page","type-page","status-publish","hentry"],"acf":[],"yoast_head":"<!-- This site is optimized with the Yoast SEO plugin v27.4 - https:\/\/yoast.com\/product\/yoast-seo-wordpress\/ -->\n<title>Cosmos Verlag Bildung &#8226; steuerportal.ch<\/title>\n<meta name=\"robots\" content=\"index, follow, max-snippet:-1, max-image-preview:large, max-video-preview:-1\" \/>\n<link rel=\"canonical\" href=\"https:\/\/steuerportal.ch\/fr\/formations\/profils-des-institutions\/cosmos-bildung\/\" \/>\n<meta property=\"og:locale\" content=\"fr_FR\" \/>\n<meta property=\"og:type\" content=\"article\" \/>\n<meta property=\"og:title\" content=\"Cosmos Verlag Bildung &#8226; steuerportal.ch\" \/>\n<meta property=\"og:description\" content=\"Cosmos Verlag Kurse Sind Sie auf der Suche nach einer Weiterbildung im Bereich der Mehrwertsteuer (MWST) oder der Besteuerung von Personen bzw. Unternehmen? wir f&uuml;hren j&auml;hrlich verschiedene Kurse im Steuerrecht durch. Aktuell werden angeboten: Die Kurse vermitteln fundierte Grundlagenkenntnisse und dienen der praxisorientierten Einf&uuml;hrung oder Auffrischung Ihres Steuerwissens! Seminare und Tagungen Daneben werden pro Jahr mehrere Seminare zu brisanten Entwicklungen im Steuer- und&hellip;\" \/>\n<meta property=\"og:url\" content=\"https:\/\/steuerportal.ch\/fr\/formations\/profils-des-institutions\/cosmos-bildung\/\" \/>\n<meta property=\"og:site_name\" content=\"steuerportal.ch\" \/>\n<meta property=\"article:modified_time\" content=\"2025-09-02T11:07:08+00:00\" \/>\n<meta property=\"og:image\" content=\"https:\/\/steuerportal.ch\/wp-content\/uploads\/2020\/12\/cosmos_c-strich_h1_positiv_bunt-jpg-scaled.jpg\" \/>\n\t<meta property=\"og:image:width\" content=\"2560\" \/>\n\t<meta property=\"og:image:height\" content=\"588\" \/>\n\t<meta property=\"og:image:type\" content=\"image\/jpeg\" \/>\n<meta name=\"twitter:card\" content=\"summary_large_image\" \/>\n<meta name=\"twitter:label1\" content=\"Dur\u00e9e de lecture estim\u00e9e\" \/>\n\t<meta name=\"twitter:data1\" content=\"2 minutes\" \/>\n<script type=\"application\/ld+json\" class=\"yoast-schema-graph\">{\"@context\":\"https:\\\/\\\/schema.org\",\"@graph\":[{\"@type\":\"WebPage\",\"@id\":\"https:\\\/\\\/steuerportal.ch\\\/fr\\\/formations\\\/profils-des-institutions\\\/cosmos-bildung\\\/\",\"url\":\"https:\\\/\\\/steuerportal.ch\\\/fr\\\/formations\\\/profils-des-institutions\\\/cosmos-bildung\\\/\",\"name\":\"Cosmos Verlag Bildung &#8226; steuerportal.ch\",\"isPartOf\":{\"@id\":\"https:\\\/\\\/steuerportal.ch\\\/fr\\\/#website\"},\"primaryImageOfPage\":{\"@id\":\"https:\\\/\\\/steuerportal.ch\\\/fr\\\/formations\\\/profils-des-institutions\\\/cosmos-bildung\\\/#primaryimage\"},\"image\":{\"@id\":\"https:\\\/\\\/steuerportal.ch\\\/fr\\\/formations\\\/profils-des-institutions\\\/cosmos-bildung\\\/#primaryimage\"},\"thumbnailUrl\":\"https:\\\/\\\/steuerportal.ch\\\/wp-content\\\/uploads\\\/2020\\\/12\\\/cosmos_c-strich_h1_positiv_bunt-jpg-1280x294.jpg\",\"datePublished\":\"2019-10-27T12:26:57+00:00\",\"dateModified\":\"2025-09-02T11:07:08+00:00\",\"breadcrumb\":{\"@id\":\"https:\\\/\\\/steuerportal.ch\\\/fr\\\/formations\\\/profils-des-institutions\\\/cosmos-bildung\\\/#breadcrumb\"},\"inLanguage\":\"fr-FR\",\"potentialAction\":[{\"@type\":\"ReadAction\",\"target\":[\"https:\\\/\\\/steuerportal.ch\\\/fr\\\/formations\\\/profils-des-institutions\\\/cosmos-bildung\\\/\"]}]},{\"@type\":\"ImageObject\",\"inLanguage\":\"fr-FR\",\"@id\":\"https:\\\/\\\/steuerportal.ch\\\/fr\\\/formations\\\/profils-des-institutions\\\/cosmos-bildung\\\/#primaryimage\",\"url\":\"https:\\\/\\\/steuerportal.ch\\\/wp-content\\\/uploads\\\/2020\\\/12\\\/cosmos_c-strich_h1_positiv_bunt-jpg-1280x294.jpg\",\"contentUrl\":\"https:\\\/\\\/steuerportal.ch\\\/wp-content\\\/uploads\\\/2020\\\/12\\\/cosmos_c-strich_h1_positiv_bunt-jpg-1280x294.jpg\"},{\"@type\":\"BreadcrumbList\",\"@id\":\"https:\\\/\\\/steuerportal.ch\\\/fr\\\/formations\\\/profils-des-institutions\\\/cosmos-bildung\\\/#breadcrumb\",\"itemListElement\":[{\"@type\":\"ListItem\",\"position\":1,\"name\":\"Page d'accueil\",\"item\":\"https:\\\/\\\/steuerportal.ch\\\/fr\\\/\"},{\"@type\":\"ListItem\",\"position\":2,\"name\":\"Formations\",\"item\":\"https:\\\/\\\/steuerportal.ch\\\/fr\\\/formations\\\/\"},{\"@type\":\"ListItem\",\"position\":3,\"name\":\"Profils des institutions\",\"item\":\"https:\\\/\\\/steuerportal.ch\\\/fr\\\/formations\\\/profils-des-institutions\\\/\"},{\"@type\":\"ListItem\",\"position\":4,\"name\":\"Cosmos Verlag Bildung\"}]},{\"@type\":\"WebSite\",\"@id\":\"https:\\\/\\\/steuerportal.ch\\\/fr\\\/#website\",\"url\":\"https:\\\/\\\/steuerportal.ch\\\/fr\\\/\",\"name\":\"steuerportal.ch\",\"description\":\"Le portail suisse sp\u00e9cialis\u00e9 dans le domaine des imp\u00f4ts\",\"publisher\":{\"@id\":\"https:\\\/\\\/steuerportal.ch\\\/fr\\\/#organization\"},\"potentialAction\":[{\"@type\":\"SearchAction\",\"target\":{\"@type\":\"EntryPoint\",\"urlTemplate\":\"https:\\\/\\\/steuerportal.ch\\\/fr\\\/?s={search_term_string}\"},\"query-input\":{\"@type\":\"PropertyValueSpecification\",\"valueRequired\":true,\"valueName\":\"search_term_string\"}}],\"inLanguage\":\"fr-FR\"},{\"@type\":\"Organization\",\"@id\":\"https:\\\/\\\/steuerportal.ch\\\/fr\\\/#organization\",\"name\":\"Steuerportal (Cosmos Verlag)\",\"url\":\"https:\\\/\\\/steuerportal.ch\\\/fr\\\/\",\"logo\":{\"@type\":\"ImageObject\",\"inLanguage\":\"fr-FR\",\"@id\":\"https:\\\/\\\/steuerportal.ch\\\/fr\\\/#\\\/schema\\\/logo\\\/image\\\/\",\"url\":\"https:\\\/\\\/steuerportal.ch\\\/wp-content\\\/uploads\\\/2021\\\/06\\\/cosmos_c-strich_h_positiv_bunt.svg\",\"contentUrl\":\"https:\\\/\\\/steuerportal.ch\\\/wp-content\\\/uploads\\\/2021\\\/06\\\/cosmos_c-strich_h_positiv_bunt.svg\",\"width\":191,\"height\":44,\"caption\":\"Steuerportal (Cosmos Verlag)\"},\"image\":{\"@id\":\"https:\\\/\\\/steuerportal.ch\\\/fr\\\/#\\\/schema\\\/logo\\\/image\\\/\"}}]}<\/script>\n<!-- \/ Yoast SEO plugin. -->","yoast_head_json":{"title":"Cosmos Verlag Bildung &#8226; steuerportal.ch","robots":{"index":"index","follow":"follow","max-snippet":"max-snippet:-1","max-image-preview":"max-image-preview:large","max-video-preview":"max-video-preview:-1"},"canonical":"https:\/\/steuerportal.ch\/fr\/formations\/profils-des-institutions\/cosmos-bildung\/","og_locale":"fr_FR","og_type":"article","og_title":"Cosmos Verlag Bildung &#8226; steuerportal.ch","og_description":"Cosmos Verlag Kurse Sind Sie auf der Suche nach einer Weiterbildung im Bereich der Mehrwertsteuer (MWST) oder der Besteuerung von Personen bzw. Unternehmen? wir f&uuml;hren j&auml;hrlich verschiedene Kurse im Steuerrecht durch. Aktuell werden angeboten: Die Kurse vermitteln fundierte Grundlagenkenntnisse und dienen der praxisorientierten Einf&uuml;hrung oder Auffrischung Ihres Steuerwissens! Seminare und Tagungen Daneben werden pro Jahr mehrere Seminare zu brisanten Entwicklungen im Steuer- und&hellip;","og_url":"https:\/\/steuerportal.ch\/fr\/formations\/profils-des-institutions\/cosmos-bildung\/","og_site_name":"steuerportal.ch","article_modified_time":"2025-09-02T11:07:08+00:00","og_image":[{"width":2560,"height":588,"url":"https:\/\/steuerportal.ch\/wp-content\/uploads\/2020\/12\/cosmos_c-strich_h1_positiv_bunt-jpg-scaled.jpg","type":"image\/jpeg"}],"twitter_card":"summary_large_image","twitter_misc":{"Dur\u00e9e de lecture estim\u00e9e":"2 minutes"},"schema":{"@context":"https:\/\/schema.org","@graph":[{"@type":"WebPage","@id":"https:\/\/steuerportal.ch\/fr\/formations\/profils-des-institutions\/cosmos-bildung\/","url":"https:\/\/steuerportal.ch\/fr\/formations\/profils-des-institutions\/cosmos-bildung\/","name":"Cosmos Verlag Bildung &#8226; steuerportal.ch","isPartOf":{"@id":"https:\/\/steuerportal.ch\/fr\/#website"},"primaryImageOfPage":{"@id":"https:\/\/steuerportal.ch\/fr\/formations\/profils-des-institutions\/cosmos-bildung\/#primaryimage"},"image":{"@id":"https:\/\/steuerportal.ch\/fr\/formations\/profils-des-institutions\/cosmos-bildung\/#primaryimage"},"thumbnailUrl":"https:\/\/steuerportal.ch\/wp-content\/uploads\/2020\/12\/cosmos_c-strich_h1_positiv_bunt-jpg-1280x294.jpg","datePublished":"2019-10-27T12:26:57+00:00","dateModified":"2025-09-02T11:07:08+00:00","breadcrumb":{"@id":"https:\/\/steuerportal.ch\/fr\/formations\/profils-des-institutions\/cosmos-bildung\/#breadcrumb"},"inLanguage":"fr-FR","potentialAction":[{"@type":"ReadAction","target":["https:\/\/steuerportal.ch\/fr\/formations\/profils-des-institutions\/cosmos-bildung\/"]}]},{"@type":"ImageObject","inLanguage":"fr-FR","@id":"https:\/\/steuerportal.ch\/fr\/formations\/profils-des-institutions\/cosmos-bildung\/#primaryimage","url":"https:\/\/steuerportal.ch\/wp-content\/uploads\/2020\/12\/cosmos_c-strich_h1_positiv_bunt-jpg-1280x294.jpg","contentUrl":"https:\/\/steuerportal.ch\/wp-content\/uploads\/2020\/12\/cosmos_c-strich_h1_positiv_bunt-jpg-1280x294.jpg"},{"@type":"BreadcrumbList","@id":"https:\/\/steuerportal.ch\/fr\/formations\/profils-des-institutions\/cosmos-bildung\/#breadcrumb","itemListElement":[{"@type":"ListItem","position":1,"name":"Page d'accueil","item":"https:\/\/steuerportal.ch\/fr\/"},{"@type":"ListItem","position":2,"name":"Formations","item":"https:\/\/steuerportal.ch\/fr\/formations\/"},{"@type":"ListItem","position":3,"name":"Profils des institutions","item":"https:\/\/steuerportal.ch\/fr\/formations\/profils-des-institutions\/"},{"@type":"ListItem","position":4,"name":"Cosmos Verlag Bildung"}]},{"@type":"WebSite","@id":"https:\/\/steuerportal.ch\/fr\/#website","url":"https:\/\/steuerportal.ch\/fr\/","name":"steuerportal.ch","description":"Le portail suisse sp\u00e9cialis\u00e9 dans le domaine des imp\u00f4ts","publisher":{"@id":"https:\/\/steuerportal.ch\/fr\/#organization"},"potentialAction":[{"@type":"SearchAction","target":{"@type":"EntryPoint","urlTemplate":"https:\/\/steuerportal.ch\/fr\/?s={search_term_string}"},"query-input":{"@type":"PropertyValueSpecification","valueRequired":true,"valueName":"search_term_string"}}],"inLanguage":"fr-FR"},{"@type":"Organization","@id":"https:\/\/steuerportal.ch\/fr\/#organization","name":"Steuerportal (Cosmos Verlag)","url":"https:\/\/steuerportal.ch\/fr\/","logo":{"@type":"ImageObject","inLanguage":"fr-FR","@id":"https:\/\/steuerportal.ch\/fr\/#\/schema\/logo\/image\/","url":"https:\/\/steuerportal.ch\/wp-content\/uploads\/2021\/06\/cosmos_c-strich_h_positiv_bunt.svg","contentUrl":"https:\/\/steuerportal.ch\/wp-content\/uploads\/2021\/06\/cosmos_c-strich_h_positiv_bunt.svg","width":191,"height":44,"caption":"Steuerportal (Cosmos Verlag)"},"image":{"@id":"https:\/\/steuerportal.ch\/fr\/#\/schema\/logo\/image\/"}}]}},"_links":{"self":[{"href":"https:\/\/steuerportal.ch\/fr\/wp-json\/wp\/v2\/pages\/7727","targetHints":{"allow":["GET"]}}],"collection":[{"href":"https:\/\/steuerportal.ch\/fr\/wp-json\/wp\/v2\/pages"}],"about":[{"href":"https:\/\/steuerportal.ch\/fr\/wp-json\/wp\/v2\/types\/page"}],"author":[{"embeddable":true,"href":"https:\/\/steuerportal.ch\/fr\/wp-json\/wp\/v2\/users\/3"}],"replies":[{"embeddable":true,"href":"https:\/\/steuerportal.ch\/fr\/wp-json\/wp\/v2\/comments?post=7727"}],"version-history":[{"count":5,"href":"https:\/\/steuerportal.ch\/fr\/wp-json\/wp\/v2\/pages\/7727\/revisions"}],"predecessor-version":[{"id":26920,"href":"https:\/\/steuerportal.ch\/fr\/wp-json\/wp\/v2\/pages\/7727\/revisions\/26920"}],"up":[{"embeddable":true,"href":"https:\/\/steuerportal.ch\/fr\/wp-json\/wp\/v2\/pages\/6980"}],"wp:attachment":[{"href":"https:\/\/steuerportal.ch\/fr\/wp-json\/wp\/v2\/media?parent=7727"}],"curies":[{"name":"wp","href":"https:\/\/api.w.org\/{rel}","templated":true}]}}