{"id":7405,"date":"2019-10-17T14:34:55","date_gmt":"2019-10-17T12:34:55","guid":{"rendered":"https:\/\/steuerportal.ch\/info\/"},"modified":"2025-08-07T12:04:35","modified_gmt":"2025-08-07T10:04:35","slug":"info","status":"publish","type":"page","link":"https:\/\/steuerportal.ch\/fr\/info\/","title":{"rendered":"Info"},"content":{"rendered":"<h1 class=\"wp-block-heading\" id=\"block-0cf97735-9b66-41ec-af87-ceddc4d69981\">Info\/FAQ<\/h1><p>Merci pour l&rsquo;int&eacute;r&ecirc;t que vous nous portez! Sur steuerportal.ch, vous pouvez vous abonner &agrave; diff&eacute;rentes publications (appel&eacute;es modules sp&eacute;cialis&eacute;s) ou acc&eacute;der en ligne les publications auxquelles vous &ecirc;tes d&eacute;j&agrave; abonn&eacute;(e) sous forme imprim&eacute;e.<\/p><h2 class=\"wp-block-heading\" id=\"block-bf3eb722-365e-4ffb-ab82-4c59f571f0e0\">Modules sp&eacute;cialis&eacute;s disponibles<\/h2><figure class=\"wp-block-table is-style-regular\"><table class=\"has-fixed-layout\"><thead><tr><th class=\"has-text-align-left\" data-align=\"left\">Module sp&eacute;cialis&eacute;<\/th><th class=\"has-text-align-center\" data-align=\"center\">Nombre d&rsquo;exemplaires par&nbsp;ann&eacute;e<\/th><th class=\"has-text-align-center\" data-align=\"center\">Prix*<\/th><th class=\"has-text-align-left\" data-align=\"left\">Description<\/th><\/tr><\/thead><tbody><tr><td class=\"has-text-align-left\" data-align=\"left\"><a href=\"https:\/\/steuerportal.ch\/fr\/modules-specialises\/revue-fiscale\/\">Revue fiscale<\/a><\/td><td class=\"has-text-align-center\" data-align=\"center\">11 num&eacute;ros (Version imprim&eacute;e + digitale)<\/td><td class=\"has-text-align-center\" data-align=\"center\">CHF 287.00 par&nbsp;an<\/td><td class=\"has-text-align-left\" data-align=\"left\">La plus grande revue sp&eacute;cialis&eacute;e ind&eacute;pendante sur l&rsquo;ensemble du droit fiscal suisse<\/td><\/tr><tr><td class=\"has-text-align-left\" data-align=\"left\"><a href=\"https:\/\/steuerportal.ch\/fr\/modules-specialises\/prevoyance-et-impots\/info\/\" target=\"_blank\" rel=\"noreferrer noopener\">Pr&eacute;voyance et imp&ocirc;ts<\/a><\/td><td class=\"has-text-align-center\" data-align=\"center\">1 exemplaire (Version imprim&eacute;e + digitale)<\/td><td class=\"has-text-align-center\" data-align=\"center\">CHF 228.00 &agrave; l&rsquo;achat et ensuite CHF 42.00 par&nbsp;an&nbsp;pour les suppl&eacute;ments<\/td><td class=\"has-text-align-left\" data-align=\"left\">Cas et solutions aux probl&egrave;mes fiscaux dans le domaine de la pr&eacute;voyance <\/td><\/tr><\/tbody><\/table><figcaption class=\"wp-element-caption\">&Eacute;tat en 2025<\/figcaption><\/figure><p>*Prix par personne individuelle. Les licences d&rsquo;entreprises s&rsquo;acqui&egrave;rent de mani&egrave;re simple et &agrave; des conditions int&eacute;ressantes.<\/p><div style=\"height:150px\" aria-hidden=\"true\" class=\"wp-block-spacer\"><\/div><h2 class=\"wp-block-heading\" id=\"block-72fa5915-2596-49e0-830a-12f9b7aa3fbc\">D&eacute;verrouiller et utiliser des contenus<\/h2><figure class=\"wp-block-table\"><table class=\"has-fixed-layout\"><thead><tr><th>Question<\/th><th>R&eacute;ponse<\/th><\/tr><\/thead><tbody><tr><td><strong>Comment souscrire un nouvel abonnement?<\/strong><\/td><td>Vous souscrivez un abonnement &agrave; tout moment et en toute simplicit&eacute; via <a href=\"https:\/\/steuerportal.ch\/fr\/mon-compte\/?redirect_to=https%3A%2F%2Fsteuerportal.ch%2Ffr%2Finfo%2F\" target=\"_blank\" rel=\"noreferrer noopener\">votre compte d&rsquo;utilisateur<\/a>. Le paiement s&rsquo;effectue sur facture.<\/td><\/tr><tr><td><strong>Je suis d&eacute;j&agrave; abonn&eacute;(e) &agrave; l&rsquo;&eacute;dition imprim&eacute;e. Comment puis-je activer mon acc&egrave;s gratuit en ligne?<\/strong><\/td><td>Dans <a href=\"https:\/\/steuerportal.ch\/fr\/mon-compte\/?redirect_to=https%3A%2F%2Fsteuerportal.ch%2Ffr%2Finfo%2F\" target=\"_blank\" rel=\"noreferrer noopener\">votre compte<\/a>, s&eacute;lectionnez l&rsquo;option <em>Demander une activation gratuite sur la base d&rsquo;un abonnement existant<\/em>. Si vous ne disposez pas encore d&rsquo;un compte, vous devrez vous <a href=\"https:\/\/steuerportal.ch\/fr\/enregistrement\/\" target=\"_blank\" rel=\"noreferrer noopener\">enregistrer <\/a>une seule fois.<\/td><\/tr><tr><td><strong>Est-il possible de s&rsquo;abonner gratuitement &agrave; l&rsquo;essai?<\/strong><\/td><td>Oui, il est possible de lire gratuitement la Revue fiscale pendant un mois. Remplissez le <a href=\"https:\/\/steuerportal.ch\/fr\/abonnement-a-lessai\/\">formulaire correspondant<\/a> et vous testerez sans frais ni risque pendant 30 jours.<\/td><\/tr><tr><td><strong>Sous quelle forme les contenus sont-ils disponibles?<\/strong><\/td><td>Vous pouvez lire les contenus en ligne sur n&rsquo;importe quel terminal ou les t&eacute;l&eacute;charger au format PDF.<\/td><\/tr><tr><td><strong>Suis-je autoris&eacute;(e) &agrave; transmettre mon login ou des documents que j&rsquo;ai t&eacute;l&eacute;charg&eacute;s &agrave; des tiers?<\/strong><\/td><td>Non. Si vous souhaitez utiliser les contenus en &eacute;quipe, nous offrons des mod&egrave;les de prix tr&egrave;s attractifs pour les entreprises. Vous en saurez plus ci-dessous.<\/td><\/tr><\/tbody><\/table><figcaption class=\"wp-element-caption\">&Eacute;tat en 2025<\/figcaption><\/figure><p><a href=\"https:\/\/steuerportal.ch\/fr\/contact\/\" target=\"_blank\" rel=\"noreferrer noopener\">Vous avez d&rsquo;autres questions? Nous sommes &agrave; votre disposition.<\/a><\/p><div style=\"height:150px\" aria-hidden=\"true\" class=\"wp-block-spacer\"><\/div><h2 class=\"wp-block-heading\" id=\"Licences\">Licences d&rsquo;entreprises<\/h2><p class=\"has-gray-xlight-background-color has-background\">L&rsquo;utilisation d&rsquo;un login du Steuerportal par plusieurs personnes est interdite. Les donn&eacute;es t&eacute;l&eacute;charg&eacute;es (p. ex. le fichier PDF d&rsquo;un article) sont r&eacute;serv&eacute;es &agrave; un <strong>usage personnel<\/strong> et ne doivent pas &ecirc;tre transmises &agrave; des tiers.<\/p><p>Nous offrons aux entreprises, administrations, institutions d&rsquo;enseignement et de formation continue ainsi qu&rsquo;&agrave; d&rsquo;autres organisations <strong>des licences d&rsquo;entreprises<\/strong> &agrave; des prix attractifs.<\/p><figure class=\"wp-block-table\"><table class=\"has-fixed-layout\"><thead><tr><th>Question<\/th><th>R&eacute;ponse<\/th><\/tr><\/thead><tbody><tr><td><strong>Comment se d&eacute;roule la connexion sur steuerportal.ch en tant qu&rsquo;&eacute;quipe?<\/strong><\/td><td>Vous avez le choix! <br>Soit il y a un login individuel pour chaque personne qui est factur&eacute; via la licence d&rsquo;entreprise, soit un compte partag&eacute; pour tous les collaborateurs, soit vous optez pour la proc&eacute;dure de login bas&eacute;e sur IP<sup><a data-fnq id=\"fnq1\" href=\"#fn1\">1<\/a><\/sup>.<\/td><\/tr><tr><td><strong><strong><strong>En tant qu&rsquo;organisation disposant d&rsquo;une licence d&rsquo;entreprise, pouvons-nous int&eacute;grer des contenus t&eacute;l&eacute;charg&eacute;s dans notre propre base de donn&eacute;es d&rsquo;entreprise?<\/strong><\/strong><\/strong><\/td><td>Oui. Enrichissez votre propre base de donn&eacute;es avec notre contenu sp&eacute;cialis&eacute; et int&eacute;grez des articles professionnels pertinents dans votre biblioth&egrave;que num&eacute;rique ou votre stockage de fichiers partag&eacute;s et acc&eacute;dez-y &agrave; tout moment. Notre contenu est livr&eacute; selon vos sp&eacute;cifications<sup><a data-fnq id=\"fnq2\" href=\"#fn2\">2<\/a><\/sup>, un contrat de licence assure la transparence juridique. Demandez votre offre individuelle!<\/td><\/tr><\/tbody><\/table><figcaption class=\"wp-element-caption\">&Eacute;tat en 2025<\/figcaption><\/figure><p><a href=\"https:\/\/steuerportal.ch\/fr\/licences-dentreprise\/\">Nous vous soumettons avec plaisir une offre adapt&eacute;e &agrave; vos besoins et sans engagement de votre part<\/a><\/p><div style=\"height:50px\" aria-hidden=\"true\" class=\"wp-block-spacer\"><\/div><p><\/p><div class=\"wp-block-sht-footnotes b-footnotes\"><h2 class=\"wp-block-heading\" id=\"block-307caa8e-aabe-4aab-ae7b-e9c087a6ddb0\">Note de bas de page<\/h2>\n\n\n\n<p id=\"fn1\" class=\"b-footnote\">Depuis votre r&eacute;seau d&rsquo;entreprise, vous pouvez acc&eacute;der directement au contenu de steuerportal.ch &ndash; sans nom d&rsquo;utilisateur ni mot de passe. De cette fa&ccedil;on, vous simplifiez consid&eacute;rablement l&rsquo;acc&egrave;s &agrave; notre contenu &agrave; travers votre organisation.<\/p>\n\n\n\n<p id=\"fn2\" class=\"b-footnote\">Formats de fichiers disponibles de notre contenu sp&eacute;cialis&eacute;: XML, HTML, PDF.<\/p>\n<\/div>\n","protected":false},"excerpt":{"rendered":"<p>Info\/FAQ Merci pour l&rsquo;int&eacute;r&ecirc;t que vous nous portez! Sur steuerportal.ch, vous pouvez vous abonner &agrave; diff&eacute;rentes publications (appel&eacute;es modules sp&eacute;cialis&eacute;s) ou acc&eacute;der en ligne les publications auxquelles vous &ecirc;tes d&eacute;j&agrave; abonn&eacute;(e) sous forme imprim&eacute;e. Modules sp&eacute;cialis&eacute;s disponibles Module sp&eacute;cialis&eacute; Nombre d&rsquo;exemplaires par&nbsp;ann&eacute;e Prix* Description Revue&hellip;<\/p>\n","protected":false},"author":1,"featured_media":0,"parent":0,"menu_order":300,"comment_status":"closed","ping_status":"closed","template":"","meta":{"_acf_changed":false,"footnotes":""},"class_list":["post-7405","page","type-page","status-publish","hentry"],"acf":[],"yoast_head":"<!-- This site is optimized with the Yoast SEO plugin v27.3 - https:\/\/yoast.com\/product\/yoast-seo-wordpress\/ -->\n<title>Info &#8226; steuerportal.ch<\/title>\n<meta name=\"robots\" content=\"index, follow, max-snippet:-1, max-image-preview:large, max-video-preview:-1\" \/>\n<link rel=\"canonical\" href=\"https:\/\/steuerportal.ch\/fr\/info\/\" \/>\n<meta property=\"og:locale\" content=\"fr_FR\" \/>\n<meta property=\"og:type\" content=\"article\" \/>\n<meta property=\"og:title\" content=\"Info &#8226; steuerportal.ch\" \/>\n<meta property=\"og:description\" content=\"Info\/FAQ Merci pour l&rsquo;int&eacute;r&ecirc;t que vous nous portez! Sur steuerportal.ch, vous pouvez vous abonner &agrave; diff&eacute;rentes publications (appel&eacute;es modules sp&eacute;cialis&eacute;s) ou acc&eacute;der en ligne les publications auxquelles vous &ecirc;tes d&eacute;j&agrave; abonn&eacute;(e) sous forme imprim&eacute;e. Modules sp&eacute;cialis&eacute;s disponibles Module sp&eacute;cialis&eacute; Nombre d&rsquo;exemplaires par&nbsp;ann&eacute;e Prix* Description Revue&hellip;\" \/>\n<meta property=\"og:url\" content=\"https:\/\/steuerportal.ch\/fr\/info\/\" \/>\n<meta property=\"og:site_name\" content=\"steuerportal.ch\" \/>\n<meta property=\"article:modified_time\" content=\"2025-08-07T10:04:35+00:00\" \/>\n<meta name=\"twitter:card\" content=\"summary_large_image\" \/>\n<meta name=\"twitter:label1\" content=\"Dur\u00e9e de lecture estim\u00e9e\" \/>\n\t<meta name=\"twitter:data1\" content=\"4 minutes\" \/>\n<script type=\"application\/ld+json\" class=\"yoast-schema-graph\">{\"@context\":\"https:\\\/\\\/schema.org\",\"@graph\":[{\"@type\":\"WebPage\",\"@id\":\"https:\\\/\\\/steuerportal.ch\\\/fr\\\/info\\\/\",\"url\":\"https:\\\/\\\/steuerportal.ch\\\/fr\\\/info\\\/\",\"name\":\"Info &#8226; steuerportal.ch\",\"isPartOf\":{\"@id\":\"https:\\\/\\\/steuerportal.ch\\\/fr\\\/#website\"},\"datePublished\":\"2019-10-17T12:34:55+00:00\",\"dateModified\":\"2025-08-07T10:04:35+00:00\",\"breadcrumb\":{\"@id\":\"https:\\\/\\\/steuerportal.ch\\\/fr\\\/info\\\/#breadcrumb\"},\"inLanguage\":\"fr-FR\",\"potentialAction\":[{\"@type\":\"ReadAction\",\"target\":[\"https:\\\/\\\/steuerportal.ch\\\/fr\\\/info\\\/\"]}]},{\"@type\":\"BreadcrumbList\",\"@id\":\"https:\\\/\\\/steuerportal.ch\\\/fr\\\/info\\\/#breadcrumb\",\"itemListElement\":[{\"@type\":\"ListItem\",\"position\":1,\"name\":\"Page d'accueil\",\"item\":\"https:\\\/\\\/steuerportal.ch\\\/fr\\\/\"},{\"@type\":\"ListItem\",\"position\":2,\"name\":\"Info\"}]},{\"@type\":\"WebSite\",\"@id\":\"https:\\\/\\\/steuerportal.ch\\\/fr\\\/#website\",\"url\":\"https:\\\/\\\/steuerportal.ch\\\/fr\\\/\",\"name\":\"steuerportal.ch\",\"description\":\"Le portail suisse sp\u00e9cialis\u00e9 dans le domaine des imp\u00f4ts\",\"publisher\":{\"@id\":\"https:\\\/\\\/steuerportal.ch\\\/fr\\\/#organization\"},\"potentialAction\":[{\"@type\":\"SearchAction\",\"target\":{\"@type\":\"EntryPoint\",\"urlTemplate\":\"https:\\\/\\\/steuerportal.ch\\\/fr\\\/?s={search_term_string}\"},\"query-input\":{\"@type\":\"PropertyValueSpecification\",\"valueRequired\":true,\"valueName\":\"search_term_string\"}}],\"inLanguage\":\"fr-FR\"},{\"@type\":\"Organization\",\"@id\":\"https:\\\/\\\/steuerportal.ch\\\/fr\\\/#organization\",\"name\":\"Steuerportal (Cosmos Verlag)\",\"url\":\"https:\\\/\\\/steuerportal.ch\\\/fr\\\/\",\"logo\":{\"@type\":\"ImageObject\",\"inLanguage\":\"fr-FR\",\"@id\":\"https:\\\/\\\/steuerportal.ch\\\/fr\\\/#\\\/schema\\\/logo\\\/image\\\/\",\"url\":\"https:\\\/\\\/steuerportal.ch\\\/wp-content\\\/uploads\\\/2021\\\/06\\\/cosmos_c-strich_h_positiv_bunt.svg\",\"contentUrl\":\"https:\\\/\\\/steuerportal.ch\\\/wp-content\\\/uploads\\\/2021\\\/06\\\/cosmos_c-strich_h_positiv_bunt.svg\",\"width\":191,\"height\":44,\"caption\":\"Steuerportal (Cosmos Verlag)\"},\"image\":{\"@id\":\"https:\\\/\\\/steuerportal.ch\\\/fr\\\/#\\\/schema\\\/logo\\\/image\\\/\"}}]}<\/script>\n<!-- \/ Yoast SEO plugin. -->","yoast_head_json":{"title":"Info &#8226; steuerportal.ch","robots":{"index":"index","follow":"follow","max-snippet":"max-snippet:-1","max-image-preview":"max-image-preview:large","max-video-preview":"max-video-preview:-1"},"canonical":"https:\/\/steuerportal.ch\/fr\/info\/","og_locale":"fr_FR","og_type":"article","og_title":"Info &#8226; steuerportal.ch","og_description":"Info\/FAQ Merci pour l&rsquo;int&eacute;r&ecirc;t que vous nous portez! Sur steuerportal.ch, vous pouvez vous abonner &agrave; diff&eacute;rentes publications (appel&eacute;es modules sp&eacute;cialis&eacute;s) ou acc&eacute;der en ligne les publications auxquelles vous &ecirc;tes d&eacute;j&agrave; abonn&eacute;(e) sous forme imprim&eacute;e. Modules sp&eacute;cialis&eacute;s disponibles Module sp&eacute;cialis&eacute; Nombre d&rsquo;exemplaires par&nbsp;ann&eacute;e Prix* Description Revue&hellip;","og_url":"https:\/\/steuerportal.ch\/fr\/info\/","og_site_name":"steuerportal.ch","article_modified_time":"2025-08-07T10:04:35+00:00","twitter_card":"summary_large_image","twitter_misc":{"Dur\u00e9e de lecture estim\u00e9e":"4 minutes"},"schema":{"@context":"https:\/\/schema.org","@graph":[{"@type":"WebPage","@id":"https:\/\/steuerportal.ch\/fr\/info\/","url":"https:\/\/steuerportal.ch\/fr\/info\/","name":"Info &#8226; steuerportal.ch","isPartOf":{"@id":"https:\/\/steuerportal.ch\/fr\/#website"},"datePublished":"2019-10-17T12:34:55+00:00","dateModified":"2025-08-07T10:04:35+00:00","breadcrumb":{"@id":"https:\/\/steuerportal.ch\/fr\/info\/#breadcrumb"},"inLanguage":"fr-FR","potentialAction":[{"@type":"ReadAction","target":["https:\/\/steuerportal.ch\/fr\/info\/"]}]},{"@type":"BreadcrumbList","@id":"https:\/\/steuerportal.ch\/fr\/info\/#breadcrumb","itemListElement":[{"@type":"ListItem","position":1,"name":"Page d'accueil","item":"https:\/\/steuerportal.ch\/fr\/"},{"@type":"ListItem","position":2,"name":"Info"}]},{"@type":"WebSite","@id":"https:\/\/steuerportal.ch\/fr\/#website","url":"https:\/\/steuerportal.ch\/fr\/","name":"steuerportal.ch","description":"Le portail suisse sp\u00e9cialis\u00e9 dans le domaine des imp\u00f4ts","publisher":{"@id":"https:\/\/steuerportal.ch\/fr\/#organization"},"potentialAction":[{"@type":"SearchAction","target":{"@type":"EntryPoint","urlTemplate":"https:\/\/steuerportal.ch\/fr\/?s={search_term_string}"},"query-input":{"@type":"PropertyValueSpecification","valueRequired":true,"valueName":"search_term_string"}}],"inLanguage":"fr-FR"},{"@type":"Organization","@id":"https:\/\/steuerportal.ch\/fr\/#organization","name":"Steuerportal (Cosmos Verlag)","url":"https:\/\/steuerportal.ch\/fr\/","logo":{"@type":"ImageObject","inLanguage":"fr-FR","@id":"https:\/\/steuerportal.ch\/fr\/#\/schema\/logo\/image\/","url":"https:\/\/steuerportal.ch\/wp-content\/uploads\/2021\/06\/cosmos_c-strich_h_positiv_bunt.svg","contentUrl":"https:\/\/steuerportal.ch\/wp-content\/uploads\/2021\/06\/cosmos_c-strich_h_positiv_bunt.svg","width":191,"height":44,"caption":"Steuerportal (Cosmos Verlag)"},"image":{"@id":"https:\/\/steuerportal.ch\/fr\/#\/schema\/logo\/image\/"}}]}},"_links":{"self":[{"href":"https:\/\/steuerportal.ch\/fr\/wp-json\/wp\/v2\/pages\/7405","targetHints":{"allow":["GET"]}}],"collection":[{"href":"https:\/\/steuerportal.ch\/fr\/wp-json\/wp\/v2\/pages"}],"about":[{"href":"https:\/\/steuerportal.ch\/fr\/wp-json\/wp\/v2\/types\/page"}],"author":[{"embeddable":true,"href":"https:\/\/steuerportal.ch\/fr\/wp-json\/wp\/v2\/users\/1"}],"replies":[{"embeddable":true,"href":"https:\/\/steuerportal.ch\/fr\/wp-json\/wp\/v2\/comments?post=7405"}],"version-history":[{"count":29,"href":"https:\/\/steuerportal.ch\/fr\/wp-json\/wp\/v2\/pages\/7405\/revisions"}],"predecessor-version":[{"id":26511,"href":"https:\/\/steuerportal.ch\/fr\/wp-json\/wp\/v2\/pages\/7405\/revisions\/26511"}],"wp:attachment":[{"href":"https:\/\/steuerportal.ch\/fr\/wp-json\/wp\/v2\/media?parent=7405"}],"curies":[{"name":"wp","href":"https:\/\/api.w.org\/{rel}","templated":true}]}}