{"id":7010,"date":"2020-03-03T12:54:56","date_gmt":"2020-03-03T11:54:56","guid":{"rendered":"https:\/\/steuerportal.ch\/werbung\/"},"modified":"2025-10-27T16:04:10","modified_gmt":"2025-10-27T15:04:10","slug":"publicite","status":"publish","type":"page","link":"https:\/\/steuerportal.ch\/fr\/publicite\/","title":{"rendered":"Publicit\u00e9"},"content":{"rendered":"<h1 class=\"wp-block-heading\" id=\"block-0cf8a319-b050-4844-a8b0-40cc3278edd3\">Publicit&eacute;<\/h1><p>Si vous souhaitez placer votre publicit&eacute; l&agrave; o&ugrave; elle fera le plus d&rsquo;effet, vous pouvons vous aider. Gr&acirc;ce &agrave; notre plateforme et notre r&eacute;seau, vous communiquez vos annonces de fa&ccedil;on remarquable.<\/p><div class=\"wp-block-buttons is-layout-flex wp-block-buttons-is-layout-flex\">\n<div class=\"wp-block-button\"><a class=\"wp-block-button__link wp-element-button\" href=\"https:\/\/steuerportal.ch\/fr\/contact\/\">Contact<\/a><\/div>\n<\/div><h2 class=\"wp-block-heading\" id=\"Werbung\">Options<\/h2><p>Votre publicit&eacute; peut &ecirc;tre aussi bien imprim&eacute;e que mise en ligne sur internet. Vous pouvez aussi opter pour une combinaison des deux!<\/p><p><strong>Aper&ccedil;u du contenu<\/strong><\/p><p><a href=\"#Publicit%C3%A9%20imprim%C3%A9e\">Publicit&eacute; imprim&eacute;e<\/a><br><a href=\"#Publicit%C3%A9-en-ligne\">Publicit&eacute; en ligne<\/a> <br><a href=\"#Formation-continue\">Cat&eacute;gorie sp&eacute;cifique: Formation\/Formation continue<\/a><br><a href=\"#jobs\">Cat&eacute;gorie sp&eacute;cifique: Offres d&rsquo;emploi<\/a><\/p><div style=\"height:50px\" aria-hidden=\"true\" class=\"wp-block-spacer\"><\/div><h3 class=\"wp-block-heading\" id=\"Publicit&eacute;-imprim&eacute;e\">Publicit&eacute; imprim&eacute;e<\/h3><p>Les informations actuelles concernant les annonces et publicit&eacute;s pouvant &ecirc;tre ins&eacute;r&eacute;es dans la Revue fiscale sont disponibles ci-dessous:<\/p><div class=\"wp-block-columns are-vertically-aligned-top is-layout-flex wp-container-core-columns-is-layout-28f84493 wp-block-columns-is-layout-flex\"><div class=\"wp-block-column is-vertically-aligned-top is-layout-flow wp-block-column-is-layout-flow\"><figure class=\"wp-block-image size-large is-resized is-style-default\"><img loading=\"lazy\" decoding=\"async\" width=\"1024\" height=\"768\" src=\"https:\/\/steuerportal.ch\/wp-content\/uploads\/2024\/02\/StR-2-24-lead-1-1024x768.png\" alt=\"\" class=\"wp-image-17763\" style=\"width:256px;height:205px\" srcset=\"https:\/\/steuerportal.ch\/wp-content\/uploads\/2024\/02\/StR-2-24-lead-1-1024x768.png 1024w, https:\/\/steuerportal.ch\/wp-content\/uploads\/2024\/02\/StR-2-24-lead-1-700x525.png 700w, https:\/\/steuerportal.ch\/wp-content\/uploads\/2024\/02\/StR-2-24-lead-1-768x576.png 768w, https:\/\/steuerportal.ch\/wp-content\/uploads\/2024\/02\/StR-2-24-lead-1-1536x1152.png 1536w, https:\/\/steuerportal.ch\/wp-content\/uploads\/2024\/02\/StR-2-24-lead-1-1280x960.png 1280w, https:\/\/steuerportal.ch\/wp-content\/uploads\/2024\/02\/StR-2-24-lead-1-280x210.png 280w, https:\/\/steuerportal.ch\/wp-content\/uploads\/2024\/02\/StR-2-24-lead-1-628x471.png 628w, https:\/\/steuerportal.ch\/wp-content\/uploads\/2024\/02\/StR-2-24-lead-1-296x222.png 296w, https:\/\/steuerportal.ch\/wp-content\/uploads\/2024\/02\/StR-2-24-lead-1.png 1920w\" sizes=\"auto, (max-width: 1024px) 100vw, 1024px\" \/><\/figure>\n\n\n\n<p><a href=\"https:\/\/steuerportal.ch\/fr\/shtdownload\/27404\/\" target=\"_blank\" rel=\"noreferrer noopener\">Donn&eacute;es m&eacute;dias 2026 (PDF) <\/a><br>Revue fiscale<\/p>\n<\/div>\n\n\n\n<div class=\"wp-block-column is-vertically-aligned-top is-layout-flow wp-block-column-is-layout-flow\"><\/div>\n<\/div><div style=\"height:50px\" aria-hidden=\"true\" class=\"wp-block-spacer\"><\/div><h3 class=\"wp-block-heading\" id=\"Publicit&eacute;-en-ligne\">Publicit&eacute; en ligne<\/h3><p>Publicit&eacute; en ligne sur portailfiscal.ch &ndash; visuellement bien int&eacute;gr&eacute;e tout en restant tr&egrave;s visible.<\/p><figure class=\"wp-block-image aligncenter size-large is-style-default\"><img loading=\"lazy\" decoding=\"async\" width=\"1024\" height=\"675\" src=\"https:\/\/steuerportal.ch\/wp-content\/uploads\/2022\/02\/steuerportal-2022-1024x675.png\" alt=\"\" class=\"wp-image-10679\" srcset=\"https:\/\/steuerportal.ch\/wp-content\/uploads\/2022\/02\/steuerportal-2022-1024x675.png 1024w, https:\/\/steuerportal.ch\/wp-content\/uploads\/2022\/02\/steuerportal-2022-700x461.png 700w, https:\/\/steuerportal.ch\/wp-content\/uploads\/2022\/02\/steuerportal-2022-768x506.png 768w, https:\/\/steuerportal.ch\/wp-content\/uploads\/2022\/02\/steuerportal-2022-1536x1012.png 1536w, https:\/\/steuerportal.ch\/wp-content\/uploads\/2022\/02\/steuerportal-2022-1280x843.png 1280w, https:\/\/steuerportal.ch\/wp-content\/uploads\/2022\/02\/steuerportal-2022-280x185.png 280w, https:\/\/steuerportal.ch\/wp-content\/uploads\/2022\/02\/steuerportal-2022-628x414.png 628w, https:\/\/steuerportal.ch\/wp-content\/uploads\/2022\/02\/steuerportal-2022-296x195.png 296w, https:\/\/steuerportal.ch\/wp-content\/uploads\/2022\/02\/steuerportal-2022.png 1900w\" sizes=\"auto, (max-width: 1024px) 100vw, 1024px\" \/><\/figure><div class=\"wp-block-sht-infobox b-infobox\"><div class=\"b-infobox__inner\"><h2 class=\"wp-block-heading\" id=\"block-a0a5e752-bfeb-4937-9131-4c0ae8f75045\">Prestations publicitaires en ligne<\/h2>\n\n\n\n<p>Annonce (banni&egrave;re) au format 3:2 (CHF 350.00) ou carr&eacute;e (CHF 400.00), r&eacute;servable mensuellement. La publicit&eacute; est ins&eacute;r&eacute;e sur la page d&rsquo;accueil de portailfiscal.ch.<\/p>\n<\/div><\/div><p><strong>D&eacute;tails et options<\/strong><\/p><ul class=\"wp-block-list\">\n<li>Faites appara&icirc;tre votre publicit&eacute; sur la page d&rsquo;accueil de portailfiscal.ch, le&nbsp;portail suisse pour le droit fiscal.<\/li>\n\n\n\n<li>Prix: CHF 350.00 pour une annonce au format 3:2, CHF 400.00 pour un format carr&eacute;; les prix s&rsquo;entendent hors taxes.<\/li>\n\n\n\n<li>Dur&eacute;e: la publicit&eacute; peut &ecirc;tre command&eacute;e\/renouvel&eacute;e chaque mois. Les prix valent pour une p&eacute;riode de publication de 30 jours. Pour les commandes &agrave; partir de 3 mois, nous vous proposons volontiers une offre individualis&eacute;e (rabais quantitatif).<\/li>\n\n\n\n<li>Donn&eacute;es techniques: format jpg, gif ou png; taille max. du fichier 500&nbsp;Ko; 600&times;400 ou 600&times;600 pixels; le texte doit &ecirc;tre bien lisible &agrave; demi-format (la&nbsp;publication appara&icirc;t aux formats 300&times;200 et 300&times;300 pixels).<\/li>\n<\/ul><blockquote class=\"wp-block-quote is-layout-flow wp-block-quote-is-layout-flow\">\n<p>Pour les commandes d&rsquo;une dur&eacute;e sup&eacute;rieure &agrave; trois mois, un rabais vous est accord&eacute;.<\/p>\n<\/blockquote><p><em>Prestations suppl&eacute;mentaires incluses:<\/em><\/p><ul class=\"wp-block-list\">\n<li>V&eacute;rification: nous v&eacute;rifions la publicit&eacute; transmise (notamment sa lisibilit&eacute; sur plusieurs tailles d&rsquo;&eacute;cran) et vous indiquons le cas &eacute;ch&eacute;ant comment votre publicit&eacute; peut &ecirc;tre am&eacute;lior&eacute;e.<\/li>\n\n\n\n<li>&Eacute;valuation: sur demande, nous vous fournissons une &eacute;valuation statistique &agrave; la fin de la p&eacute;riode de publication.<\/li>\n\n\n\n<li>Newsletter: chaque commande de publicit&eacute; donne droit &agrave; une (1) publication dans la newsletter de portailfiscal.ch; des publications suppl&eacute;mentaires peuvent &ecirc;tre command&eacute;es en sus (voir ci-dessous).<\/li>\n<\/ul><p><em>Prestations suppl&eacute;mentaires payantes:<\/em><\/p><ul class=\"wp-block-list\">\n<li>Une publication suppl&eacute;mentaire dans la newsletter peut &ecirc;tre command&eacute;e pour CHF 98.00 (hors TVA) par publication.<\/li>\n\n\n\n<li>Si vous le d&eacute;sirez, nous pouvons concevoir votre publicit&eacute; selon vos indications. &Agrave; votre demande, nous vous &eacute;tablissons une offre sans engagement pour ce service.<\/li>\n<\/ul><div style=\"height:50px\" aria-hidden=\"true\" class=\"wp-block-spacer\"><\/div><h2 class=\"wp-block-heading\" id=\"Formation-continue\">Cat&eacute;gorie sp&eacute;cifique: Formation\/Formation continue<\/h2><p>Pour les organisateurs de formations, la publicit&eacute; imprim&eacute;e et\/ou en ligne peut &ecirc;tre compl&eacute;t&eacute;e par les options suivantes:<\/p><h3 class=\"wp-block-heading\" id=\"block-6c2b54c4-87aa-4a55-b2ab-8a01de328934\">Basic<\/h3><div class=\"wp-block-sht-infobox b-infobox\"><div class=\"b-infobox__inner\"><h2 class=\"wp-block-heading\" id=\"block-cb57464b-a081-45f3-9fce-2a7e0f040cfd\">Prestations Basic<\/h2>\n\n\n\n<p>Inscription de la formation dans le tr&egrave;s observ&eacute; calendrier d&rsquo;&eacute;v&eacute;nements de portailfiscal.ch (CHF 250.00 par entr&eacute;e).<\/p>\n<\/div><\/div><p><strong>D&eacute;tails et options<\/strong><\/p><ul class=\"wp-block-list\">\n<li>Faites figurer votre formation dans le tr&egrave;s observ&eacute; calendrier d&rsquo;&eacute;v&eacute;nements de portailfiscal.ch (<a href=\"https:\/\/steuerportal.ch\/fr\/formations\/apercu\/\" target=\"_blank\" rel=\"noreferrer noopener\">lien vers le calendrier<\/a>)<\/li>\n\n\n\n<li>Prestation suppl&eacute;mentaire (selon disponibilit&eacute;): inscription de la formation dans le calendrier publi&eacute; dans l&rsquo;&eacute;dition papier de la Revue fiscale (pas de garantie de publication).<\/li>\n\n\n\n<li>Prix: CHF 250.00 par entr&eacute;e (hors TVA).<\/li>\n\n\n\n<li>Dur&eacute;e: d&egrave;s le jour de l&rsquo;inscription jusqu&rsquo;au jour (du d&eacute;but) de l&rsquo;&eacute;v&eacute;nement.<\/li>\n<\/ul><h3 class=\"wp-block-heading\" id=\"block-9d2c1b1f-8684-4f42-9dde-ec34f7616bb5\">Business<\/h3><div class=\"wp-block-sht-infobox b-infobox\"><div class=\"b-infobox__inner\"><h2 class=\"wp-block-heading\" id=\"block-5f395d0d-46f6-41f0-a5b5-b40c3121a8da\">Prestations Business<\/h2>\n\n\n\n<p>Page de profil et nombre illimit&eacute; d&rsquo;entr&eacute;es dans le calendrier d&rsquo;&eacute;v&eacute;nements de portailfiscal.ch &agrave; un prix annuel forfaitaire de CHF 2000.00.<\/p>\n<\/div><\/div><p><strong>D&eacute;tails et options<\/strong><\/p><ul class=\"wp-block-list\">\n<li>Page de profil d&eacute;taill&eacute;e: pr&eacute;sentez au public int&eacute;ress&eacute; votre institution et votre programme de formation sur portailfiscal.ch (<a href=\"https:\/\/steuerportal.ch\/fr\/formations\/profils-des-institutions\/\" target=\"_blank\" rel=\"noreferrer noopener\">lien vers les profils existants<\/a>).<\/li>\n\n\n\n<li>B&eacute;n&eacute;ficiez d&rsquo;un nombre illimit&eacute; d&rsquo;entr&eacute;es dans le calendrier d&rsquo;&eacute;v&eacute;nements de portailfiscal.ch (<a href=\"https:\/\/steuerportal.ch\/fr\/formations\/apercu\/\" target=\"_blank\" rel=\"noreferrer noopener\">lien vers le calendrier<\/a>).<\/li>\n\n\n\n<li>Rabais de 20% sur les publicit&eacute;s: annonces dans nos revues sp&eacute;cialis&eacute;es (<a href=\"#Publicit%C3%A9-imprim%C3%A9e\">voir&nbsp;ci-dessus<\/a>) ou en ligne (<a href=\"#Publicit%C3%A9-en-ligne\">voir ci-dessus<\/a>).<\/li>\n\n\n\n<li>Prestation suppl&eacute;mentaire (selon disponibilit&eacute;): inscription de la formation dans le calendrier publi&eacute; dans l&rsquo;&eacute;dition papier de la Revue fiscale (pas de garantie de publication, traitement pr&eacute;f&eacute;rentiel).<\/li>\n\n\n\n<li>Prix: CHF 2000.00 (hors TVA).<\/li>\n\n\n\n<li>Dur&eacute;e: 12 mois.<\/li>\n<\/ul><blockquote class=\"wp-block-quote is-layout-flow wp-block-quote-is-layout-flow\">\n<p>Un environnement publicitaire fiable et de qualit&eacute;.<\/p>\n<\/blockquote><div style=\"height:50px\" aria-hidden=\"true\" class=\"wp-block-spacer\"><\/div><h2 class=\"wp-block-heading\" id=\"jobs\">Cat&eacute;gorie sp&eacute;cifique: Offres d&rsquo;emploi<\/h2><div class=\"wp-block-sht-infobox b-infobox\"><div class=\"b-infobox__inner\"><h2 class=\"wp-block-heading\" id=\"block-ab439933-8ce8-4de1-bf1a-3098a494b1b1\">taxlawjobs.ch<\/h2>\n\n\n\n<p>Vos offres d&rsquo;emploi dans le domaine de la fiscalit&eacute; sont les bienvenues sur la plateforme <a href=\"https:\/\/fr.taxlawjobs.ch\/\" target=\"_blank\" rel=\"noreferrer noopener\">taxlawjobs.ch<\/a>, le portail suisse de l&rsquo;emploi pour les imp&ocirc;ts et la fiducie.<\/p>\n<\/div><\/div><p><strong>D&eacute;tails et options<\/strong><\/p><ul class=\"wp-block-list\">\n<li>Annonces avec davantage de visibilit&eacute; par l&rsquo;utilisation de canaux suppl&eacute;mentaires (Portail fiscal, taxlawblog.ch)<\/li>\n\n\n\n<li>Les prix ainsi que d&rsquo;autres informations sur la publication d&rsquo;offres d&rsquo;emploi peuvent &ecirc;tre consult&eacute;s sur <a href=\"https:\/\/fr.taxlawjobs.ch\/inserieren\" target=\"_blank\" rel=\"noreferrer noopener\">fr.taxlawjobs.ch\/inserieren<\/a><\/li>\n<\/ul><p><strong>Offre suppl&eacute;mentaire (Print)<\/strong><\/p><p>Pour maximiser la port&eacute;e de votre annonce, faites-la appara&icirc;tre dans l&rsquo;&eacute;dition papier de la Revue fiscale &agrave; des conditions des avantageuses:<\/p><ul class=\"wp-block-list\">\n<li>1\/1 page: CHF 860.00 (hors TVA)<\/li>\n\n\n\n<li>1\/2 page: CHF 640.00 (hors TVA)<\/li>\n<\/ul><p>Ce <a href=\"#Publicit%C3%A9-imprim%C3%A9e\">lien<\/a> renvoie aux informations actuelles sur la publicit&eacute; dans la Revue fiscale.<\/p><div style=\"height:50px\" aria-hidden=\"true\" class=\"wp-block-spacer\"><\/div><p>Avez-vous des questions ou souhaitez-vous effectuer une commande?<\/p><div class=\"wp-block-buttons is-layout-flex wp-block-buttons-is-layout-flex\">\n<div class=\"wp-block-button\"><a class=\"wp-block-button__link wp-element-button\" href=\"https:\/\/steuerportal.ch\/fr\/contact\/\">Contact<\/a><\/div>\n<\/div><p><\/p>\n","protected":false},"excerpt":{"rendered":"<p>Publicit&eacute; Si vous souhaitez placer votre publicit&eacute; l&agrave; o&ugrave; elle fera le plus d&rsquo;effet, vous pouvons vous aider. Gr&acirc;ce &agrave; notre plateforme et notre r&eacute;seau, vous communiquez vos annonces de fa&ccedil;on remarquable. Options Votre publicit&eacute; peut &ecirc;tre aussi bien imprim&eacute;e que mise en ligne sur internet. Vous pouvez aussi opter pour une combinaison des deux! Aper&ccedil;u du contenu Publicit&eacute; imprim&eacute;ePublicit&eacute;&hellip;<\/p>\n","protected":false},"author":3,"featured_media":0,"parent":0,"menu_order":39,"comment_status":"closed","ping_status":"closed","template":"","meta":{"_acf_changed":false,"footnotes":""},"class_list":["post-7010","page","type-page","status-publish","hentry"],"acf":[],"yoast_head":"<!-- This site is optimized with the Yoast SEO plugin v27.5 - https:\/\/yoast.com\/product\/yoast-seo-wordpress\/ -->\n<title>Publicit\u00e9 &#8226; steuerportal.ch<\/title>\n<meta name=\"robots\" content=\"index, follow, max-snippet:-1, max-image-preview:large, max-video-preview:-1\" \/>\n<link rel=\"canonical\" href=\"https:\/\/steuerportal.ch\/fr\/publicite\/\" \/>\n<meta property=\"og:locale\" content=\"fr_FR\" \/>\n<meta property=\"og:type\" content=\"article\" \/>\n<meta property=\"og:title\" content=\"Publicit\u00e9 &#8226; steuerportal.ch\" \/>\n<meta property=\"og:description\" content=\"Publicit&eacute; Si vous souhaitez placer votre publicit&eacute; l&agrave; o&ugrave; elle fera le plus d&rsquo;effet, vous pouvons vous aider. Gr&acirc;ce &agrave; notre plateforme et notre r&eacute;seau, vous communiquez vos annonces de fa&ccedil;on remarquable. Options Votre publicit&eacute; peut &ecirc;tre aussi bien imprim&eacute;e que mise en ligne sur internet. Vous pouvez aussi opter pour une combinaison des deux! Aper&ccedil;u du contenu Publicit&eacute; imprim&eacute;ePublicit&eacute;&hellip;\" \/>\n<meta property=\"og:url\" content=\"https:\/\/steuerportal.ch\/fr\/publicite\/\" \/>\n<meta property=\"og:site_name\" content=\"steuerportal.ch\" \/>\n<meta property=\"article:modified_time\" content=\"2025-10-27T15:04:10+00:00\" \/>\n<meta property=\"og:image\" content=\"https:\/\/steuerportal.ch\/wp-content\/uploads\/2024\/02\/StR-2-24-lead-1.png\" \/>\n\t<meta property=\"og:image:width\" content=\"1920\" \/>\n\t<meta property=\"og:image:height\" content=\"1440\" \/>\n\t<meta property=\"og:image:type\" content=\"image\/png\" \/>\n<meta name=\"twitter:card\" content=\"summary_large_image\" \/>\n<meta name=\"twitter:label1\" content=\"Dur\u00e9e de lecture estim\u00e9e\" \/>\n\t<meta name=\"twitter:data1\" content=\"5 minutes\" \/>\n<script type=\"application\/ld+json\" class=\"yoast-schema-graph\">{\"@context\":\"https:\\\/\\\/schema.org\",\"@graph\":[{\"@type\":\"WebPage\",\"@id\":\"https:\\\/\\\/steuerportal.ch\\\/fr\\\/publicite\\\/\",\"url\":\"https:\\\/\\\/steuerportal.ch\\\/fr\\\/publicite\\\/\",\"name\":\"Publicit\u00e9 &#8226; steuerportal.ch\",\"isPartOf\":{\"@id\":\"https:\\\/\\\/steuerportal.ch\\\/fr\\\/#website\"},\"primaryImageOfPage\":{\"@id\":\"https:\\\/\\\/steuerportal.ch\\\/fr\\\/publicite\\\/#primaryimage\"},\"image\":{\"@id\":\"https:\\\/\\\/steuerportal.ch\\\/fr\\\/publicite\\\/#primaryimage\"},\"thumbnailUrl\":\"https:\\\/\\\/steuerportal.ch\\\/wp-content\\\/uploads\\\/2024\\\/02\\\/StR-2-24-lead-1-1024x768.png\",\"datePublished\":\"2020-03-03T11:54:56+00:00\",\"dateModified\":\"2025-10-27T15:04:10+00:00\",\"breadcrumb\":{\"@id\":\"https:\\\/\\\/steuerportal.ch\\\/fr\\\/publicite\\\/#breadcrumb\"},\"inLanguage\":\"fr-FR\",\"potentialAction\":[{\"@type\":\"ReadAction\",\"target\":[\"https:\\\/\\\/steuerportal.ch\\\/fr\\\/publicite\\\/\"]}]},{\"@type\":\"ImageObject\",\"inLanguage\":\"fr-FR\",\"@id\":\"https:\\\/\\\/steuerportal.ch\\\/fr\\\/publicite\\\/#primaryimage\",\"url\":\"https:\\\/\\\/steuerportal.ch\\\/wp-content\\\/uploads\\\/2024\\\/02\\\/StR-2-24-lead-1-1024x768.png\",\"contentUrl\":\"https:\\\/\\\/steuerportal.ch\\\/wp-content\\\/uploads\\\/2024\\\/02\\\/StR-2-24-lead-1-1024x768.png\"},{\"@type\":\"BreadcrumbList\",\"@id\":\"https:\\\/\\\/steuerportal.ch\\\/fr\\\/publicite\\\/#breadcrumb\",\"itemListElement\":[{\"@type\":\"ListItem\",\"position\":1,\"name\":\"Page d'accueil\",\"item\":\"https:\\\/\\\/steuerportal.ch\\\/fr\\\/\"},{\"@type\":\"ListItem\",\"position\":2,\"name\":\"Publicit\u00e9\"}]},{\"@type\":\"WebSite\",\"@id\":\"https:\\\/\\\/steuerportal.ch\\\/fr\\\/#website\",\"url\":\"https:\\\/\\\/steuerportal.ch\\\/fr\\\/\",\"name\":\"steuerportal.ch\",\"description\":\"Le portail suisse sp\u00e9cialis\u00e9 dans le domaine des imp\u00f4ts\",\"publisher\":{\"@id\":\"https:\\\/\\\/steuerportal.ch\\\/fr\\\/#organization\"},\"potentialAction\":[{\"@type\":\"SearchAction\",\"target\":{\"@type\":\"EntryPoint\",\"urlTemplate\":\"https:\\\/\\\/steuerportal.ch\\\/fr\\\/?s={search_term_string}\"},\"query-input\":{\"@type\":\"PropertyValueSpecification\",\"valueRequired\":true,\"valueName\":\"search_term_string\"}}],\"inLanguage\":\"fr-FR\"},{\"@type\":\"Organization\",\"@id\":\"https:\\\/\\\/steuerportal.ch\\\/fr\\\/#organization\",\"name\":\"Steuerportal (Cosmos Verlag)\",\"url\":\"https:\\\/\\\/steuerportal.ch\\\/fr\\\/\",\"logo\":{\"@type\":\"ImageObject\",\"inLanguage\":\"fr-FR\",\"@id\":\"https:\\\/\\\/steuerportal.ch\\\/fr\\\/#\\\/schema\\\/logo\\\/image\\\/\",\"url\":\"https:\\\/\\\/steuerportal.ch\\\/wp-content\\\/uploads\\\/2021\\\/06\\\/cosmos_c-strich_h_positiv_bunt.svg\",\"contentUrl\":\"https:\\\/\\\/steuerportal.ch\\\/wp-content\\\/uploads\\\/2021\\\/06\\\/cosmos_c-strich_h_positiv_bunt.svg\",\"width\":191,\"height\":44,\"caption\":\"Steuerportal (Cosmos Verlag)\"},\"image\":{\"@id\":\"https:\\\/\\\/steuerportal.ch\\\/fr\\\/#\\\/schema\\\/logo\\\/image\\\/\"}}]}<\/script>\n<!-- \/ Yoast SEO plugin. -->","yoast_head_json":{"title":"Publicit\u00e9 &#8226; steuerportal.ch","robots":{"index":"index","follow":"follow","max-snippet":"max-snippet:-1","max-image-preview":"max-image-preview:large","max-video-preview":"max-video-preview:-1"},"canonical":"https:\/\/steuerportal.ch\/fr\/publicite\/","og_locale":"fr_FR","og_type":"article","og_title":"Publicit\u00e9 &#8226; steuerportal.ch","og_description":"Publicit&eacute; Si vous souhaitez placer votre publicit&eacute; l&agrave; o&ugrave; elle fera le plus d&rsquo;effet, vous pouvons vous aider. Gr&acirc;ce &agrave; notre plateforme et notre r&eacute;seau, vous communiquez vos annonces de fa&ccedil;on remarquable. Options Votre publicit&eacute; peut &ecirc;tre aussi bien imprim&eacute;e que mise en ligne sur internet. Vous pouvez aussi opter pour une combinaison des deux! Aper&ccedil;u du contenu Publicit&eacute; imprim&eacute;ePublicit&eacute;&hellip;","og_url":"https:\/\/steuerportal.ch\/fr\/publicite\/","og_site_name":"steuerportal.ch","article_modified_time":"2025-10-27T15:04:10+00:00","og_image":[{"width":1920,"height":1440,"url":"https:\/\/steuerportal.ch\/wp-content\/uploads\/2024\/02\/StR-2-24-lead-1.png","type":"image\/png"}],"twitter_card":"summary_large_image","twitter_misc":{"Dur\u00e9e de lecture estim\u00e9e":"5 minutes"},"schema":{"@context":"https:\/\/schema.org","@graph":[{"@type":"WebPage","@id":"https:\/\/steuerportal.ch\/fr\/publicite\/","url":"https:\/\/steuerportal.ch\/fr\/publicite\/","name":"Publicit\u00e9 &#8226; steuerportal.ch","isPartOf":{"@id":"https:\/\/steuerportal.ch\/fr\/#website"},"primaryImageOfPage":{"@id":"https:\/\/steuerportal.ch\/fr\/publicite\/#primaryimage"},"image":{"@id":"https:\/\/steuerportal.ch\/fr\/publicite\/#primaryimage"},"thumbnailUrl":"https:\/\/steuerportal.ch\/wp-content\/uploads\/2024\/02\/StR-2-24-lead-1-1024x768.png","datePublished":"2020-03-03T11:54:56+00:00","dateModified":"2025-10-27T15:04:10+00:00","breadcrumb":{"@id":"https:\/\/steuerportal.ch\/fr\/publicite\/#breadcrumb"},"inLanguage":"fr-FR","potentialAction":[{"@type":"ReadAction","target":["https:\/\/steuerportal.ch\/fr\/publicite\/"]}]},{"@type":"ImageObject","inLanguage":"fr-FR","@id":"https:\/\/steuerportal.ch\/fr\/publicite\/#primaryimage","url":"https:\/\/steuerportal.ch\/wp-content\/uploads\/2024\/02\/StR-2-24-lead-1-1024x768.png","contentUrl":"https:\/\/steuerportal.ch\/wp-content\/uploads\/2024\/02\/StR-2-24-lead-1-1024x768.png"},{"@type":"BreadcrumbList","@id":"https:\/\/steuerportal.ch\/fr\/publicite\/#breadcrumb","itemListElement":[{"@type":"ListItem","position":1,"name":"Page d'accueil","item":"https:\/\/steuerportal.ch\/fr\/"},{"@type":"ListItem","position":2,"name":"Publicit\u00e9"}]},{"@type":"WebSite","@id":"https:\/\/steuerportal.ch\/fr\/#website","url":"https:\/\/steuerportal.ch\/fr\/","name":"steuerportal.ch","description":"Le portail suisse sp\u00e9cialis\u00e9 dans le domaine des imp\u00f4ts","publisher":{"@id":"https:\/\/steuerportal.ch\/fr\/#organization"},"potentialAction":[{"@type":"SearchAction","target":{"@type":"EntryPoint","urlTemplate":"https:\/\/steuerportal.ch\/fr\/?s={search_term_string}"},"query-input":{"@type":"PropertyValueSpecification","valueRequired":true,"valueName":"search_term_string"}}],"inLanguage":"fr-FR"},{"@type":"Organization","@id":"https:\/\/steuerportal.ch\/fr\/#organization","name":"Steuerportal (Cosmos Verlag)","url":"https:\/\/steuerportal.ch\/fr\/","logo":{"@type":"ImageObject","inLanguage":"fr-FR","@id":"https:\/\/steuerportal.ch\/fr\/#\/schema\/logo\/image\/","url":"https:\/\/steuerportal.ch\/wp-content\/uploads\/2021\/06\/cosmos_c-strich_h_positiv_bunt.svg","contentUrl":"https:\/\/steuerportal.ch\/wp-content\/uploads\/2021\/06\/cosmos_c-strich_h_positiv_bunt.svg","width":191,"height":44,"caption":"Steuerportal (Cosmos Verlag)"},"image":{"@id":"https:\/\/steuerportal.ch\/fr\/#\/schema\/logo\/image\/"}}]}},"_links":{"self":[{"href":"https:\/\/steuerportal.ch\/fr\/wp-json\/wp\/v2\/pages\/7010","targetHints":{"allow":["GET"]}}],"collection":[{"href":"https:\/\/steuerportal.ch\/fr\/wp-json\/wp\/v2\/pages"}],"about":[{"href":"https:\/\/steuerportal.ch\/fr\/wp-json\/wp\/v2\/types\/page"}],"author":[{"embeddable":true,"href":"https:\/\/steuerportal.ch\/fr\/wp-json\/wp\/v2\/users\/3"}],"replies":[{"embeddable":true,"href":"https:\/\/steuerportal.ch\/fr\/wp-json\/wp\/v2\/comments?post=7010"}],"version-history":[{"count":33,"href":"https:\/\/steuerportal.ch\/fr\/wp-json\/wp\/v2\/pages\/7010\/revisions"}],"predecessor-version":[{"id":27407,"href":"https:\/\/steuerportal.ch\/fr\/wp-json\/wp\/v2\/pages\/7010\/revisions\/27407"}],"wp:attachment":[{"href":"https:\/\/steuerportal.ch\/fr\/wp-json\/wp\/v2\/media?parent=7010"}],"curies":[{"name":"wp","href":"https:\/\/api.w.org\/{rel}","templated":true}]}}