{"id":7004,"date":"2019-10-17T14:33:57","date_gmt":"2019-10-17T12:33:57","guid":{"rendered":"https:\/\/steuerportal.ch\/kontakt\/"},"modified":"2025-06-03T18:27:08","modified_gmt":"2025-06-03T16:27:08","slug":"contact","status":"publish","type":"page","link":"https:\/\/steuerportal.ch\/fr\/contact\/","title":{"rendered":"Contact"},"content":{"rendered":"<h1 class=\"wp-block-heading\" id=\"haben-sie-fragen-oder-eine-mitteilung\">Contact<\/h1><p>Avez-vous des questions ou un message &agrave; nous transmettre? <\/p><h2 class=\"wp-block-heading\" id=\"haben-sie-fragen-oder-eine-mitteilung:ihr-genereller-kontakt-zu-uns\">Service &agrave; la client&egrave;le<\/h2><p>info[at]steuerportal.ch <br>T&eacute;l. 031 950 64 64<\/p><ul class=\"wp-block-list\">\n<li><a href=\"https:\/\/steuerportal.ch\/fr\/info\/\" target=\"_blank\" rel=\"noreferrer noopener\">Informations pour les abonn&eacute;(e)s<\/a> (Info\/FAQ)<\/li>\n\n\n\n<li><a href=\"https:\/\/steuerportal.ch\/fr\/publicite\/\" target=\"_blank\" rel=\"noreferrer noopener\">Informations pour les annonceurs<\/a> (publicit&eacute;)<\/li>\n\n\n\n<li><a href=\"https:\/\/steuerportal.ch\/fr\/publikationsrichtlinien\/\">Informations pour les auteurs<\/a> (directives de publication)<\/li>\n<\/ul><p>Veuillez nous faire part de votre demande:<\/p><p>(seuls les utilisateurs connect&eacute;s verront ici un formulaire de contact)<\/p><p class=\"is-style-small\" id=\"haben-sie-fragen-oder-eine-mitteilung:ihr-genereller-kontakt-zu-uns\">Nous n&rsquo;utilisons les donn&eacute;es que vous nous transmettez ici que dans le cadre concret de votre demande. Pour savoir comment nous utilisons et prot&eacute;geons vos donn&eacute;es, veuillez consulter notre d&eacute;claration <a href=\"https:\/\/steuerportal.ch\/fr\/juridique\/\" target=\"_blank\" rel=\"noreferrer noopener\">de protection des donn&eacute;es<\/a>.<\/p><h2 class=\"wp-block-heading\" id=\"haben-sie-fragen-oder-eine-mitteilung:ihr-genereller-kontakt-zu-uns\">Maison d&rsquo;&eacute;dition<\/h2><p>Cosmos Verlag AG<br>Kr&auml;yigenweg 2<br>CH-3074 Muri-Bern<br><a rel=\"noreferrer noopener\" href=\"http:\/\/www.cosmosverlag.ch\/\" target=\"_blank\">www.cosmosverlag.ch<\/a>  <br><\/p><p><a href=\"https:\/\/steuerportal.ch\/fr\/mentions-legales\/\">Mentions l&eacute;gales<\/a><\/p><h2 class=\"wp-block-heading\" id=\"block-adeba97b-12e6-49c0-a528-783d9ba083f8\">Social Media<\/h2><p>Vous pouvez &eacute;galement nous trouver ici:<\/p><ul class=\"wp-block-list\">\n<li><a href=\"https:\/\/www.linkedin.com\/showcase\/steuerportal\" target=\"_blank\" rel=\"noreferrer noopener\">LinkedIn<\/a><\/li>\n<\/ul><p>Nous nous r&eacute;jouissons de pouvoir &eacute;changer avec vous!<\/p><h2 class=\"wp-block-heading\" id=\"Newsletter\">Newsletter<\/h2><div class=\"wp-block-group has-gray-xlight-background-color has-background is-layout-constrained wp-container-core-group-is-layout-c385debf wp-block-group-is-layout-constrained\" style=\"padding-top:var(--wp--preset--spacing--20);padding-right:var(--wp--preset--spacing--20);padding-bottom:var(--wp--preset--spacing--20);padding-left:var(--wp--preset--spacing--20)\">\n<p>Une &agrave; deux fois par mois, nous vous informons des d&eacute;veloppements importants dans notre newsletter r&eacute;dactionnelle gratuite.<\/p>\n\n\n<script type=\"text\/javascript\">\n\/* <![CDATA[ *\/\nvar gform;gform||(document.addEventListener(\"gform_main_scripts_loaded\",function(){gform.scriptsLoaded=!0}),document.addEventListener(\"gform\/theme\/scripts_loaded\",function(){gform.themeScriptsLoaded=!0}),window.addEventListener(\"DOMContentLoaded\",function(){gform.domLoaded=!0}),gform={domLoaded:!1,scriptsLoaded:!1,themeScriptsLoaded:!1,isFormEditor:()=>\"function\"==typeof InitializeEditor,callIfLoaded:function(o){return!(!gform.domLoaded||!gform.scriptsLoaded||!gform.themeScriptsLoaded&&!gform.isFormEditor()||(gform.isFormEditor()&&console.warn(\"The use of gform.initializeOnLoaded() is deprecated in the form editor context and will be removed in Gravity Forms 3.1.\"),o(),0))},initializeOnLoaded:function(o){gform.callIfLoaded(o)||(document.addEventListener(\"gform_main_scripts_loaded\",()=>{gform.scriptsLoaded=!0,gform.callIfLoaded(o)}),document.addEventListener(\"gform\/theme\/scripts_loaded\",()=>{gform.themeScriptsLoaded=!0,gform.callIfLoaded(o)}),window.addEventListener(\"DOMContentLoaded\",()=>{gform.domLoaded=!0,gform.callIfLoaded(o)}))},hooks:{action:{},filter:{}},addAction:function(o,r,e,t){gform.addHook(\"action\",o,r,e,t)},addFilter:function(o,r,e,t){gform.addHook(\"filter\",o,r,e,t)},doAction:function(o){gform.doHook(\"action\",o,arguments)},applyFilters:function(o){return gform.doHook(\"filter\",o,arguments)},removeAction:function(o,r){gform.removeHook(\"action\",o,r)},removeFilter:function(o,r,e){gform.removeHook(\"filter\",o,r,e)},addHook:function(o,r,e,t,n){null==gform.hooks[o][r]&&(gform.hooks[o][r]=[]);var d=gform.hooks[o][r];null==n&&(n=r+\"_\"+d.length),gform.hooks[o][r].push({tag:n,callable:e,priority:t=null==t?10:t})},doHook:function(r,o,e){var t;if(e=Array.prototype.slice.call(e,1),null!=gform.hooks[r][o]&&((o=gform.hooks[r][o]).sort(function(o,r){return o.priority-r.priority}),o.forEach(function(o){\"function\"!=typeof(t=o.callable)&&(t=window[t]),\"action\"==r?t.apply(null,e):e[0]=t.apply(null,e)})),\"filter\"==r)return e[0]},removeHook:function(o,r,t,n){var e;null!=gform.hooks[o][r]&&(e=(e=gform.hooks[o][r]).filter(function(o,r,e){return!!(null!=n&&n!=o.tag||null!=t&&t!=o.priority)}),gform.hooks[o][r]=e)}});\n\/* ]]> *\/\n<\/script>\n\n                <div class=\"gf_browser_gecko gform_wrapper gform_legacy_markup_wrapper gform-theme--no-framework\" data-form-theme=\"legacy\" data-form-index=\"0\" id=\"gform_wrapper_36\" style=\"display:none\"><form method=\"post\" enctype=\"multipart\/form-data\" id=\"gform_36\" action=\"\/fr\/wp-json\/wp\/v2\/pages\/7004\" data-formid=\"36\" novalidate>\n                        <div class=\"gform-body gform_body\"><ul id=\"gform_fields_36\" class=\"gform_fields top_label form_sublabel_below description_below validation_below\"><li id=\"field_36_7\" class=\"gfield gfield--type-honeypot gform_validation_container field_sublabel_below gfield--has-description field_description_below field_validation_below gfield_visibility_visible\"><label class=\"gfield_label gform-field-label\" for=\"input_36_7\">Email<\/label><div class=\"ginput_container\"><input name=\"input_7\" id=\"input_36_7\" type=\"text\" value=\"\" autocomplete=\"new-password\"><\/div><div class=\"gfield_description\" id=\"gfield_description_36_7\">Ce champ n&rsquo;est utilis&eacute; qu&rsquo;&agrave; des fins de validation et devrait rester inchang&eacute;.<\/div><\/li><li id=\"field_36_1\" class=\"gfield gfield--type-text gfield--input-type-text field_sublabel_below gfield--no-description field_description_below field_validation_below gfield_visibility_visible\"><label class=\"gfield_label gform-field-label\" for=\"input_36_1\">Votre nom<\/label><div class=\"ginput_container ginput_container_text\"><input name=\"input_1\" id=\"input_36_1\" type=\"text\" value=\"\" class=\"large\" aria-invalid=\"false\"><\/div><\/li><li id=\"field_36_2\" class=\"gfield gfield--type-email gfield--input-type-email gfield_contains_required field_sublabel_below gfield--no-description field_description_below field_validation_below gfield_visibility_visible\"><label class=\"gfield_label gform-field-label\" for=\"input_36_2\">Votre adresse e-mail<span class=\"gfield_required\"><span class=\"gfield_required gfield_required_asterisk\">*<\/span><\/span><\/label><div class=\"ginput_container ginput_container_email\">\n                            <input name=\"input_2\" id=\"input_36_2\" type=\"email\" value=\"\" class=\"large\" aria-required=\"true\" aria-invalid=\"false\">\n                        <\/div><\/li><li id=\"field_36_6\" class=\"gfield gfield--type-hidden gfield--input-type-hidden gfield--width-full gform_hidden field_sublabel_below gfield--no-description field_description_below field_validation_below gfield_visibility_visible\"><div class=\"ginput_container ginput_container_text\"><input name=\"input_6\" id=\"input_36_6\" type=\"hidden\" class=\"gform_hidden\" aria-invalid=\"false\" value=\"https:\/\/steuerportal.ch\/fr\/wp-json\/wp\/v2\/pages\/7004\"><\/div><\/li><\/ul><\/div>\n        <div class=\"gform-footer gform_footer top_label\"> <input type=\"submit\" id=\"gform_submit_button_36\" class=\"gform_button button\" onclick=\"gform.submission.handleButtonClick(this);\" data-submission-type=\"submit\" value=\"Soumettre\"> \n            <input type=\"hidden\" class=\"gform_hidden\" name=\"gform_submission_method\" data-js=\"gform_submission_method_36\" value=\"postback\">\n            <input type=\"hidden\" class=\"gform_hidden\" name=\"gform_theme\" data-js=\"gform_theme_36\" id=\"gform_theme_36\" value=\"legacy\">\n            <input type=\"hidden\" class=\"gform_hidden\" name=\"gform_style_settings\" data-js=\"gform_style_settings_36\" id=\"gform_style_settings_36\" value='{\"inputPrimaryColor\":\"#204ce5\"}'>\n            <input type=\"hidden\" class=\"gform_hidden\" name=\"is_submit_36\" value=\"1\">\n            <input type=\"hidden\" class=\"gform_hidden\" name=\"gform_submit\" value=\"36\">\n            \n            <input type=\"hidden\" class=\"gform_hidden\" name=\"gform_currency\" data-currency=\"CHF\" value=\"Si9Vk17txzQjurTOqxyNp3rv1PJv0ajpBzyjERGEkWip7Sf6ylqlJ+I6+okqXpmfz80IOF1wGRFxtFDHAo8f+P0va9UdZuxO5\/8QtV\/rv7KGMhI=\">\n            <input type=\"hidden\" class=\"gform_hidden\" name=\"gform_unique_id\" value=\"\">\n            <input type=\"hidden\" class=\"gform_hidden\" name=\"state_36\" value=\"WyJbXSIsImU5NmExZTE3YzQxZmRjZTU4OWFhMDNjYTdkMjQ3MWIxIl0=\">\n            <input type=\"hidden\" autocomplete=\"off\" class=\"gform_hidden\" name=\"gform_target_page_number_36\" id=\"gform_target_page_number_36\" value=\"0\">\n            <input type=\"hidden\" autocomplete=\"off\" class=\"gform_hidden\" name=\"gform_source_page_number_36\" id=\"gform_source_page_number_36\" value=\"1\">\n            <input type=\"hidden\" name=\"gform_field_values\" value=\"\">\n            \n        <\/div>\n                        <\/form>\n                        <\/div><script type=\"text\/javascript\">\n\/* <![CDATA[ *\/\n gform.initializeOnLoaded( function() {gformInitSpinner( 36, 'data:image\/gif;base64,R0lGODlhAQABAIAAAAAAAP\/\/\/yH5BAEAAAAALAAAAAABAAEAAAIBRAA7', true );jQuery('#gform_ajax_frame_36').on('load',function(){var contents = jQuery(this).contents().find('*').html();var is_postback = contents.indexOf('GF_AJAX_POSTBACK') >= 0;if(!is_postback){return;}var form_content = jQuery(this).contents().find('#gform_wrapper_36');var is_confirmation = jQuery(this).contents().find('#gform_confirmation_wrapper_36').length > 0;var is_redirect = contents.indexOf('gformRedirect(){') >= 0;var is_form = form_content.length > 0 && ! is_redirect && ! is_confirmation;var mt = parseInt(jQuery('html').css('margin-top'), 10) + parseInt(jQuery('body').css('margin-top'), 10) + 100;if(is_form){form_content.find('form').css('opacity', 0);jQuery('#gform_wrapper_36').html(form_content.html());if(form_content.hasClass('gform_validation_error')){jQuery('#gform_wrapper_36').addClass('gform_validation_error');} else {jQuery('#gform_wrapper_36').removeClass('gform_validation_error');}setTimeout( function() { \/* delay the scroll by 50 milliseconds to fix a bug in chrome *\/  }, 50 );if(window['gformInitDatepicker']) {gformInitDatepicker();}if(window['gformInitPriceFields']) {gformInitPriceFields();}var current_page = jQuery('#gform_source_page_number_36').val();gformInitSpinner( 36, 'data:image\/gif;base64,R0lGODlhAQABAIAAAAAAAP\/\/\/yH5BAEAAAAALAAAAAABAAEAAAIBRAA7', true );jQuery(document).trigger('gform_page_loaded', [36, current_page]);window['gf_submitting_36'] = false;}else if(!is_redirect){var confirmation_content = jQuery(this).contents().find('.GF_AJAX_POSTBACK').html();if(!confirmation_content){confirmation_content = contents;}jQuery('#gform_wrapper_36').replaceWith(confirmation_content);jQuery(document).trigger('gform_confirmation_loaded', [36]);window['gf_submitting_36'] = false;wp.a11y.speak(jQuery('#gform_confirmation_message_36').text());}else{jQuery('#gform_36').append(contents);if(window['gformRedirect']) {gformRedirect();}}jQuery(document).trigger(\"gform_pre_post_render\", [{ formId: \"36\", currentPage: \"current_page\", abort: function() { this.preventDefault(); } }]);        if (event && event.defaultPrevented) {                return;        }        const gformWrapperDiv = document.getElementById( \"gform_wrapper_36\" );        if ( gformWrapperDiv ) {            const visibilitySpan = document.createElement( \"span\" );            visibilitySpan.id = \"gform_visibility_test_36\";            gformWrapperDiv.insertAdjacentElement( \"afterend\", visibilitySpan );        }        const visibilityTestDiv = document.getElementById( \"gform_visibility_test_36\" );        let postRenderFired = false;        function triggerPostRender() {            if ( postRenderFired ) {                return;            }            postRenderFired = true;            gform.core.triggerPostRenderEvents( 36, current_page );            if ( visibilityTestDiv ) {                visibilityTestDiv.parentNode.removeChild( visibilityTestDiv );            }        }        function debounce( func, wait, immediate ) {            var timeout;            return function() {                var context = this, args = arguments;                var later = function() {                    timeout = null;                    if ( !immediate ) func.apply( context, args );                };                var callNow = immediate && !timeout;                clearTimeout( timeout );                timeout = setTimeout( later, wait );                if ( callNow ) func.apply( context, args );            };        }        const debouncedTriggerPostRender = debounce( function() {            triggerPostRender();        }, 200 );        if ( visibilityTestDiv && visibilityTestDiv.offsetParent === null ) {            const observer = new MutationObserver( ( mutations ) => {                mutations.forEach( ( mutation ) => {                    if ( mutation.type === 'attributes' && visibilityTestDiv.offsetParent !== null ) {                        debouncedTriggerPostRender();                        observer.disconnect();                    }                });            });            observer.observe( document.body, {                attributes: true,                childList: false,                subtree: true,                attributeFilter: [ 'style', 'class' ],            });        } else {            triggerPostRender();        }    } );} ); \n\/* ]]> *\/\n<\/script>\n\n\n\n<p class=\"is-style-small\">Pour votre s&eacute;curit&eacute;, vous recevrez un message de confirmation &agrave; votre adresse e-mail apr&egrave;s votre inscription. Nous &eacute;valuons le taux d&rsquo;ouverture et les liens cliqu&eacute;s &agrave; des fins d&rsquo;optimisation.&nbsp;Pour plus d&rsquo;informations, veuillez consulter notre d&eacute;claration <a href=\"https:\/\/steuerportal.ch\/fr\/juridique\/\" target=\"_blank\" rel=\"noreferrer noopener\">de protection des donn&eacute;es<\/a>. <strong>Par ailleurs, vous pouvez vous d&eacute;sinscrire &agrave; tout moment et en toute simplicit&eacute;.<\/strong> <strong>Vous trouverez un lien de d&eacute;sinscription dans chaque &eacute;dition de la newsletter.<\/strong><\/p>\n<\/div><h2 class=\"wp-block-heading\" id=\"block-68f7240c-4f7e-46ff-a3b2-da58b6d5bebd\">&Agrave; propos du portail<\/h2><p>Depuis 2011, vous pouvez trouver des informations et des services sp&eacute;cialis&eacute;s sur le th&egrave;me du droit fiscal sur notre portail fiscal. La plateforme en ligne publi&eacute;e par Cosmos comprend des revues sp&eacute;cialis&eacute;es, des nouvelles, des r&eacute;sum&eacute;s, un aper&ccedil;u des &eacute;v&eacute;nements pertinents et plus encore.<\/p><p>Les &eacute;ditions Cosmos &mdash; une maison d&rsquo;&eacute;dition bernoise active depuis 1923 &mdash; se concentrent sur les th&egrave;mes de la fiscalit&eacute;, du droit et de l&rsquo;&eacute;conomie.<\/p>\n","protected":false},"excerpt":{"rendered":"<p>Contact Avez-vous des questions ou un message &agrave; nous transmettre? Service &agrave; la client&egrave;le info[at]steuerportal.ch T&eacute;l. 031 950 64 64 Veuillez nous faire part de votre demande: Nous n&rsquo;utilisons les donn&eacute;es que vous nous transmettez ici que dans le cadre concret de votre demande. Pour savoir comment nous utilisons et prot&eacute;geons vos donn&eacute;es, veuillez consulter notre d&eacute;claration de protection des donn&eacute;es. Maison&hellip;<\/p>\n","protected":false},"author":1,"featured_media":0,"parent":0,"menu_order":37,"comment_status":"closed","ping_status":"closed","template":"","meta":{"_acf_changed":false,"footnotes":""},"class_list":["post-7004","page","type-page","status-publish","hentry"],"acf":[],"yoast_head":"<!-- This site is optimized with the Yoast SEO plugin v27.6 - https:\/\/yoast.com\/product\/yoast-seo-wordpress\/ -->\n<title>Contact &#8226; steuerportal.ch<\/title>\n<meta name=\"robots\" content=\"index, follow, max-snippet:-1, max-image-preview:large, max-video-preview:-1\" \/>\n<link rel=\"canonical\" href=\"https:\/\/steuerportal.ch\/fr\/contact\/\" \/>\n<meta property=\"og:locale\" content=\"fr_FR\" \/>\n<meta property=\"og:type\" content=\"article\" \/>\n<meta property=\"og:title\" content=\"Contact &#8226; steuerportal.ch\" \/>\n<meta property=\"og:description\" content=\"Contact Avez-vous des questions ou un message &agrave; nous transmettre? Service &agrave; la client&egrave;le info[at]steuerportal.ch T&eacute;l. 031 950 64 64 Veuillez nous faire part de votre demande: Nous n&rsquo;utilisons les donn&eacute;es que vous nous transmettez ici que dans le cadre concret de votre demande. Pour savoir comment nous utilisons et prot&eacute;geons vos donn&eacute;es, veuillez consulter notre d&eacute;claration de protection des donn&eacute;es. Maison&hellip;\" \/>\n<meta property=\"og:url\" content=\"https:\/\/steuerportal.ch\/fr\/contact\/\" \/>\n<meta property=\"og:site_name\" content=\"steuerportal.ch\" \/>\n<meta property=\"article:modified_time\" content=\"2025-06-03T16:27:08+00:00\" \/>\n<meta name=\"twitter:card\" content=\"summary_large_image\" \/>\n<meta name=\"twitter:label1\" content=\"Dur\u00e9e de lecture estim\u00e9e\" \/>\n\t<meta name=\"twitter:data1\" content=\"2 minutes\" \/>\n<script type=\"application\/ld+json\" class=\"yoast-schema-graph\">{\"@context\":\"https:\\\/\\\/schema.org\",\"@graph\":[{\"@type\":\"WebPage\",\"@id\":\"https:\\\/\\\/steuerportal.ch\\\/fr\\\/contact\\\/\",\"url\":\"https:\\\/\\\/steuerportal.ch\\\/fr\\\/contact\\\/\",\"name\":\"Contact &#8226; steuerportal.ch\",\"isPartOf\":{\"@id\":\"https:\\\/\\\/steuerportal.ch\\\/fr\\\/#website\"},\"datePublished\":\"2019-10-17T12:33:57+00:00\",\"dateModified\":\"2025-06-03T16:27:08+00:00\",\"breadcrumb\":{\"@id\":\"https:\\\/\\\/steuerportal.ch\\\/fr\\\/contact\\\/#breadcrumb\"},\"inLanguage\":\"fr-FR\",\"potentialAction\":[{\"@type\":\"ReadAction\",\"target\":[\"https:\\\/\\\/steuerportal.ch\\\/fr\\\/contact\\\/\"]}]},{\"@type\":\"BreadcrumbList\",\"@id\":\"https:\\\/\\\/steuerportal.ch\\\/fr\\\/contact\\\/#breadcrumb\",\"itemListElement\":[{\"@type\":\"ListItem\",\"position\":1,\"name\":\"Page d'accueil\",\"item\":\"https:\\\/\\\/steuerportal.ch\\\/fr\\\/\"},{\"@type\":\"ListItem\",\"position\":2,\"name\":\"Contact\"}]},{\"@type\":\"WebSite\",\"@id\":\"https:\\\/\\\/steuerportal.ch\\\/fr\\\/#website\",\"url\":\"https:\\\/\\\/steuerportal.ch\\\/fr\\\/\",\"name\":\"steuerportal.ch\",\"description\":\"Le portail suisse sp\u00e9cialis\u00e9 dans le domaine des imp\u00f4ts\",\"publisher\":{\"@id\":\"https:\\\/\\\/steuerportal.ch\\\/fr\\\/#organization\"},\"potentialAction\":[{\"@type\":\"SearchAction\",\"target\":{\"@type\":\"EntryPoint\",\"urlTemplate\":\"https:\\\/\\\/steuerportal.ch\\\/fr\\\/?s={search_term_string}\"},\"query-input\":{\"@type\":\"PropertyValueSpecification\",\"valueRequired\":true,\"valueName\":\"search_term_string\"}}],\"inLanguage\":\"fr-FR\"},{\"@type\":\"Organization\",\"@id\":\"https:\\\/\\\/steuerportal.ch\\\/fr\\\/#organization\",\"name\":\"Steuerportal (Cosmos Verlag)\",\"url\":\"https:\\\/\\\/steuerportal.ch\\\/fr\\\/\",\"logo\":{\"@type\":\"ImageObject\",\"inLanguage\":\"fr-FR\",\"@id\":\"https:\\\/\\\/steuerportal.ch\\\/fr\\\/#\\\/schema\\\/logo\\\/image\\\/\",\"url\":\"https:\\\/\\\/steuerportal.ch\\\/wp-content\\\/uploads\\\/2021\\\/06\\\/cosmos_c-strich_h_positiv_bunt.svg\",\"contentUrl\":\"https:\\\/\\\/steuerportal.ch\\\/wp-content\\\/uploads\\\/2021\\\/06\\\/cosmos_c-strich_h_positiv_bunt.svg\",\"width\":191,\"height\":44,\"caption\":\"Steuerportal (Cosmos Verlag)\"},\"image\":{\"@id\":\"https:\\\/\\\/steuerportal.ch\\\/fr\\\/#\\\/schema\\\/logo\\\/image\\\/\"}}]}<\/script>\n<!-- \/ Yoast SEO plugin. -->","yoast_head_json":{"title":"Contact &#8226; steuerportal.ch","robots":{"index":"index","follow":"follow","max-snippet":"max-snippet:-1","max-image-preview":"max-image-preview:large","max-video-preview":"max-video-preview:-1"},"canonical":"https:\/\/steuerportal.ch\/fr\/contact\/","og_locale":"fr_FR","og_type":"article","og_title":"Contact &#8226; steuerportal.ch","og_description":"Contact Avez-vous des questions ou un message &agrave; nous transmettre? Service &agrave; la client&egrave;le info[at]steuerportal.ch T&eacute;l. 031 950 64 64 Veuillez nous faire part de votre demande: Nous n&rsquo;utilisons les donn&eacute;es que vous nous transmettez ici que dans le cadre concret de votre demande. Pour savoir comment nous utilisons et prot&eacute;geons vos donn&eacute;es, veuillez consulter notre d&eacute;claration de protection des donn&eacute;es. Maison&hellip;","og_url":"https:\/\/steuerportal.ch\/fr\/contact\/","og_site_name":"steuerportal.ch","article_modified_time":"2025-06-03T16:27:08+00:00","twitter_card":"summary_large_image","twitter_misc":{"Dur\u00e9e de lecture estim\u00e9e":"2 minutes"},"schema":{"@context":"https:\/\/schema.org","@graph":[{"@type":"WebPage","@id":"https:\/\/steuerportal.ch\/fr\/contact\/","url":"https:\/\/steuerportal.ch\/fr\/contact\/","name":"Contact &#8226; steuerportal.ch","isPartOf":{"@id":"https:\/\/steuerportal.ch\/fr\/#website"},"datePublished":"2019-10-17T12:33:57+00:00","dateModified":"2025-06-03T16:27:08+00:00","breadcrumb":{"@id":"https:\/\/steuerportal.ch\/fr\/contact\/#breadcrumb"},"inLanguage":"fr-FR","potentialAction":[{"@type":"ReadAction","target":["https:\/\/steuerportal.ch\/fr\/contact\/"]}]},{"@type":"BreadcrumbList","@id":"https:\/\/steuerportal.ch\/fr\/contact\/#breadcrumb","itemListElement":[{"@type":"ListItem","position":1,"name":"Page d'accueil","item":"https:\/\/steuerportal.ch\/fr\/"},{"@type":"ListItem","position":2,"name":"Contact"}]},{"@type":"WebSite","@id":"https:\/\/steuerportal.ch\/fr\/#website","url":"https:\/\/steuerportal.ch\/fr\/","name":"steuerportal.ch","description":"Le portail suisse sp\u00e9cialis\u00e9 dans le domaine des imp\u00f4ts","publisher":{"@id":"https:\/\/steuerportal.ch\/fr\/#organization"},"potentialAction":[{"@type":"SearchAction","target":{"@type":"EntryPoint","urlTemplate":"https:\/\/steuerportal.ch\/fr\/?s={search_term_string}"},"query-input":{"@type":"PropertyValueSpecification","valueRequired":true,"valueName":"search_term_string"}}],"inLanguage":"fr-FR"},{"@type":"Organization","@id":"https:\/\/steuerportal.ch\/fr\/#organization","name":"Steuerportal (Cosmos Verlag)","url":"https:\/\/steuerportal.ch\/fr\/","logo":{"@type":"ImageObject","inLanguage":"fr-FR","@id":"https:\/\/steuerportal.ch\/fr\/#\/schema\/logo\/image\/","url":"https:\/\/steuerportal.ch\/wp-content\/uploads\/2021\/06\/cosmos_c-strich_h_positiv_bunt.svg","contentUrl":"https:\/\/steuerportal.ch\/wp-content\/uploads\/2021\/06\/cosmos_c-strich_h_positiv_bunt.svg","width":191,"height":44,"caption":"Steuerportal (Cosmos Verlag)"},"image":{"@id":"https:\/\/steuerportal.ch\/fr\/#\/schema\/logo\/image\/"}}]}},"_links":{"self":[{"href":"https:\/\/steuerportal.ch\/fr\/wp-json\/wp\/v2\/pages\/7004","targetHints":{"allow":["GET"]}}],"collection":[{"href":"https:\/\/steuerportal.ch\/fr\/wp-json\/wp\/v2\/pages"}],"about":[{"href":"https:\/\/steuerportal.ch\/fr\/wp-json\/wp\/v2\/types\/page"}],"author":[{"embeddable":true,"href":"https:\/\/steuerportal.ch\/fr\/wp-json\/wp\/v2\/users\/1"}],"replies":[{"embeddable":true,"href":"https:\/\/steuerportal.ch\/fr\/wp-json\/wp\/v2\/comments?post=7004"}],"version-history":[{"count":18,"href":"https:\/\/steuerportal.ch\/fr\/wp-json\/wp\/v2\/pages\/7004\/revisions"}],"predecessor-version":[{"id":26029,"href":"https:\/\/steuerportal.ch\/fr\/wp-json\/wp\/v2\/pages\/7004\/revisions\/26029"}],"wp:attachment":[{"href":"https:\/\/steuerportal.ch\/fr\/wp-json\/wp\/v2\/media?parent=7004"}],"curies":[{"name":"wp","href":"https:\/\/api.w.org\/{rel}","templated":true}]}}