{"id":6993,"date":"2019-10-27T13:25:05","date_gmt":"2019-10-27T12:25:05","guid":{"rendered":"https:\/\/steuerportal.ch\/formations\/fuer-anbieter\/"},"modified":"2022-02-01T14:52:22","modified_gmt":"2022-02-01T13:52:22","slug":"pour-prestataires","status":"publish","type":"page","link":"https:\/\/steuerportal.ch\/fr\/formations\/pour-prestataires\/","title":{"rendered":"Pour prestataires"},"content":{"rendered":"<div class=\"members-access-error\">\n<h1 id=\"block-df1f7b0b-b746-4fb2-b48c-79126844f828\" class=\"block-editor-rich-text__editable block-editor-block-list__block wp-block is-selected rich-text\" role=\"group\" aria-label=\"Block: \u00dcberschrift\" data-block=\"df1f7b0b-b746-4fb2-b48c-79126844f828\" data-type=\"core\/heading\" data-title=\"\u00dcberschrift\">Pour prestataires<\/h1>\n<p>Cette page est uniquement disponible pour les organisateurs inscrits.<\/p>\n<p>Si vous souhaitez inscrire un ou plusieurs \u00e9v\u00e9nements dans le calendrier ou si vous souhaitez cr\u00e9er un profil, veuillez nous contacter sans engagement par e-mail ou nous appeler: <a href=\"https:\/\/steuerportal.ch\/fr\/contact\/\">Votre contact avec nous<\/a>.<\/p>\n<p>Vous trouverez de plus amples informations (prix et services) sur notre page d&rsquo;information <a href=\"https:\/\/steuerportal.ch\/fr\/publicite\/\">Publicit\u00e9<\/a>.<\/p>\n<p>Si vous disposez d\u00e9j\u00e0 d&rsquo;un compte d&rsquo;organisateur correspondant, veuillez vous connecter et revenir ensuite \u00e0 cette page.<\/p>\n<\/div>\n","protected":false},"excerpt":{"rendered":"<div class=\"members-access-error\">\n<h1 id=\"block-df1f7b0b-b746-4fb2-b48c-79126844f828\" class=\"block-editor-rich-text__editable block-editor-block-list__block wp-block is-selected rich-text\" role=\"group\" aria-label=\"Block: \u00dcberschrift\" data-block=\"df1f7b0b-b746-4fb2-b48c-79126844f828\" data-type=\"core\/heading\" data-title=\"\u00dcberschrift\">Pour prestataires<\/h1>\n<p>Cette page est uniquement disponible pour les organisateurs inscrits.<\/p>\n<p>Si vous souhaitez inscrire un ou plusieurs \u00e9v\u00e9nements dans le calendrier ou si vous souhaitez cr\u00e9er un profil, veuillez nous contacter sans engagement par e-mail ou nous appeler: <a href=\"https:\/\/steuerportal.ch\/fr\/contact\/\">Votre contact avec nous<\/a>.<\/p>\n<p>Vous trouverez de plus amples informations (prix et services) sur notre page d&rsquo;information <a href=\"https:\/\/steuerportal.ch\/fr\/publicite\/\">Publicit\u00e9<\/a>.<\/p>\n<p>Si vous disposez d\u00e9j\u00e0 d&rsquo;un compte d&rsquo;organisateur correspondant, veuillez vous connecter et revenir ensuite \u00e0 cette page.<\/p>\n<\/div>\n","protected":false},"author":1,"featured_media":0,"parent":6909,"menu_order":3,"comment_status":"closed","ping_status":"closed","template":"","meta":{"_acf_changed":false,"footnotes":""},"class_list":["post-6993","page","type-page","status-publish","hentry"],"acf":[],"yoast_head":"<!-- This site is optimized with the Yoast SEO plugin v27.3 - https:\/\/yoast.com\/product\/yoast-seo-wordpress\/ -->\n<title>Pour prestataires &#8226; steuerportal.ch<\/title>\n<meta name=\"robots\" content=\"index, follow, max-snippet:-1, max-image-preview:large, max-video-preview:-1\" \/>\n<link rel=\"canonical\" href=\"https:\/\/steuerportal.ch\/fr\/formations\/pour-prestataires\/\" \/>\n<meta property=\"og:locale\" content=\"fr_FR\" \/>\n<meta property=\"og:type\" content=\"article\" \/>\n<meta property=\"og:title\" content=\"Pour prestataires &#8226; steuerportal.ch\" \/>\n<meta property=\"og:description\" content=\"Pour prestataires Cette page est uniquement disponible pour les organisateurs inscrits. Si vous souhaitez inscrire un ou plusieurs \u00e9v\u00e9nements dans le calendrier ou si vous souhaitez cr\u00e9er un profil, veuillez nous contacter sans engagement par e-mail ou nous appeler: Votre contact avec nous. Vous trouverez de plus amples informations (prix et services) sur notre page d&rsquo;information Publicit\u00e9. Si vous disposez d\u00e9j\u00e0 d&rsquo;un compte d&rsquo;organisateur correspondant, veuillez vous connecter et revenir ensuite \u00e0 cette page.\" \/>\n<meta property=\"og:url\" content=\"https:\/\/steuerportal.ch\/fr\/formations\/pour-prestataires\/\" \/>\n<meta property=\"og:site_name\" content=\"steuerportal.ch\" \/>\n<meta property=\"article:modified_time\" content=\"2022-02-01T13:52:22+00:00\" \/>\n<meta name=\"twitter:card\" content=\"summary_large_image\" \/>\n<meta name=\"twitter:label1\" content=\"Dur\u00e9e de lecture estim\u00e9e\" \/>\n\t<meta name=\"twitter:data1\" content=\"1 minute\" \/>\n<script type=\"application\/ld+json\" class=\"yoast-schema-graph\">{\"@context\":\"https:\\\/\\\/schema.org\",\"@graph\":[{\"@type\":\"WebPage\",\"@id\":\"https:\\\/\\\/steuerportal.ch\\\/fr\\\/formations\\\/pour-prestataires\\\/\",\"url\":\"https:\\\/\\\/steuerportal.ch\\\/fr\\\/formations\\\/pour-prestataires\\\/\",\"name\":\"Pour prestataires &#8226; steuerportal.ch\",\"isPartOf\":{\"@id\":\"https:\\\/\\\/steuerportal.ch\\\/fr\\\/#website\"},\"datePublished\":\"2019-10-27T12:25:05+00:00\",\"dateModified\":\"2022-02-01T13:52:22+00:00\",\"breadcrumb\":{\"@id\":\"https:\\\/\\\/steuerportal.ch\\\/fr\\\/formations\\\/pour-prestataires\\\/#breadcrumb\"},\"inLanguage\":\"fr-FR\",\"potentialAction\":[{\"@type\":\"ReadAction\",\"target\":[\"https:\\\/\\\/steuerportal.ch\\\/fr\\\/formations\\\/pour-prestataires\\\/\"]}]},{\"@type\":\"BreadcrumbList\",\"@id\":\"https:\\\/\\\/steuerportal.ch\\\/fr\\\/formations\\\/pour-prestataires\\\/#breadcrumb\",\"itemListElement\":[{\"@type\":\"ListItem\",\"position\":1,\"name\":\"Page d'accueil\",\"item\":\"https:\\\/\\\/steuerportal.ch\\\/fr\\\/\"},{\"@type\":\"ListItem\",\"position\":2,\"name\":\"Formations\",\"item\":\"https:\\\/\\\/steuerportal.ch\\\/fr\\\/formations\\\/\"},{\"@type\":\"ListItem\",\"position\":3,\"name\":\"Pour prestataires\"}]},{\"@type\":\"WebSite\",\"@id\":\"https:\\\/\\\/steuerportal.ch\\\/fr\\\/#website\",\"url\":\"https:\\\/\\\/steuerportal.ch\\\/fr\\\/\",\"name\":\"steuerportal.ch\",\"description\":\"Le portail suisse sp\u00e9cialis\u00e9 dans le domaine des imp\u00f4ts\",\"publisher\":{\"@id\":\"https:\\\/\\\/steuerportal.ch\\\/fr\\\/#organization\"},\"potentialAction\":[{\"@type\":\"SearchAction\",\"target\":{\"@type\":\"EntryPoint\",\"urlTemplate\":\"https:\\\/\\\/steuerportal.ch\\\/fr\\\/?s={search_term_string}\"},\"query-input\":{\"@type\":\"PropertyValueSpecification\",\"valueRequired\":true,\"valueName\":\"search_term_string\"}}],\"inLanguage\":\"fr-FR\"},{\"@type\":\"Organization\",\"@id\":\"https:\\\/\\\/steuerportal.ch\\\/fr\\\/#organization\",\"name\":\"Steuerportal (Cosmos Verlag)\",\"url\":\"https:\\\/\\\/steuerportal.ch\\\/fr\\\/\",\"logo\":{\"@type\":\"ImageObject\",\"inLanguage\":\"fr-FR\",\"@id\":\"https:\\\/\\\/steuerportal.ch\\\/fr\\\/#\\\/schema\\\/logo\\\/image\\\/\",\"url\":\"https:\\\/\\\/steuerportal.ch\\\/wp-content\\\/uploads\\\/2021\\\/06\\\/cosmos_c-strich_h_positiv_bunt.svg\",\"contentUrl\":\"https:\\\/\\\/steuerportal.ch\\\/wp-content\\\/uploads\\\/2021\\\/06\\\/cosmos_c-strich_h_positiv_bunt.svg\",\"width\":191,\"height\":44,\"caption\":\"Steuerportal (Cosmos Verlag)\"},\"image\":{\"@id\":\"https:\\\/\\\/steuerportal.ch\\\/fr\\\/#\\\/schema\\\/logo\\\/image\\\/\"}}]}<\/script>\n<!-- \/ Yoast SEO plugin. -->","yoast_head_json":{"title":"Pour prestataires &#8226; steuerportal.ch","robots":{"index":"index","follow":"follow","max-snippet":"max-snippet:-1","max-image-preview":"max-image-preview:large","max-video-preview":"max-video-preview:-1"},"canonical":"https:\/\/steuerportal.ch\/fr\/formations\/pour-prestataires\/","og_locale":"fr_FR","og_type":"article","og_title":"Pour prestataires &#8226; steuerportal.ch","og_description":"Pour prestataires Cette page est uniquement disponible pour les organisateurs inscrits. Si vous souhaitez inscrire un ou plusieurs \u00e9v\u00e9nements dans le calendrier ou si vous souhaitez cr\u00e9er un profil, veuillez nous contacter sans engagement par e-mail ou nous appeler: Votre contact avec nous. Vous trouverez de plus amples informations (prix et services) sur notre page d&rsquo;information Publicit\u00e9. Si vous disposez d\u00e9j\u00e0 d&rsquo;un compte d&rsquo;organisateur correspondant, veuillez vous connecter et revenir ensuite \u00e0 cette page.","og_url":"https:\/\/steuerportal.ch\/fr\/formations\/pour-prestataires\/","og_site_name":"steuerportal.ch","article_modified_time":"2022-02-01T13:52:22+00:00","twitter_card":"summary_large_image","twitter_misc":{"Dur\u00e9e de lecture estim\u00e9e":"1 minute"},"schema":{"@context":"https:\/\/schema.org","@graph":[{"@type":"WebPage","@id":"https:\/\/steuerportal.ch\/fr\/formations\/pour-prestataires\/","url":"https:\/\/steuerportal.ch\/fr\/formations\/pour-prestataires\/","name":"Pour prestataires &#8226; steuerportal.ch","isPartOf":{"@id":"https:\/\/steuerportal.ch\/fr\/#website"},"datePublished":"2019-10-27T12:25:05+00:00","dateModified":"2022-02-01T13:52:22+00:00","breadcrumb":{"@id":"https:\/\/steuerportal.ch\/fr\/formations\/pour-prestataires\/#breadcrumb"},"inLanguage":"fr-FR","potentialAction":[{"@type":"ReadAction","target":["https:\/\/steuerportal.ch\/fr\/formations\/pour-prestataires\/"]}]},{"@type":"BreadcrumbList","@id":"https:\/\/steuerportal.ch\/fr\/formations\/pour-prestataires\/#breadcrumb","itemListElement":[{"@type":"ListItem","position":1,"name":"Page d'accueil","item":"https:\/\/steuerportal.ch\/fr\/"},{"@type":"ListItem","position":2,"name":"Formations","item":"https:\/\/steuerportal.ch\/fr\/formations\/"},{"@type":"ListItem","position":3,"name":"Pour prestataires"}]},{"@type":"WebSite","@id":"https:\/\/steuerportal.ch\/fr\/#website","url":"https:\/\/steuerportal.ch\/fr\/","name":"steuerportal.ch","description":"Le portail suisse sp\u00e9cialis\u00e9 dans le domaine des imp\u00f4ts","publisher":{"@id":"https:\/\/steuerportal.ch\/fr\/#organization"},"potentialAction":[{"@type":"SearchAction","target":{"@type":"EntryPoint","urlTemplate":"https:\/\/steuerportal.ch\/fr\/?s={search_term_string}"},"query-input":{"@type":"PropertyValueSpecification","valueRequired":true,"valueName":"search_term_string"}}],"inLanguage":"fr-FR"},{"@type":"Organization","@id":"https:\/\/steuerportal.ch\/fr\/#organization","name":"Steuerportal (Cosmos Verlag)","url":"https:\/\/steuerportal.ch\/fr\/","logo":{"@type":"ImageObject","inLanguage":"fr-FR","@id":"https:\/\/steuerportal.ch\/fr\/#\/schema\/logo\/image\/","url":"https:\/\/steuerportal.ch\/wp-content\/uploads\/2021\/06\/cosmos_c-strich_h_positiv_bunt.svg","contentUrl":"https:\/\/steuerportal.ch\/wp-content\/uploads\/2021\/06\/cosmos_c-strich_h_positiv_bunt.svg","width":191,"height":44,"caption":"Steuerportal (Cosmos Verlag)"},"image":{"@id":"https:\/\/steuerportal.ch\/fr\/#\/schema\/logo\/image\/"}}]}},"_links":{"self":[{"href":"https:\/\/steuerportal.ch\/fr\/wp-json\/wp\/v2\/pages\/6993","targetHints":{"allow":["GET"]}}],"collection":[{"href":"https:\/\/steuerportal.ch\/fr\/wp-json\/wp\/v2\/pages"}],"about":[{"href":"https:\/\/steuerportal.ch\/fr\/wp-json\/wp\/v2\/types\/page"}],"author":[{"embeddable":true,"href":"https:\/\/steuerportal.ch\/fr\/wp-json\/wp\/v2\/users\/1"}],"replies":[{"embeddable":true,"href":"https:\/\/steuerportal.ch\/fr\/wp-json\/wp\/v2\/comments?post=6993"}],"version-history":[{"count":4,"href":"https:\/\/steuerportal.ch\/fr\/wp-json\/wp\/v2\/pages\/6993\/revisions"}],"predecessor-version":[{"id":7009,"href":"https:\/\/steuerportal.ch\/fr\/wp-json\/wp\/v2\/pages\/6993\/revisions\/7009"}],"up":[{"embeddable":true,"href":"https:\/\/steuerportal.ch\/fr\/wp-json\/wp\/v2\/pages\/6909"}],"wp:attachment":[{"href":"https:\/\/steuerportal.ch\/fr\/wp-json\/wp\/v2\/media?parent=6993"}],"curies":[{"name":"wp","href":"https:\/\/api.w.org\/{rel}","templated":true}]}}