{"id":21641,"date":"2022-01-27T16:06:03","date_gmt":"2022-01-27T15:06:03","guid":{"rendered":"https:\/\/steuerportal.ch\/formations\/profils-des-institutions\/neue-zuercher-steuerkonferenz\/"},"modified":"2024-09-10T11:32:38","modified_gmt":"2024-09-10T09:32:38","slug":"neue-zuercher-steuerkonferenz","status":"publish","type":"page","link":"https:\/\/steuerportal.ch\/fr\/formations\/profils-des-institutions\/neue-zuercher-steuerkonferenz\/","title":{"rendered":"Neue Z\u00fcrcher Steuerkonferenz"},"content":{"rendered":"<p><em><strong>Neue Z&uuml;rcher Steuerkonferenz<\/strong><\/em><\/p><h2 class=\"wp-block-heading\" id=\"block-dd7a222f-d3da-41e7-8ef7-293bd8860037\">Treffpunkt der Steuerwelt<\/h2><p>Die Neue Z&uuml;rcher Steuerkonferenz (NZSK)  hat sich erfolgreich als j&auml;hrlicher Treffpunkt der Schweizer Steuerwelt etabliert. <\/p><p>Referierende aus Beratung und Verwaltung sowie den Steuerabteilungen nationaler und internationaler Unternehmen sorgen f&uuml;r ein stets topaktuelles, abwechslungsreiches Programm. <\/p><h2 class=\"wp-block-heading\" id=\"block-e38f6175-1083-4699-bbc6-7a17a200c1b5\">Programm<\/h2><p>Das aktuelle Programm und alles Wissenswerte rund um die Veranstaltung finden Sie jederzeit unter <a href=\"https:\/\/www.nzsk.ch\" target=\"_blank\" rel=\"noreferrer noopener\">www.nzsk.ch<\/a><\/p><h2 class=\"wp-block-heading\" id=\"block-95b2de58-5767-4597-805a-ad5df7ba317d\">Kontakt<\/h2><p><strong>Neue Z&uuml;rcher Steuerkonferenz<\/strong><br>C\/O Cosmos Verlag AG<br>Kr&auml;yigenweg 2<br>3074 Muri-Bern<\/p><p><a href=\"https:\/\/www.nzsk.ch\" target=\"_blank\" rel=\"noreferrer noopener\">www.nzsk.ch<\/a><br>Tel. 031 950 64 64 <\/p>\n","protected":false},"excerpt":{"rendered":"<p>Neue Z&uuml;rcher Steuerkonferenz Treffpunkt der Steuerwelt Die Neue Z&uuml;rcher Steuerkonferenz (NZSK) hat sich erfolgreich als j&auml;hrlicher Treffpunkt der Schweizer Steuerwelt etabliert. Referierende aus Beratung und Verwaltung sowie den Steuerabteilungen nationaler und internationaler Unternehmen sorgen f&uuml;r ein stets topaktuelles, abwechslungsreiches Programm. Programm Das aktuelle Programm und alles Wissenswerte rund um die Veranstaltung finden Sie jederzeit unter www.nzsk.ch&hellip;<\/p>\n","protected":false},"author":3,"featured_media":0,"parent":6980,"menu_order":7,"comment_status":"closed","ping_status":"closed","template":"","meta":{"_acf_changed":false,"footnotes":""},"class_list":["post-21641","page","type-page","status-publish","hentry"],"acf":[],"yoast_head":"<!-- This site is optimized with the Yoast SEO plugin v27.4 - https:\/\/yoast.com\/product\/yoast-seo-wordpress\/ -->\n<title>Neue Z\u00fcrcher Steuerkonferenz &#8226; steuerportal.ch<\/title>\n<meta name=\"robots\" content=\"index, follow, max-snippet:-1, max-image-preview:large, max-video-preview:-1\" \/>\n<link rel=\"canonical\" href=\"https:\/\/steuerportal.ch\/fr\/formations\/profils-des-institutions\/neue-zuercher-steuerkonferenz\/\" \/>\n<meta property=\"og:locale\" content=\"fr_FR\" \/>\n<meta property=\"og:type\" content=\"article\" \/>\n<meta property=\"og:title\" content=\"Neue Z\u00fcrcher Steuerkonferenz &#8226; steuerportal.ch\" \/>\n<meta property=\"og:description\" content=\"Neue Z&uuml;rcher Steuerkonferenz Treffpunkt der Steuerwelt Die Neue Z&uuml;rcher Steuerkonferenz (NZSK) hat sich erfolgreich als j&auml;hrlicher Treffpunkt der Schweizer Steuerwelt etabliert. Referierende aus Beratung und Verwaltung sowie den Steuerabteilungen nationaler und internationaler Unternehmen sorgen f&uuml;r ein stets topaktuelles, abwechslungsreiches Programm. Programm Das aktuelle Programm und alles Wissenswerte rund um die Veranstaltung finden Sie jederzeit unter www.nzsk.ch&hellip;\" \/>\n<meta property=\"og:url\" content=\"https:\/\/steuerportal.ch\/fr\/formations\/profils-des-institutions\/neue-zuercher-steuerkonferenz\/\" \/>\n<meta property=\"og:site_name\" content=\"steuerportal.ch\" \/>\n<meta property=\"article:modified_time\" content=\"2024-09-10T09:32:38+00:00\" \/>\n<meta name=\"twitter:card\" content=\"summary_large_image\" \/>\n<meta name=\"twitter:label1\" content=\"Dur\u00e9e de lecture estim\u00e9e\" \/>\n\t<meta name=\"twitter:data1\" content=\"1 minute\" \/>\n<script type=\"application\/ld+json\" class=\"yoast-schema-graph\">{\"@context\":\"https:\\\/\\\/schema.org\",\"@graph\":[{\"@type\":\"WebPage\",\"@id\":\"https:\\\/\\\/steuerportal.ch\\\/fr\\\/formations\\\/profils-des-institutions\\\/neue-zuercher-steuerkonferenz\\\/\",\"url\":\"https:\\\/\\\/steuerportal.ch\\\/fr\\\/formations\\\/profils-des-institutions\\\/neue-zuercher-steuerkonferenz\\\/\",\"name\":\"Neue Z\u00fcrcher Steuerkonferenz &#8226; steuerportal.ch\",\"isPartOf\":{\"@id\":\"https:\\\/\\\/steuerportal.ch\\\/fr\\\/#website\"},\"datePublished\":\"2022-01-27T15:06:03+00:00\",\"dateModified\":\"2024-09-10T09:32:38+00:00\",\"breadcrumb\":{\"@id\":\"https:\\\/\\\/steuerportal.ch\\\/fr\\\/formations\\\/profils-des-institutions\\\/neue-zuercher-steuerkonferenz\\\/#breadcrumb\"},\"inLanguage\":\"fr-FR\",\"potentialAction\":[{\"@type\":\"ReadAction\",\"target\":[\"https:\\\/\\\/steuerportal.ch\\\/fr\\\/formations\\\/profils-des-institutions\\\/neue-zuercher-steuerkonferenz\\\/\"]}]},{\"@type\":\"BreadcrumbList\",\"@id\":\"https:\\\/\\\/steuerportal.ch\\\/fr\\\/formations\\\/profils-des-institutions\\\/neue-zuercher-steuerkonferenz\\\/#breadcrumb\",\"itemListElement\":[{\"@type\":\"ListItem\",\"position\":1,\"name\":\"Page d'accueil\",\"item\":\"https:\\\/\\\/steuerportal.ch\\\/fr\\\/\"},{\"@type\":\"ListItem\",\"position\":2,\"name\":\"Formations\",\"item\":\"https:\\\/\\\/steuerportal.ch\\\/fr\\\/formations\\\/\"},{\"@type\":\"ListItem\",\"position\":3,\"name\":\"Profils des institutions\",\"item\":\"https:\\\/\\\/steuerportal.ch\\\/fr\\\/formations\\\/profils-des-institutions\\\/\"},{\"@type\":\"ListItem\",\"position\":4,\"name\":\"Neue Z\u00fcrcher Steuerkonferenz\"}]},{\"@type\":\"WebSite\",\"@id\":\"https:\\\/\\\/steuerportal.ch\\\/fr\\\/#website\",\"url\":\"https:\\\/\\\/steuerportal.ch\\\/fr\\\/\",\"name\":\"steuerportal.ch\",\"description\":\"Le portail suisse sp\u00e9cialis\u00e9 dans le domaine des imp\u00f4ts\",\"publisher\":{\"@id\":\"https:\\\/\\\/steuerportal.ch\\\/fr\\\/#organization\"},\"potentialAction\":[{\"@type\":\"SearchAction\",\"target\":{\"@type\":\"EntryPoint\",\"urlTemplate\":\"https:\\\/\\\/steuerportal.ch\\\/fr\\\/?s={search_term_string}\"},\"query-input\":{\"@type\":\"PropertyValueSpecification\",\"valueRequired\":true,\"valueName\":\"search_term_string\"}}],\"inLanguage\":\"fr-FR\"},{\"@type\":\"Organization\",\"@id\":\"https:\\\/\\\/steuerportal.ch\\\/fr\\\/#organization\",\"name\":\"Steuerportal (Cosmos Verlag)\",\"url\":\"https:\\\/\\\/steuerportal.ch\\\/fr\\\/\",\"logo\":{\"@type\":\"ImageObject\",\"inLanguage\":\"fr-FR\",\"@id\":\"https:\\\/\\\/steuerportal.ch\\\/fr\\\/#\\\/schema\\\/logo\\\/image\\\/\",\"url\":\"https:\\\/\\\/steuerportal.ch\\\/wp-content\\\/uploads\\\/2021\\\/06\\\/cosmos_c-strich_h_positiv_bunt.svg\",\"contentUrl\":\"https:\\\/\\\/steuerportal.ch\\\/wp-content\\\/uploads\\\/2021\\\/06\\\/cosmos_c-strich_h_positiv_bunt.svg\",\"width\":191,\"height\":44,\"caption\":\"Steuerportal (Cosmos Verlag)\"},\"image\":{\"@id\":\"https:\\\/\\\/steuerportal.ch\\\/fr\\\/#\\\/schema\\\/logo\\\/image\\\/\"}}]}<\/script>\n<!-- \/ Yoast SEO plugin. -->","yoast_head_json":{"title":"Neue Z\u00fcrcher Steuerkonferenz &#8226; steuerportal.ch","robots":{"index":"index","follow":"follow","max-snippet":"max-snippet:-1","max-image-preview":"max-image-preview:large","max-video-preview":"max-video-preview:-1"},"canonical":"https:\/\/steuerportal.ch\/fr\/formations\/profils-des-institutions\/neue-zuercher-steuerkonferenz\/","og_locale":"fr_FR","og_type":"article","og_title":"Neue Z\u00fcrcher Steuerkonferenz &#8226; steuerportal.ch","og_description":"Neue Z&uuml;rcher Steuerkonferenz Treffpunkt der Steuerwelt Die Neue Z&uuml;rcher Steuerkonferenz (NZSK) hat sich erfolgreich als j&auml;hrlicher Treffpunkt der Schweizer Steuerwelt etabliert. Referierende aus Beratung und Verwaltung sowie den Steuerabteilungen nationaler und internationaler Unternehmen sorgen f&uuml;r ein stets topaktuelles, abwechslungsreiches Programm. Programm Das aktuelle Programm und alles Wissenswerte rund um die Veranstaltung finden Sie jederzeit unter www.nzsk.ch&hellip;","og_url":"https:\/\/steuerportal.ch\/fr\/formations\/profils-des-institutions\/neue-zuercher-steuerkonferenz\/","og_site_name":"steuerportal.ch","article_modified_time":"2024-09-10T09:32:38+00:00","twitter_card":"summary_large_image","twitter_misc":{"Dur\u00e9e de lecture estim\u00e9e":"1 minute"},"schema":{"@context":"https:\/\/schema.org","@graph":[{"@type":"WebPage","@id":"https:\/\/steuerportal.ch\/fr\/formations\/profils-des-institutions\/neue-zuercher-steuerkonferenz\/","url":"https:\/\/steuerportal.ch\/fr\/formations\/profils-des-institutions\/neue-zuercher-steuerkonferenz\/","name":"Neue Z\u00fcrcher Steuerkonferenz &#8226; steuerportal.ch","isPartOf":{"@id":"https:\/\/steuerportal.ch\/fr\/#website"},"datePublished":"2022-01-27T15:06:03+00:00","dateModified":"2024-09-10T09:32:38+00:00","breadcrumb":{"@id":"https:\/\/steuerportal.ch\/fr\/formations\/profils-des-institutions\/neue-zuercher-steuerkonferenz\/#breadcrumb"},"inLanguage":"fr-FR","potentialAction":[{"@type":"ReadAction","target":["https:\/\/steuerportal.ch\/fr\/formations\/profils-des-institutions\/neue-zuercher-steuerkonferenz\/"]}]},{"@type":"BreadcrumbList","@id":"https:\/\/steuerportal.ch\/fr\/formations\/profils-des-institutions\/neue-zuercher-steuerkonferenz\/#breadcrumb","itemListElement":[{"@type":"ListItem","position":1,"name":"Page d'accueil","item":"https:\/\/steuerportal.ch\/fr\/"},{"@type":"ListItem","position":2,"name":"Formations","item":"https:\/\/steuerportal.ch\/fr\/formations\/"},{"@type":"ListItem","position":3,"name":"Profils des institutions","item":"https:\/\/steuerportal.ch\/fr\/formations\/profils-des-institutions\/"},{"@type":"ListItem","position":4,"name":"Neue Z\u00fcrcher Steuerkonferenz"}]},{"@type":"WebSite","@id":"https:\/\/steuerportal.ch\/fr\/#website","url":"https:\/\/steuerportal.ch\/fr\/","name":"steuerportal.ch","description":"Le portail suisse sp\u00e9cialis\u00e9 dans le domaine des imp\u00f4ts","publisher":{"@id":"https:\/\/steuerportal.ch\/fr\/#organization"},"potentialAction":[{"@type":"SearchAction","target":{"@type":"EntryPoint","urlTemplate":"https:\/\/steuerportal.ch\/fr\/?s={search_term_string}"},"query-input":{"@type":"PropertyValueSpecification","valueRequired":true,"valueName":"search_term_string"}}],"inLanguage":"fr-FR"},{"@type":"Organization","@id":"https:\/\/steuerportal.ch\/fr\/#organization","name":"Steuerportal (Cosmos Verlag)","url":"https:\/\/steuerportal.ch\/fr\/","logo":{"@type":"ImageObject","inLanguage":"fr-FR","@id":"https:\/\/steuerportal.ch\/fr\/#\/schema\/logo\/image\/","url":"https:\/\/steuerportal.ch\/wp-content\/uploads\/2021\/06\/cosmos_c-strich_h_positiv_bunt.svg","contentUrl":"https:\/\/steuerportal.ch\/wp-content\/uploads\/2021\/06\/cosmos_c-strich_h_positiv_bunt.svg","width":191,"height":44,"caption":"Steuerportal (Cosmos Verlag)"},"image":{"@id":"https:\/\/steuerportal.ch\/fr\/#\/schema\/logo\/image\/"}}]}},"_links":{"self":[{"href":"https:\/\/steuerportal.ch\/fr\/wp-json\/wp\/v2\/pages\/21641","targetHints":{"allow":["GET"]}}],"collection":[{"href":"https:\/\/steuerportal.ch\/fr\/wp-json\/wp\/v2\/pages"}],"about":[{"href":"https:\/\/steuerportal.ch\/fr\/wp-json\/wp\/v2\/types\/page"}],"author":[{"embeddable":true,"href":"https:\/\/steuerportal.ch\/fr\/wp-json\/wp\/v2\/users\/3"}],"replies":[{"embeddable":true,"href":"https:\/\/steuerportal.ch\/fr\/wp-json\/wp\/v2\/comments?post=21641"}],"version-history":[{"count":3,"href":"https:\/\/steuerportal.ch\/fr\/wp-json\/wp\/v2\/pages\/21641\/revisions"}],"predecessor-version":[{"id":21644,"href":"https:\/\/steuerportal.ch\/fr\/wp-json\/wp\/v2\/pages\/21641\/revisions\/21644"}],"up":[{"embeddable":true,"href":"https:\/\/steuerportal.ch\/fr\/wp-json\/wp\/v2\/pages\/6980"}],"wp:attachment":[{"href":"https:\/\/steuerportal.ch\/fr\/wp-json\/wp\/v2\/media?parent=21641"}],"curies":[{"name":"wp","href":"https:\/\/api.w.org\/{rel}","templated":true}]}}