{"id":21639,"date":"2025-02-06T05:07:00","date_gmt":"2025-02-06T04:07:00","guid":{"rendered":"https:\/\/steuerportal.ch\/formations\/profils-des-institutions\/expertsuisse\/"},"modified":"2026-04-21T10:30:36","modified_gmt":"2026-04-21T08:30:36","slug":"expertsuisse","status":"publish","type":"page","link":"https:\/\/steuerportal.ch\/fr\/formations\/profils-des-institutions\/expertsuisse\/","title":{"rendered":"EXPERTsuisse SA"},"content":{"rendered":"<p><em><strong>EXPERTsuisse SA<\/strong><\/em><\/p><figure class=\"wp-block-image size-large is-resized\"><img loading=\"lazy\" decoding=\"async\" width=\"1024\" height=\"494\" src=\"https:\/\/steuerportal.ch\/wp-content\/uploads\/2025\/02\/ES_logo_claim_short_fr_rgb_pos-1-1024x494.png\" alt=\"\" class=\"wp-image-24649\" style=\"width:502px;height:auto\" srcset=\"https:\/\/steuerportal.ch\/wp-content\/uploads\/2025\/02\/ES_logo_claim_short_fr_rgb_pos-1-1024x494.png 1024w, https:\/\/steuerportal.ch\/wp-content\/uploads\/2025\/02\/ES_logo_claim_short_fr_rgb_pos-1-700x337.png 700w, https:\/\/steuerportal.ch\/wp-content\/uploads\/2025\/02\/ES_logo_claim_short_fr_rgb_pos-1-768x370.png 768w, https:\/\/steuerportal.ch\/wp-content\/uploads\/2025\/02\/ES_logo_claim_short_fr_rgb_pos-1-280x135.png 280w, https:\/\/steuerportal.ch\/wp-content\/uploads\/2025\/02\/ES_logo_claim_short_fr_rgb_pos-1-628x303.png 628w, https:\/\/steuerportal.ch\/wp-content\/uploads\/2025\/02\/ES_logo_claim_short_fr_rgb_pos-1-296x143.png 296w, https:\/\/steuerportal.ch\/wp-content\/uploads\/2025\/02\/ES_logo_claim_short_fr_rgb_pos-1.png 1197w\" sizes=\"auto, (max-width: 1024px) 100vw, 1024px\" \/><\/figure><p>EXPERTsuisse est l&rsquo;association suisse des experts en audit, fiscalit&eacute; et fiduciaire. Nous formons, certifions, soutenons et repr&eacute;sentons nos membres depuis 1923.<\/p><h4 class=\"wp-block-heading\" id=\"block-e61ba359-8244-4df0-8995-7f546a2b97d3\">Formation continue dans le domaine fiscal<\/h4><p>Nous disposons d&rsquo;une offre de formation continue compl&egrave;te et sp&eacute;cialis&eacute;e dans le domaine fiscal sur des th&egrave;mes tels que:<\/p><ul class=\"wp-block-list\">\n<li>Imposition des particuliers<\/li>\n\n\n\n<li>Imp&ocirc;ts et droit des assurances sociales<\/li>\n\n\n\n<li>Imp&ocirc;ts &agrave; la source sur le revenu du travail<\/li>\n\n\n\n<li>Imposition des biens immobiliers et des propri&eacute;taires<\/li>\n\n\n\n<li>Imposition des ind&eacute;pendants<\/li>\n\n\n\n<li>Fiscalit&eacute; de l&rsquo;entreprise<\/li>\n\n\n\n<li>Introduction &agrave; la TVA<\/li>\n\n\n\n<li>Approfondissements sp&eacute;cifiques du droit relatif &agrave; la TVA<\/li>\n\n\n\n<li>Droit douanier, imp&ocirc;t anticip&eacute; et droits de timbre<\/li>\n<\/ul><p><a href=\"https:\/\/www.expertsuisse.ch\/fr-ch\/formation-continue\">www.expertsuisse.ch\/fr-ch\/formation-continue<\/a><\/p><h4 class=\"wp-block-heading\" id=\"block-f7635894-9342-44f2-ae2c-8d4ced3b0416\">Les membres d&rsquo;EXPERTsuisse b&eacute;n&eacute;ficient d&rsquo;avantages<\/h4><p>En tant que membre, vous b&eacute;n&eacute;ficiez d&rsquo;une r&eacute;duction de CHF 100.&ndash; sur les s&eacute;minaires d&rsquo;une journ&eacute;e et de CHF 50.&ndash; sur les s&eacute;minaires d&rsquo;une demi-journ&eacute;e.&nbsp;<\/p><p><a href=\"https:\/\/www.expertsuisse.ch\/fr-ch\/membres\">www.expertsuisse.ch\/fr-ch\/membres<\/a><\/p><h4 class=\"wp-block-heading\" id=\"block-87b62f5c-e670-44df-bf56-84ecd5de9588\">Newsletter de la formation d&rsquo;EXPERTsuisse<\/h4><p>Abonnez-vous &agrave; notre Newsletter de la formation et recevez nos derni&egrave;res offres de formation continue directement dans votre bo&icirc;te e-mail.<\/p><p><a href=\"https:\/\/www.expertsuisse.ch\/fr-ch\/newsletter-de-lassociation\">www.expertsuisse.ch\/newsletter<\/a><\/p><h4 class=\"wp-block-heading\" id=\"block-0af1246e-4003-4d95-89bb-d381a049ba74\">Vos interlocuteurs<\/h4><p><strong>&Eacute;quipe de la formation continue:<\/strong><br>T&eacute;l&eacute;phone +41 58 206 05 50<br>E-mail: <a href=\"mailto:formationcontinue@expertsuisse.ch\">formationcontinue@expertsuisse.ch<\/a> <br>EXPERTsuisse SA<br>Avenue de Rumine 13<br>CH-1005 Lausanne<br><a href=\"https:\/\/www.expertsuisse.ch\/fr-ch\">www.expertsuisse.ch<\/a><\/p>\n","protected":false},"excerpt":{"rendered":"<p>EXPERTsuisse SA EXPERTsuisse est l&rsquo;association suisse des experts en audit, fiscalit&eacute; et fiduciaire. Nous formons, certifions, soutenons et repr&eacute;sentons nos membres depuis 1923. Formation continue dans le domaine fiscal Nous disposons d&rsquo;une offre de formation continue compl&egrave;te et sp&eacute;cialis&eacute;e dans le domaine fiscal sur des th&egrave;mes tels que: www.expertsuisse.ch\/fr-ch\/formation-continue Les membres d&rsquo;EXPERTsuisse b&eacute;n&eacute;ficient&hellip;<\/p>\n","protected":false},"author":3,"featured_media":0,"parent":6980,"menu_order":6,"comment_status":"closed","ping_status":"closed","template":"","meta":{"_acf_changed":false,"footnotes":""},"class_list":["post-21639","page","type-page","status-publish","hentry"],"acf":[],"yoast_head":"<!-- This site is optimized with the Yoast SEO plugin v27.5 - https:\/\/yoast.com\/product\/yoast-seo-wordpress\/ -->\n<title>EXPERTsuisse SA &#8226; steuerportal.ch<\/title>\n<meta name=\"robots\" content=\"index, follow, max-snippet:-1, max-image-preview:large, max-video-preview:-1\" \/>\n<link rel=\"canonical\" href=\"https:\/\/steuerportal.ch\/fr\/formations\/profils-des-institutions\/expertsuisse\/\" \/>\n<meta property=\"og:locale\" content=\"fr_FR\" \/>\n<meta property=\"og:type\" content=\"article\" \/>\n<meta property=\"og:title\" content=\"EXPERTsuisse SA &#8226; steuerportal.ch\" \/>\n<meta property=\"og:description\" content=\"EXPERTsuisse SA EXPERTsuisse est l&rsquo;association suisse des experts en audit, fiscalit&eacute; et fiduciaire. Nous formons, certifions, soutenons et repr&eacute;sentons nos membres depuis 1923. Formation continue dans le domaine fiscal Nous disposons d&rsquo;une offre de formation continue compl&egrave;te et sp&eacute;cialis&eacute;e dans le domaine fiscal sur des th&egrave;mes tels que: www.expertsuisse.ch\/fr-ch\/formation-continue Les membres d&rsquo;EXPERTsuisse b&eacute;n&eacute;ficient&hellip;\" \/>\n<meta property=\"og:url\" content=\"https:\/\/steuerportal.ch\/fr\/formations\/profils-des-institutions\/expertsuisse\/\" \/>\n<meta property=\"og:site_name\" content=\"steuerportal.ch\" \/>\n<meta property=\"article:modified_time\" content=\"2026-04-21T08:30:36+00:00\" \/>\n<meta property=\"og:image\" content=\"https:\/\/steuerportal.ch\/wp-content\/uploads\/2025\/02\/ES_logo_claim_short_fr_rgb_pos-1.png\" \/>\n\t<meta property=\"og:image:width\" content=\"1197\" \/>\n\t<meta property=\"og:image:height\" content=\"577\" \/>\n\t<meta property=\"og:image:type\" content=\"image\/png\" \/>\n<meta name=\"twitter:card\" content=\"summary_large_image\" \/>\n<meta name=\"twitter:label1\" content=\"Dur\u00e9e de lecture estim\u00e9e\" \/>\n\t<meta name=\"twitter:data1\" content=\"2 minutes\" \/>\n<script type=\"application\/ld+json\" class=\"yoast-schema-graph\">{\"@context\":\"https:\\\/\\\/schema.org\",\"@graph\":[{\"@type\":\"WebPage\",\"@id\":\"https:\\\/\\\/steuerportal.ch\\\/fr\\\/formations\\\/profils-des-institutions\\\/expertsuisse\\\/\",\"url\":\"https:\\\/\\\/steuerportal.ch\\\/fr\\\/formations\\\/profils-des-institutions\\\/expertsuisse\\\/\",\"name\":\"EXPERTsuisse SA &#8226; steuerportal.ch\",\"isPartOf\":{\"@id\":\"https:\\\/\\\/steuerportal.ch\\\/fr\\\/#website\"},\"primaryImageOfPage\":{\"@id\":\"https:\\\/\\\/steuerportal.ch\\\/fr\\\/formations\\\/profils-des-institutions\\\/expertsuisse\\\/#primaryimage\"},\"image\":{\"@id\":\"https:\\\/\\\/steuerportal.ch\\\/fr\\\/formations\\\/profils-des-institutions\\\/expertsuisse\\\/#primaryimage\"},\"thumbnailUrl\":\"https:\\\/\\\/steuerportal.ch\\\/wp-content\\\/uploads\\\/2025\\\/02\\\/ES_logo_claim_short_fr_rgb_pos-1-1024x494.png\",\"datePublished\":\"2025-02-06T04:07:00+00:00\",\"dateModified\":\"2026-04-21T08:30:36+00:00\",\"breadcrumb\":{\"@id\":\"https:\\\/\\\/steuerportal.ch\\\/fr\\\/formations\\\/profils-des-institutions\\\/expertsuisse\\\/#breadcrumb\"},\"inLanguage\":\"fr-FR\",\"potentialAction\":[{\"@type\":\"ReadAction\",\"target\":[\"https:\\\/\\\/steuerportal.ch\\\/fr\\\/formations\\\/profils-des-institutions\\\/expertsuisse\\\/\"]}]},{\"@type\":\"ImageObject\",\"inLanguage\":\"fr-FR\",\"@id\":\"https:\\\/\\\/steuerportal.ch\\\/fr\\\/formations\\\/profils-des-institutions\\\/expertsuisse\\\/#primaryimage\",\"url\":\"https:\\\/\\\/steuerportal.ch\\\/wp-content\\\/uploads\\\/2025\\\/02\\\/ES_logo_claim_short_fr_rgb_pos-1-1024x494.png\",\"contentUrl\":\"https:\\\/\\\/steuerportal.ch\\\/wp-content\\\/uploads\\\/2025\\\/02\\\/ES_logo_claim_short_fr_rgb_pos-1-1024x494.png\"},{\"@type\":\"BreadcrumbList\",\"@id\":\"https:\\\/\\\/steuerportal.ch\\\/fr\\\/formations\\\/profils-des-institutions\\\/expertsuisse\\\/#breadcrumb\",\"itemListElement\":[{\"@type\":\"ListItem\",\"position\":1,\"name\":\"Page d'accueil\",\"item\":\"https:\\\/\\\/steuerportal.ch\\\/fr\\\/\"},{\"@type\":\"ListItem\",\"position\":2,\"name\":\"Formations\",\"item\":\"https:\\\/\\\/steuerportal.ch\\\/fr\\\/formations\\\/\"},{\"@type\":\"ListItem\",\"position\":3,\"name\":\"Profils des institutions\",\"item\":\"https:\\\/\\\/steuerportal.ch\\\/fr\\\/formations\\\/profils-des-institutions\\\/\"},{\"@type\":\"ListItem\",\"position\":4,\"name\":\"EXPERTsuisse SA\"}]},{\"@type\":\"WebSite\",\"@id\":\"https:\\\/\\\/steuerportal.ch\\\/fr\\\/#website\",\"url\":\"https:\\\/\\\/steuerportal.ch\\\/fr\\\/\",\"name\":\"steuerportal.ch\",\"description\":\"Le portail suisse sp\u00e9cialis\u00e9 dans le domaine des imp\u00f4ts\",\"publisher\":{\"@id\":\"https:\\\/\\\/steuerportal.ch\\\/fr\\\/#organization\"},\"potentialAction\":[{\"@type\":\"SearchAction\",\"target\":{\"@type\":\"EntryPoint\",\"urlTemplate\":\"https:\\\/\\\/steuerportal.ch\\\/fr\\\/?s={search_term_string}\"},\"query-input\":{\"@type\":\"PropertyValueSpecification\",\"valueRequired\":true,\"valueName\":\"search_term_string\"}}],\"inLanguage\":\"fr-FR\"},{\"@type\":\"Organization\",\"@id\":\"https:\\\/\\\/steuerportal.ch\\\/fr\\\/#organization\",\"name\":\"Steuerportal (Cosmos Verlag)\",\"url\":\"https:\\\/\\\/steuerportal.ch\\\/fr\\\/\",\"logo\":{\"@type\":\"ImageObject\",\"inLanguage\":\"fr-FR\",\"@id\":\"https:\\\/\\\/steuerportal.ch\\\/fr\\\/#\\\/schema\\\/logo\\\/image\\\/\",\"url\":\"https:\\\/\\\/steuerportal.ch\\\/wp-content\\\/uploads\\\/2021\\\/06\\\/cosmos_c-strich_h_positiv_bunt.svg\",\"contentUrl\":\"https:\\\/\\\/steuerportal.ch\\\/wp-content\\\/uploads\\\/2021\\\/06\\\/cosmos_c-strich_h_positiv_bunt.svg\",\"width\":191,\"height\":44,\"caption\":\"Steuerportal (Cosmos Verlag)\"},\"image\":{\"@id\":\"https:\\\/\\\/steuerportal.ch\\\/fr\\\/#\\\/schema\\\/logo\\\/image\\\/\"}}]}<\/script>\n<!-- \/ Yoast SEO plugin. -->","yoast_head_json":{"title":"EXPERTsuisse SA &#8226; steuerportal.ch","robots":{"index":"index","follow":"follow","max-snippet":"max-snippet:-1","max-image-preview":"max-image-preview:large","max-video-preview":"max-video-preview:-1"},"canonical":"https:\/\/steuerportal.ch\/fr\/formations\/profils-des-institutions\/expertsuisse\/","og_locale":"fr_FR","og_type":"article","og_title":"EXPERTsuisse SA &#8226; steuerportal.ch","og_description":"EXPERTsuisse SA EXPERTsuisse est l&rsquo;association suisse des experts en audit, fiscalit&eacute; et fiduciaire. Nous formons, certifions, soutenons et repr&eacute;sentons nos membres depuis 1923. Formation continue dans le domaine fiscal Nous disposons d&rsquo;une offre de formation continue compl&egrave;te et sp&eacute;cialis&eacute;e dans le domaine fiscal sur des th&egrave;mes tels que: www.expertsuisse.ch\/fr-ch\/formation-continue Les membres d&rsquo;EXPERTsuisse b&eacute;n&eacute;ficient&hellip;","og_url":"https:\/\/steuerportal.ch\/fr\/formations\/profils-des-institutions\/expertsuisse\/","og_site_name":"steuerportal.ch","article_modified_time":"2026-04-21T08:30:36+00:00","og_image":[{"width":1197,"height":577,"url":"https:\/\/steuerportal.ch\/wp-content\/uploads\/2025\/02\/ES_logo_claim_short_fr_rgb_pos-1.png","type":"image\/png"}],"twitter_card":"summary_large_image","twitter_misc":{"Dur\u00e9e de lecture estim\u00e9e":"2 minutes"},"schema":{"@context":"https:\/\/schema.org","@graph":[{"@type":"WebPage","@id":"https:\/\/steuerportal.ch\/fr\/formations\/profils-des-institutions\/expertsuisse\/","url":"https:\/\/steuerportal.ch\/fr\/formations\/profils-des-institutions\/expertsuisse\/","name":"EXPERTsuisse SA &#8226; steuerportal.ch","isPartOf":{"@id":"https:\/\/steuerportal.ch\/fr\/#website"},"primaryImageOfPage":{"@id":"https:\/\/steuerportal.ch\/fr\/formations\/profils-des-institutions\/expertsuisse\/#primaryimage"},"image":{"@id":"https:\/\/steuerportal.ch\/fr\/formations\/profils-des-institutions\/expertsuisse\/#primaryimage"},"thumbnailUrl":"https:\/\/steuerportal.ch\/wp-content\/uploads\/2025\/02\/ES_logo_claim_short_fr_rgb_pos-1-1024x494.png","datePublished":"2025-02-06T04:07:00+00:00","dateModified":"2026-04-21T08:30:36+00:00","breadcrumb":{"@id":"https:\/\/steuerportal.ch\/fr\/formations\/profils-des-institutions\/expertsuisse\/#breadcrumb"},"inLanguage":"fr-FR","potentialAction":[{"@type":"ReadAction","target":["https:\/\/steuerportal.ch\/fr\/formations\/profils-des-institutions\/expertsuisse\/"]}]},{"@type":"ImageObject","inLanguage":"fr-FR","@id":"https:\/\/steuerportal.ch\/fr\/formations\/profils-des-institutions\/expertsuisse\/#primaryimage","url":"https:\/\/steuerportal.ch\/wp-content\/uploads\/2025\/02\/ES_logo_claim_short_fr_rgb_pos-1-1024x494.png","contentUrl":"https:\/\/steuerportal.ch\/wp-content\/uploads\/2025\/02\/ES_logo_claim_short_fr_rgb_pos-1-1024x494.png"},{"@type":"BreadcrumbList","@id":"https:\/\/steuerportal.ch\/fr\/formations\/profils-des-institutions\/expertsuisse\/#breadcrumb","itemListElement":[{"@type":"ListItem","position":1,"name":"Page d'accueil","item":"https:\/\/steuerportal.ch\/fr\/"},{"@type":"ListItem","position":2,"name":"Formations","item":"https:\/\/steuerportal.ch\/fr\/formations\/"},{"@type":"ListItem","position":3,"name":"Profils des institutions","item":"https:\/\/steuerportal.ch\/fr\/formations\/profils-des-institutions\/"},{"@type":"ListItem","position":4,"name":"EXPERTsuisse SA"}]},{"@type":"WebSite","@id":"https:\/\/steuerportal.ch\/fr\/#website","url":"https:\/\/steuerportal.ch\/fr\/","name":"steuerportal.ch","description":"Le portail suisse sp\u00e9cialis\u00e9 dans le domaine des imp\u00f4ts","publisher":{"@id":"https:\/\/steuerportal.ch\/fr\/#organization"},"potentialAction":[{"@type":"SearchAction","target":{"@type":"EntryPoint","urlTemplate":"https:\/\/steuerportal.ch\/fr\/?s={search_term_string}"},"query-input":{"@type":"PropertyValueSpecification","valueRequired":true,"valueName":"search_term_string"}}],"inLanguage":"fr-FR"},{"@type":"Organization","@id":"https:\/\/steuerportal.ch\/fr\/#organization","name":"Steuerportal (Cosmos Verlag)","url":"https:\/\/steuerportal.ch\/fr\/","logo":{"@type":"ImageObject","inLanguage":"fr-FR","@id":"https:\/\/steuerportal.ch\/fr\/#\/schema\/logo\/image\/","url":"https:\/\/steuerportal.ch\/wp-content\/uploads\/2021\/06\/cosmos_c-strich_h_positiv_bunt.svg","contentUrl":"https:\/\/steuerportal.ch\/wp-content\/uploads\/2021\/06\/cosmos_c-strich_h_positiv_bunt.svg","width":191,"height":44,"caption":"Steuerportal (Cosmos Verlag)"},"image":{"@id":"https:\/\/steuerportal.ch\/fr\/#\/schema\/logo\/image\/"}}]}},"_links":{"self":[{"href":"https:\/\/steuerportal.ch\/fr\/wp-json\/wp\/v2\/pages\/21639","targetHints":{"allow":["GET"]}}],"collection":[{"href":"https:\/\/steuerportal.ch\/fr\/wp-json\/wp\/v2\/pages"}],"about":[{"href":"https:\/\/steuerportal.ch\/fr\/wp-json\/wp\/v2\/types\/page"}],"author":[{"embeddable":true,"href":"https:\/\/steuerportal.ch\/fr\/wp-json\/wp\/v2\/users\/3"}],"replies":[{"embeddable":true,"href":"https:\/\/steuerportal.ch\/fr\/wp-json\/wp\/v2\/comments?post=21639"}],"version-history":[{"count":6,"href":"https:\/\/steuerportal.ch\/fr\/wp-json\/wp\/v2\/pages\/21639\/revisions"}],"predecessor-version":[{"id":29611,"href":"https:\/\/steuerportal.ch\/fr\/wp-json\/wp\/v2\/pages\/21639\/revisions\/29611"}],"up":[{"embeddable":true,"href":"https:\/\/steuerportal.ch\/fr\/wp-json\/wp\/v2\/pages\/6980"}],"wp:attachment":[{"href":"https:\/\/steuerportal.ch\/fr\/wp-json\/wp\/v2\/media?parent=21639"}],"curies":[{"name":"wp","href":"https:\/\/api.w.org\/{rel}","templated":true}]}}