{"id":21633,"date":"2019-12-10T05:23:22","date_gmt":"2019-12-10T04:23:22","guid":{"rendered":"https:\/\/steuerportal.ch\/formations\/profils-des-institutions\/kalaidos-fachhochschule-schweiz\/"},"modified":"2024-09-10T11:31:21","modified_gmt":"2024-09-10T09:31:21","slug":"kalaidos-fachhochschule-schweiz","status":"publish","type":"page","link":"https:\/\/steuerportal.ch\/fr\/formations\/profils-des-institutions\/kalaidos-fachhochschule-schweiz\/","title":{"rendered":"Kalaidos Fachhochschule Schweiz"},"content":{"rendered":"<p><em><strong>Kalaidos Fachhochschule Schweiz<\/strong><\/em><\/p><figure class=\"wp-block-image size-large\"><img loading=\"lazy\" decoding=\"async\" width=\"512\" height=\"204\" src=\"https:\/\/steuerportal.ch\/wp-content\/uploads\/2019\/12\/Kalaidos.jpg\" alt=\"\" class=\"wp-image-1863\" srcset=\"https:\/\/steuerportal.ch\/wp-content\/uploads\/2019\/12\/Kalaidos.jpg 512w, https:\/\/steuerportal.ch\/wp-content\/uploads\/2019\/12\/Kalaidos-296x118.jpg 296w\" sizes=\"auto, (max-width: 512px) 100vw, 512px\" \/><\/figure><p>Die Kalaidos Fachhochschule hat in Kooperation mit dem Institut f&uuml;r Schweizerisches und Internationales Steuerrecht (ISIS) das Schweizerische Institut f&uuml;r Steuerrecht (SIST) gegr&uuml;ndet. SIST und ISIS stellen gemeinsam die Konzeption und stetige Aktualisierung der praxisnahen Fachhochschul-Studieng&auml;nge im Bereich des Steuerwesens und Zollrechts sicher und sind in der angewandten Forschung auf dem Gebiet des nationalen und internationalen Steuerwesens t&auml;tig.<\/p><h4 class=\"wp-block-heading\" id=\"studienangebot\">Studienangebot<\/h4><p>Das Studienangebot des SIST umfasst folgende Studieng&auml;nge:<\/p><ul class=\"wp-block-list\">\n<li>Studieng&auml;nge MWST (CAS, DAS, MAS)<\/li>\n\n\n\n<li>Studieng&auml;nge Taxation (CAS, DAS, MAS)<\/li>\n\n\n\n<li>Studieng&auml;nge Zollrecht (CAS, MBA\/EMBA)<\/li>\n\n\n\n<li>MBA \/ Executive MBA Studieng&auml;nge mit Vertiefung im Steuerrecht und Zollrecht<\/li>\n<\/ul><p>Die Module der Masterstudieng&auml;nge k&ouml;nnen auch einzeln mit einem CAS-Zertifikat abgeschlossen oder zu einem MBA \/ Executive MBA ausgebaut werden. Im Fachbereich Steuern lehren &uuml;ber 50 Dozierende &ndash; hochqualifizierte Fachleute mit mehrj&auml;hriger Praxis- und Beratungserfahrung im schweizerischen und internationalen Steuerrecht.<\/p><h4 class=\"wp-block-heading\" id=\"ausrichtung\">Ausrichtung<\/h4><p>Wir legen Wert auf Praxisn&auml;he und Umsetzungskompetenz. Das bedeutet f&uuml;r Studierende, dass sie w&auml;hrend des gesamten Studiums l&ouml;sungsorientiert an Fallstudien arbeiten und selber ein Thema, mit dem sie sich gegenw&auml;rtig auseinandersetzen, f&uuml;r ihre Masterarbeit w&auml;hlen. Durch verschiedene Foren und Plattformen wird der Auf- und Ausbau von Netzwerken unterst&uuml;tzt.<\/p><h4 class=\"wp-block-heading\" id=\"kontakt\">Kontakt<\/h4><p>Kalaidos Law School<br>Jungholzstrasse 43<br>8050 Z&uuml;rich<br>+41 44 200 19 19<br><a href=\"mailto:info@kalaidos-fh.ch\" target=\"_blank\" rel=\"noreferrer noopener\">info@kalaidos-fh.ch<\/a><\/p><p>Mehr Informationen zu s&auml;mtlichen Studieng&auml;ngen und zum SIST &ndash; Schweizerisches Institut f&uuml;r Steuerrecht:<br><a href=\"http:\/\/www.kalaidos-fh.ch\/SIST\" target=\"_blank\" rel=\"noreferrer noopener\">www.kalaidos-fh.ch\/SIST<\/a><\/p>\n","protected":false},"excerpt":{"rendered":"<p>Kalaidos Fachhochschule Schweiz Die Kalaidos Fachhochschule hat in Kooperation mit dem Institut f&uuml;r Schweizerisches und Internationales Steuerrecht (ISIS) das Schweizerische Institut f&uuml;r Steuerrecht (SIST) gegr&uuml;ndet. SIST und ISIS stellen gemeinsam die Konzeption und stetige Aktualisierung der praxisnahen Fachhochschul-Studieng&auml;nge im Bereich des Steuerwesens und Zollrechts sicher und sind in der angewandten Forschung auf dem Gebiet des nationalen und internationalen&hellip;<\/p>\n","protected":false},"author":3,"featured_media":0,"parent":6980,"menu_order":4,"comment_status":"closed","ping_status":"closed","template":"","meta":{"_acf_changed":false,"footnotes":""},"class_list":["post-21633","page","type-page","status-publish","hentry"],"acf":[],"yoast_head":"<!-- This site is optimized with the Yoast SEO plugin v27.6 - https:\/\/yoast.com\/product\/yoast-seo-wordpress\/ -->\n<title>Kalaidos Fachhochschule Schweiz &#8226; steuerportal.ch<\/title>\n<meta name=\"robots\" content=\"index, follow, max-snippet:-1, max-image-preview:large, max-video-preview:-1\" \/>\n<link rel=\"canonical\" href=\"https:\/\/steuerportal.ch\/fr\/formations\/profils-des-institutions\/kalaidos-fachhochschule-schweiz\/\" \/>\n<meta property=\"og:locale\" content=\"fr_FR\" \/>\n<meta property=\"og:type\" content=\"article\" \/>\n<meta property=\"og:title\" content=\"Kalaidos Fachhochschule Schweiz &#8226; steuerportal.ch\" \/>\n<meta property=\"og:description\" content=\"Kalaidos Fachhochschule Schweiz Die Kalaidos Fachhochschule hat in Kooperation mit dem Institut f&uuml;r Schweizerisches und Internationales Steuerrecht (ISIS) das Schweizerische Institut f&uuml;r Steuerrecht (SIST) gegr&uuml;ndet. SIST und ISIS stellen gemeinsam die Konzeption und stetige Aktualisierung der praxisnahen Fachhochschul-Studieng&auml;nge im Bereich des Steuerwesens und Zollrechts sicher und sind in der angewandten Forschung auf dem Gebiet des nationalen und internationalen&hellip;\" \/>\n<meta property=\"og:url\" content=\"https:\/\/steuerportal.ch\/fr\/formations\/profils-des-institutions\/kalaidos-fachhochschule-schweiz\/\" \/>\n<meta property=\"og:site_name\" content=\"steuerportal.ch\" \/>\n<meta property=\"article:modified_time\" content=\"2024-09-10T09:31:21+00:00\" \/>\n<meta property=\"og:image\" content=\"https:\/\/steuerportal.ch\/wp-content\/uploads\/2019\/12\/Kalaidos.jpg\" \/>\n<meta name=\"twitter:card\" content=\"summary_large_image\" \/>\n<meta name=\"twitter:label1\" content=\"Dur\u00e9e de lecture estim\u00e9e\" \/>\n\t<meta name=\"twitter:data1\" content=\"2 minutes\" \/>\n<script type=\"application\/ld+json\" class=\"yoast-schema-graph\">{\"@context\":\"https:\\\/\\\/schema.org\",\"@graph\":[{\"@type\":\"WebPage\",\"@id\":\"https:\\\/\\\/steuerportal.ch\\\/fr\\\/formations\\\/profils-des-institutions\\\/kalaidos-fachhochschule-schweiz\\\/\",\"url\":\"https:\\\/\\\/steuerportal.ch\\\/fr\\\/formations\\\/profils-des-institutions\\\/kalaidos-fachhochschule-schweiz\\\/\",\"name\":\"Kalaidos Fachhochschule Schweiz &#8226; steuerportal.ch\",\"isPartOf\":{\"@id\":\"https:\\\/\\\/steuerportal.ch\\\/fr\\\/#website\"},\"primaryImageOfPage\":{\"@id\":\"https:\\\/\\\/steuerportal.ch\\\/fr\\\/formations\\\/profils-des-institutions\\\/kalaidos-fachhochschule-schweiz\\\/#primaryimage\"},\"image\":{\"@id\":\"https:\\\/\\\/steuerportal.ch\\\/fr\\\/formations\\\/profils-des-institutions\\\/kalaidos-fachhochschule-schweiz\\\/#primaryimage\"},\"thumbnailUrl\":\"https:\\\/\\\/steuerportal.ch\\\/wp-content\\\/uploads\\\/2019\\\/12\\\/Kalaidos.jpg\",\"datePublished\":\"2019-12-10T04:23:22+00:00\",\"dateModified\":\"2024-09-10T09:31:21+00:00\",\"breadcrumb\":{\"@id\":\"https:\\\/\\\/steuerportal.ch\\\/fr\\\/formations\\\/profils-des-institutions\\\/kalaidos-fachhochschule-schweiz\\\/#breadcrumb\"},\"inLanguage\":\"fr-FR\",\"potentialAction\":[{\"@type\":\"ReadAction\",\"target\":[\"https:\\\/\\\/steuerportal.ch\\\/fr\\\/formations\\\/profils-des-institutions\\\/kalaidos-fachhochschule-schweiz\\\/\"]}]},{\"@type\":\"ImageObject\",\"inLanguage\":\"fr-FR\",\"@id\":\"https:\\\/\\\/steuerportal.ch\\\/fr\\\/formations\\\/profils-des-institutions\\\/kalaidos-fachhochschule-schweiz\\\/#primaryimage\",\"url\":\"https:\\\/\\\/steuerportal.ch\\\/wp-content\\\/uploads\\\/2019\\\/12\\\/Kalaidos.jpg\",\"contentUrl\":\"https:\\\/\\\/steuerportal.ch\\\/wp-content\\\/uploads\\\/2019\\\/12\\\/Kalaidos.jpg\"},{\"@type\":\"BreadcrumbList\",\"@id\":\"https:\\\/\\\/steuerportal.ch\\\/fr\\\/formations\\\/profils-des-institutions\\\/kalaidos-fachhochschule-schweiz\\\/#breadcrumb\",\"itemListElement\":[{\"@type\":\"ListItem\",\"position\":1,\"name\":\"Page d'accueil\",\"item\":\"https:\\\/\\\/steuerportal.ch\\\/fr\\\/\"},{\"@type\":\"ListItem\",\"position\":2,\"name\":\"Formations\",\"item\":\"https:\\\/\\\/steuerportal.ch\\\/fr\\\/formations\\\/\"},{\"@type\":\"ListItem\",\"position\":3,\"name\":\"Profils des institutions\",\"item\":\"https:\\\/\\\/steuerportal.ch\\\/fr\\\/formations\\\/profils-des-institutions\\\/\"},{\"@type\":\"ListItem\",\"position\":4,\"name\":\"Kalaidos Fachhochschule Schweiz\"}]},{\"@type\":\"WebSite\",\"@id\":\"https:\\\/\\\/steuerportal.ch\\\/fr\\\/#website\",\"url\":\"https:\\\/\\\/steuerportal.ch\\\/fr\\\/\",\"name\":\"steuerportal.ch\",\"description\":\"Le portail suisse sp\u00e9cialis\u00e9 dans le domaine des imp\u00f4ts\",\"publisher\":{\"@id\":\"https:\\\/\\\/steuerportal.ch\\\/fr\\\/#organization\"},\"potentialAction\":[{\"@type\":\"SearchAction\",\"target\":{\"@type\":\"EntryPoint\",\"urlTemplate\":\"https:\\\/\\\/steuerportal.ch\\\/fr\\\/?s={search_term_string}\"},\"query-input\":{\"@type\":\"PropertyValueSpecification\",\"valueRequired\":true,\"valueName\":\"search_term_string\"}}],\"inLanguage\":\"fr-FR\"},{\"@type\":\"Organization\",\"@id\":\"https:\\\/\\\/steuerportal.ch\\\/fr\\\/#organization\",\"name\":\"Steuerportal (Cosmos Verlag)\",\"url\":\"https:\\\/\\\/steuerportal.ch\\\/fr\\\/\",\"logo\":{\"@type\":\"ImageObject\",\"inLanguage\":\"fr-FR\",\"@id\":\"https:\\\/\\\/steuerportal.ch\\\/fr\\\/#\\\/schema\\\/logo\\\/image\\\/\",\"url\":\"https:\\\/\\\/steuerportal.ch\\\/wp-content\\\/uploads\\\/2021\\\/06\\\/cosmos_c-strich_h_positiv_bunt.svg\",\"contentUrl\":\"https:\\\/\\\/steuerportal.ch\\\/wp-content\\\/uploads\\\/2021\\\/06\\\/cosmos_c-strich_h_positiv_bunt.svg\",\"width\":191,\"height\":44,\"caption\":\"Steuerportal (Cosmos Verlag)\"},\"image\":{\"@id\":\"https:\\\/\\\/steuerportal.ch\\\/fr\\\/#\\\/schema\\\/logo\\\/image\\\/\"}}]}<\/script>\n<!-- \/ Yoast SEO plugin. -->","yoast_head_json":{"title":"Kalaidos Fachhochschule Schweiz &#8226; steuerportal.ch","robots":{"index":"index","follow":"follow","max-snippet":"max-snippet:-1","max-image-preview":"max-image-preview:large","max-video-preview":"max-video-preview:-1"},"canonical":"https:\/\/steuerportal.ch\/fr\/formations\/profils-des-institutions\/kalaidos-fachhochschule-schweiz\/","og_locale":"fr_FR","og_type":"article","og_title":"Kalaidos Fachhochschule Schweiz &#8226; steuerportal.ch","og_description":"Kalaidos Fachhochschule Schweiz Die Kalaidos Fachhochschule hat in Kooperation mit dem Institut f&uuml;r Schweizerisches und Internationales Steuerrecht (ISIS) das Schweizerische Institut f&uuml;r Steuerrecht (SIST) gegr&uuml;ndet. SIST und ISIS stellen gemeinsam die Konzeption und stetige Aktualisierung der praxisnahen Fachhochschul-Studieng&auml;nge im Bereich des Steuerwesens und Zollrechts sicher und sind in der angewandten Forschung auf dem Gebiet des nationalen und internationalen&hellip;","og_url":"https:\/\/steuerportal.ch\/fr\/formations\/profils-des-institutions\/kalaidos-fachhochschule-schweiz\/","og_site_name":"steuerportal.ch","article_modified_time":"2024-09-10T09:31:21+00:00","og_image":[{"url":"https:\/\/steuerportal.ch\/wp-content\/uploads\/2019\/12\/Kalaidos.jpg","type":"","width":"","height":""}],"twitter_card":"summary_large_image","twitter_misc":{"Dur\u00e9e de lecture estim\u00e9e":"2 minutes"},"schema":{"@context":"https:\/\/schema.org","@graph":[{"@type":"WebPage","@id":"https:\/\/steuerportal.ch\/fr\/formations\/profils-des-institutions\/kalaidos-fachhochschule-schweiz\/","url":"https:\/\/steuerportal.ch\/fr\/formations\/profils-des-institutions\/kalaidos-fachhochschule-schweiz\/","name":"Kalaidos Fachhochschule Schweiz &#8226; steuerportal.ch","isPartOf":{"@id":"https:\/\/steuerportal.ch\/fr\/#website"},"primaryImageOfPage":{"@id":"https:\/\/steuerportal.ch\/fr\/formations\/profils-des-institutions\/kalaidos-fachhochschule-schweiz\/#primaryimage"},"image":{"@id":"https:\/\/steuerportal.ch\/fr\/formations\/profils-des-institutions\/kalaidos-fachhochschule-schweiz\/#primaryimage"},"thumbnailUrl":"https:\/\/steuerportal.ch\/wp-content\/uploads\/2019\/12\/Kalaidos.jpg","datePublished":"2019-12-10T04:23:22+00:00","dateModified":"2024-09-10T09:31:21+00:00","breadcrumb":{"@id":"https:\/\/steuerportal.ch\/fr\/formations\/profils-des-institutions\/kalaidos-fachhochschule-schweiz\/#breadcrumb"},"inLanguage":"fr-FR","potentialAction":[{"@type":"ReadAction","target":["https:\/\/steuerportal.ch\/fr\/formations\/profils-des-institutions\/kalaidos-fachhochschule-schweiz\/"]}]},{"@type":"ImageObject","inLanguage":"fr-FR","@id":"https:\/\/steuerportal.ch\/fr\/formations\/profils-des-institutions\/kalaidos-fachhochschule-schweiz\/#primaryimage","url":"https:\/\/steuerportal.ch\/wp-content\/uploads\/2019\/12\/Kalaidos.jpg","contentUrl":"https:\/\/steuerportal.ch\/wp-content\/uploads\/2019\/12\/Kalaidos.jpg"},{"@type":"BreadcrumbList","@id":"https:\/\/steuerportal.ch\/fr\/formations\/profils-des-institutions\/kalaidos-fachhochschule-schweiz\/#breadcrumb","itemListElement":[{"@type":"ListItem","position":1,"name":"Page d'accueil","item":"https:\/\/steuerportal.ch\/fr\/"},{"@type":"ListItem","position":2,"name":"Formations","item":"https:\/\/steuerportal.ch\/fr\/formations\/"},{"@type":"ListItem","position":3,"name":"Profils des institutions","item":"https:\/\/steuerportal.ch\/fr\/formations\/profils-des-institutions\/"},{"@type":"ListItem","position":4,"name":"Kalaidos Fachhochschule Schweiz"}]},{"@type":"WebSite","@id":"https:\/\/steuerportal.ch\/fr\/#website","url":"https:\/\/steuerportal.ch\/fr\/","name":"steuerportal.ch","description":"Le portail suisse sp\u00e9cialis\u00e9 dans le domaine des imp\u00f4ts","publisher":{"@id":"https:\/\/steuerportal.ch\/fr\/#organization"},"potentialAction":[{"@type":"SearchAction","target":{"@type":"EntryPoint","urlTemplate":"https:\/\/steuerportal.ch\/fr\/?s={search_term_string}"},"query-input":{"@type":"PropertyValueSpecification","valueRequired":true,"valueName":"search_term_string"}}],"inLanguage":"fr-FR"},{"@type":"Organization","@id":"https:\/\/steuerportal.ch\/fr\/#organization","name":"Steuerportal (Cosmos Verlag)","url":"https:\/\/steuerportal.ch\/fr\/","logo":{"@type":"ImageObject","inLanguage":"fr-FR","@id":"https:\/\/steuerportal.ch\/fr\/#\/schema\/logo\/image\/","url":"https:\/\/steuerportal.ch\/wp-content\/uploads\/2021\/06\/cosmos_c-strich_h_positiv_bunt.svg","contentUrl":"https:\/\/steuerportal.ch\/wp-content\/uploads\/2021\/06\/cosmos_c-strich_h_positiv_bunt.svg","width":191,"height":44,"caption":"Steuerportal (Cosmos Verlag)"},"image":{"@id":"https:\/\/steuerportal.ch\/fr\/#\/schema\/logo\/image\/"}}]}},"_links":{"self":[{"href":"https:\/\/steuerportal.ch\/fr\/wp-json\/wp\/v2\/pages\/21633","targetHints":{"allow":["GET"]}}],"collection":[{"href":"https:\/\/steuerportal.ch\/fr\/wp-json\/wp\/v2\/pages"}],"about":[{"href":"https:\/\/steuerportal.ch\/fr\/wp-json\/wp\/v2\/types\/page"}],"author":[{"embeddable":true,"href":"https:\/\/steuerportal.ch\/fr\/wp-json\/wp\/v2\/users\/3"}],"replies":[{"embeddable":true,"href":"https:\/\/steuerportal.ch\/fr\/wp-json\/wp\/v2\/comments?post=21633"}],"version-history":[{"count":1,"href":"https:\/\/steuerportal.ch\/fr\/wp-json\/wp\/v2\/pages\/21633\/revisions"}],"predecessor-version":[{"id":21635,"href":"https:\/\/steuerportal.ch\/fr\/wp-json\/wp\/v2\/pages\/21633\/revisions\/21635"}],"up":[{"embeddable":true,"href":"https:\/\/steuerportal.ch\/fr\/wp-json\/wp\/v2\/pages\/6980"}],"wp:attachment":[{"href":"https:\/\/steuerportal.ch\/fr\/wp-json\/wp\/v2\/media?parent=21633"}],"curies":[{"name":"wp","href":"https:\/\/api.w.org\/{rel}","templated":true}]}}