{"id":21629,"date":"2019-12-09T02:29:58","date_gmt":"2019-12-09T01:29:58","guid":{"rendered":"https:\/\/steuerportal.ch\/formations\/profils-des-institutions\/institut-fuer-schweizerisches-und-internationales-steuerrecht\/"},"modified":"2024-09-10T11:27:50","modified_gmt":"2024-09-10T09:27:50","slug":"institut-fuer-schweizerisches-und-internationales-steuerrecht","status":"publish","type":"page","link":"https:\/\/steuerportal.ch\/fr\/formations\/profils-des-institutions\/institut-fuer-schweizerisches-und-internationales-steuerrecht\/","title":{"rendered":"Institut f\u00fcr Schweizerisches und Internationales Steuerrecht"},"content":{"rendered":"<p><strong><em>ISIS) Institut f&uuml;r Schweizerisches und Internationales Steuerrecht<\/em><\/strong><\/p><figure class=\"wp-block-image size-large\"><img loading=\"lazy\" decoding=\"async\" width=\"1024\" height=\"256\" src=\"https:\/\/steuerportal.ch\/wp-content\/uploads\/2023\/01\/Logo_ISIS_Name_2023-2-1024x256.png\" alt=\"\" class=\"wp-image-15255\" srcset=\"https:\/\/steuerportal.ch\/wp-content\/uploads\/2023\/01\/Logo_ISIS_Name_2023-2-1024x256.png 1024w, https:\/\/steuerportal.ch\/wp-content\/uploads\/2023\/01\/Logo_ISIS_Name_2023-2-700x175.png 700w, https:\/\/steuerportal.ch\/wp-content\/uploads\/2023\/01\/Logo_ISIS_Name_2023-2-768x192.png 768w, https:\/\/steuerportal.ch\/wp-content\/uploads\/2023\/01\/Logo_ISIS_Name_2023-2-280x70.png 280w, https:\/\/steuerportal.ch\/wp-content\/uploads\/2023\/01\/Logo_ISIS_Name_2023-2-628x157.png 628w, https:\/\/steuerportal.ch\/wp-content\/uploads\/2023\/01\/Logo_ISIS_Name_2023-2-296x74.png 296w, https:\/\/steuerportal.ch\/wp-content\/uploads\/2023\/01\/Logo_ISIS_Name_2023-2.png 1181w\" sizes=\"auto, (max-width: 1024px) 100vw, 1024px\" \/><\/figure><p><br>Das <a href=\"http:\/\/isistax.ch\">Institut f&uuml;r Schweizerisches und Internationales Steuerrecht ISIS<\/a> bietet Seminare zur theoretischen und praxisbezogenen Weiterbildung im Steuerrecht an.<\/p><p>Das ISIS f&ouml;rdert Lehre und Forschung auf dem Gebiet des schweizerischen und internationalen Steuerrechts und unterst&uuml;tzt die Ver&ouml;ffentlichung von Lehrb&uuml;chern und Forschungsarbeiten. Zudem ist das ISIS Herausgeberin der online-Publikationsplattform <a href=\"http:\/\/www.zsis.ch\/\">zsis) &ndash; Zentrum f&uuml;r Schweizerisches und Internationales Steuerrecht<\/a>. Diese geh&ouml;rt mittlerweile zur Standardliteratur von Fachexpertinnen und -experten. Das unabh&auml;ngige, nicht kommerzielle Institut in der Rechtsform eines Vereins wurde im Jahr 2000 gegr&uuml;ndet.<br><br>ISIS-Seminare werden von hoch qualifizierten Fachleuten gehalten und finden in ausgew&auml;hlten Hotels in der Schweiz statt. An allen Tagesseminaren k&ouml;nnen Sie auch online &uuml;ber eine virtuelle Veranstaltungsplattform bequem aus Ihrem B&uuml;ro teilnehmen. Die Seminare richten sich vorwiegend an Steuerfachleute, Juristen, Rechtsanw&auml;ltinnen, Treuh&auml;nder, Unternehmensberaterinnen, Finanzverantwortliche, Wirtschaftspr&uuml;fer sowie Fachleute auf dem Gebiet der Wirtschaftspr&uuml;fung und des Rechnungswesens.<\/p><p>Beim ISIS k&ouml;nnen Unternehmen und Einzelpersonen zudem eine attraktive Mitgliedschaft erwerben. Mitglieder&nbsp;<strong>besuchen die ISIS-Veranstaltungen zu einem<\/strong>&nbsp;<strong>erm&auml;ssigten Preis<\/strong>.&nbsp;Auch Mitarbeitende von Gerichten und Verwaltungen, Personen unter 35 Jahren sowie Personen in Ausbildung profitieren von einem&nbsp;<strong>erm&auml;ssigten Tarif<\/strong>. Auf der ISIS-Webseite k&ouml;nnen Sie sich <a href=\"https:\/\/eur03.safelinks.protection.outlook.com\/?url=https%3A%2F%2Fwww.isistax.ch%2Finstitut%2Fmitgliedschaft&amp;data=05%7C01%7C%7Cda481fa687304aeb0ba608db02c7f512%7C4e3d45e49d9d4fc8ba2f5a77d1e1208d%7C1%7C0%7C638106830055982332%7CUnknown%7CTWFpbGZsb3d8eyJWIjoiMC4wLjAwMDAiLCJQIjoiV2luMzIiLCJBTiI6Ik1haWwiLCJXVCI6Mn0%3D%7C3000%7C%7C%7C&amp;sdata=ndLI%2FeVHEI5Yhk8m6R0jScecSJlQYjcfGGiQwcZlRf8%3D&amp;reserved=0\">f&uuml;r eine Mitgliedschaft anmelden<\/a>.<\/p><p><\/p>\n","protected":false},"excerpt":{"rendered":"<p>ISIS) Institut f&uuml;r Schweizerisches und Internationales Steuerrecht Das Institut f&uuml;r Schweizerisches und Internationales Steuerrecht ISIS bietet Seminare zur theoretischen und praxisbezogenen Weiterbildung im Steuerrecht an. Das ISIS f&ouml;rdert Lehre und Forschung auf dem Gebiet des schweizerischen und internationalen Steuerrechts und unterst&uuml;tzt die Ver&ouml;ffentlichung von Lehrb&uuml;chern und Forschungsarbeiten. Zudem ist das ISIS Herausgeberin der&hellip;<\/p>\n","protected":false},"author":3,"featured_media":0,"parent":6980,"menu_order":3,"comment_status":"closed","ping_status":"closed","template":"","meta":{"_acf_changed":false,"footnotes":""},"class_list":["post-21629","page","type-page","status-publish","hentry"],"acf":[],"yoast_head":"<!-- This site is optimized with the Yoast SEO plugin v27.4 - https:\/\/yoast.com\/product\/yoast-seo-wordpress\/ -->\n<title>Institut f\u00fcr Schweizerisches und Internationales Steuerrecht &#8226; steuerportal.ch<\/title>\n<meta name=\"robots\" content=\"index, follow, max-snippet:-1, max-image-preview:large, max-video-preview:-1\" \/>\n<link rel=\"canonical\" href=\"https:\/\/steuerportal.ch\/fr\/formations\/profils-des-institutions\/institut-fuer-schweizerisches-und-internationales-steuerrecht\/\" \/>\n<meta property=\"og:locale\" content=\"fr_FR\" \/>\n<meta property=\"og:type\" content=\"article\" \/>\n<meta property=\"og:title\" content=\"Institut f\u00fcr Schweizerisches und Internationales Steuerrecht &#8226; steuerportal.ch\" \/>\n<meta property=\"og:description\" content=\"ISIS) Institut f&uuml;r Schweizerisches und Internationales Steuerrecht Das Institut f&uuml;r Schweizerisches und Internationales Steuerrecht ISIS bietet Seminare zur theoretischen und praxisbezogenen Weiterbildung im Steuerrecht an. Das ISIS f&ouml;rdert Lehre und Forschung auf dem Gebiet des schweizerischen und internationalen Steuerrechts und unterst&uuml;tzt die Ver&ouml;ffentlichung von Lehrb&uuml;chern und Forschungsarbeiten. Zudem ist das ISIS Herausgeberin der&hellip;\" \/>\n<meta property=\"og:url\" content=\"https:\/\/steuerportal.ch\/fr\/formations\/profils-des-institutions\/institut-fuer-schweizerisches-und-internationales-steuerrecht\/\" \/>\n<meta property=\"og:site_name\" content=\"steuerportal.ch\" \/>\n<meta property=\"article:modified_time\" content=\"2024-09-10T09:27:50+00:00\" \/>\n<meta property=\"og:image\" content=\"https:\/\/steuerportal.ch\/wp-content\/uploads\/2023\/01\/Logo_ISIS_Name_2023-2-1024x256.png\" \/>\n<meta name=\"twitter:card\" content=\"summary_large_image\" \/>\n<meta name=\"twitter:label1\" content=\"Dur\u00e9e de lecture estim\u00e9e\" \/>\n\t<meta name=\"twitter:data1\" content=\"2 minutes\" \/>\n<script type=\"application\/ld+json\" class=\"yoast-schema-graph\">{\"@context\":\"https:\\\/\\\/schema.org\",\"@graph\":[{\"@type\":\"WebPage\",\"@id\":\"https:\\\/\\\/steuerportal.ch\\\/fr\\\/formations\\\/profils-des-institutions\\\/institut-fuer-schweizerisches-und-internationales-steuerrecht\\\/\",\"url\":\"https:\\\/\\\/steuerportal.ch\\\/fr\\\/formations\\\/profils-des-institutions\\\/institut-fuer-schweizerisches-und-internationales-steuerrecht\\\/\",\"name\":\"Institut f\u00fcr Schweizerisches und Internationales Steuerrecht &#8226; steuerportal.ch\",\"isPartOf\":{\"@id\":\"https:\\\/\\\/steuerportal.ch\\\/fr\\\/#website\"},\"primaryImageOfPage\":{\"@id\":\"https:\\\/\\\/steuerportal.ch\\\/fr\\\/formations\\\/profils-des-institutions\\\/institut-fuer-schweizerisches-und-internationales-steuerrecht\\\/#primaryimage\"},\"image\":{\"@id\":\"https:\\\/\\\/steuerportal.ch\\\/fr\\\/formations\\\/profils-des-institutions\\\/institut-fuer-schweizerisches-und-internationales-steuerrecht\\\/#primaryimage\"},\"thumbnailUrl\":\"https:\\\/\\\/steuerportal.ch\\\/wp-content\\\/uploads\\\/2023\\\/01\\\/Logo_ISIS_Name_2023-2-1024x256.png\",\"datePublished\":\"2019-12-09T01:29:58+00:00\",\"dateModified\":\"2024-09-10T09:27:50+00:00\",\"breadcrumb\":{\"@id\":\"https:\\\/\\\/steuerportal.ch\\\/fr\\\/formations\\\/profils-des-institutions\\\/institut-fuer-schweizerisches-und-internationales-steuerrecht\\\/#breadcrumb\"},\"inLanguage\":\"fr-FR\",\"potentialAction\":[{\"@type\":\"ReadAction\",\"target\":[\"https:\\\/\\\/steuerportal.ch\\\/fr\\\/formations\\\/profils-des-institutions\\\/institut-fuer-schweizerisches-und-internationales-steuerrecht\\\/\"]}]},{\"@type\":\"ImageObject\",\"inLanguage\":\"fr-FR\",\"@id\":\"https:\\\/\\\/steuerportal.ch\\\/fr\\\/formations\\\/profils-des-institutions\\\/institut-fuer-schweizerisches-und-internationales-steuerrecht\\\/#primaryimage\",\"url\":\"https:\\\/\\\/steuerportal.ch\\\/wp-content\\\/uploads\\\/2023\\\/01\\\/Logo_ISIS_Name_2023-2-1024x256.png\",\"contentUrl\":\"https:\\\/\\\/steuerportal.ch\\\/wp-content\\\/uploads\\\/2023\\\/01\\\/Logo_ISIS_Name_2023-2-1024x256.png\"},{\"@type\":\"BreadcrumbList\",\"@id\":\"https:\\\/\\\/steuerportal.ch\\\/fr\\\/formations\\\/profils-des-institutions\\\/institut-fuer-schweizerisches-und-internationales-steuerrecht\\\/#breadcrumb\",\"itemListElement\":[{\"@type\":\"ListItem\",\"position\":1,\"name\":\"Page d'accueil\",\"item\":\"https:\\\/\\\/steuerportal.ch\\\/fr\\\/\"},{\"@type\":\"ListItem\",\"position\":2,\"name\":\"Formations\",\"item\":\"https:\\\/\\\/steuerportal.ch\\\/fr\\\/formations\\\/\"},{\"@type\":\"ListItem\",\"position\":3,\"name\":\"Profils des institutions\",\"item\":\"https:\\\/\\\/steuerportal.ch\\\/fr\\\/formations\\\/profils-des-institutions\\\/\"},{\"@type\":\"ListItem\",\"position\":4,\"name\":\"Institut f\u00fcr Schweizerisches und Internationales Steuerrecht\"}]},{\"@type\":\"WebSite\",\"@id\":\"https:\\\/\\\/steuerportal.ch\\\/fr\\\/#website\",\"url\":\"https:\\\/\\\/steuerportal.ch\\\/fr\\\/\",\"name\":\"steuerportal.ch\",\"description\":\"Le portail suisse sp\u00e9cialis\u00e9 dans le domaine des imp\u00f4ts\",\"publisher\":{\"@id\":\"https:\\\/\\\/steuerportal.ch\\\/fr\\\/#organization\"},\"potentialAction\":[{\"@type\":\"SearchAction\",\"target\":{\"@type\":\"EntryPoint\",\"urlTemplate\":\"https:\\\/\\\/steuerportal.ch\\\/fr\\\/?s={search_term_string}\"},\"query-input\":{\"@type\":\"PropertyValueSpecification\",\"valueRequired\":true,\"valueName\":\"search_term_string\"}}],\"inLanguage\":\"fr-FR\"},{\"@type\":\"Organization\",\"@id\":\"https:\\\/\\\/steuerportal.ch\\\/fr\\\/#organization\",\"name\":\"Steuerportal (Cosmos Verlag)\",\"url\":\"https:\\\/\\\/steuerportal.ch\\\/fr\\\/\",\"logo\":{\"@type\":\"ImageObject\",\"inLanguage\":\"fr-FR\",\"@id\":\"https:\\\/\\\/steuerportal.ch\\\/fr\\\/#\\\/schema\\\/logo\\\/image\\\/\",\"url\":\"https:\\\/\\\/steuerportal.ch\\\/wp-content\\\/uploads\\\/2021\\\/06\\\/cosmos_c-strich_h_positiv_bunt.svg\",\"contentUrl\":\"https:\\\/\\\/steuerportal.ch\\\/wp-content\\\/uploads\\\/2021\\\/06\\\/cosmos_c-strich_h_positiv_bunt.svg\",\"width\":191,\"height\":44,\"caption\":\"Steuerportal (Cosmos Verlag)\"},\"image\":{\"@id\":\"https:\\\/\\\/steuerportal.ch\\\/fr\\\/#\\\/schema\\\/logo\\\/image\\\/\"}}]}<\/script>\n<!-- \/ Yoast SEO plugin. -->","yoast_head_json":{"title":"Institut f\u00fcr Schweizerisches und Internationales Steuerrecht &#8226; steuerportal.ch","robots":{"index":"index","follow":"follow","max-snippet":"max-snippet:-1","max-image-preview":"max-image-preview:large","max-video-preview":"max-video-preview:-1"},"canonical":"https:\/\/steuerportal.ch\/fr\/formations\/profils-des-institutions\/institut-fuer-schweizerisches-und-internationales-steuerrecht\/","og_locale":"fr_FR","og_type":"article","og_title":"Institut f\u00fcr Schweizerisches und Internationales Steuerrecht &#8226; steuerportal.ch","og_description":"ISIS) Institut f&uuml;r Schweizerisches und Internationales Steuerrecht Das Institut f&uuml;r Schweizerisches und Internationales Steuerrecht ISIS bietet Seminare zur theoretischen und praxisbezogenen Weiterbildung im Steuerrecht an. Das ISIS f&ouml;rdert Lehre und Forschung auf dem Gebiet des schweizerischen und internationalen Steuerrechts und unterst&uuml;tzt die Ver&ouml;ffentlichung von Lehrb&uuml;chern und Forschungsarbeiten. Zudem ist das ISIS Herausgeberin der&hellip;","og_url":"https:\/\/steuerportal.ch\/fr\/formations\/profils-des-institutions\/institut-fuer-schweizerisches-und-internationales-steuerrecht\/","og_site_name":"steuerportal.ch","article_modified_time":"2024-09-10T09:27:50+00:00","og_image":[{"url":"https:\/\/steuerportal.ch\/wp-content\/uploads\/2023\/01\/Logo_ISIS_Name_2023-2-1024x256.png","type":"","width":"","height":""}],"twitter_card":"summary_large_image","twitter_misc":{"Dur\u00e9e de lecture estim\u00e9e":"2 minutes"},"schema":{"@context":"https:\/\/schema.org","@graph":[{"@type":"WebPage","@id":"https:\/\/steuerportal.ch\/fr\/formations\/profils-des-institutions\/institut-fuer-schweizerisches-und-internationales-steuerrecht\/","url":"https:\/\/steuerportal.ch\/fr\/formations\/profils-des-institutions\/institut-fuer-schweizerisches-und-internationales-steuerrecht\/","name":"Institut f\u00fcr Schweizerisches und Internationales Steuerrecht &#8226; steuerportal.ch","isPartOf":{"@id":"https:\/\/steuerportal.ch\/fr\/#website"},"primaryImageOfPage":{"@id":"https:\/\/steuerportal.ch\/fr\/formations\/profils-des-institutions\/institut-fuer-schweizerisches-und-internationales-steuerrecht\/#primaryimage"},"image":{"@id":"https:\/\/steuerportal.ch\/fr\/formations\/profils-des-institutions\/institut-fuer-schweizerisches-und-internationales-steuerrecht\/#primaryimage"},"thumbnailUrl":"https:\/\/steuerportal.ch\/wp-content\/uploads\/2023\/01\/Logo_ISIS_Name_2023-2-1024x256.png","datePublished":"2019-12-09T01:29:58+00:00","dateModified":"2024-09-10T09:27:50+00:00","breadcrumb":{"@id":"https:\/\/steuerportal.ch\/fr\/formations\/profils-des-institutions\/institut-fuer-schweizerisches-und-internationales-steuerrecht\/#breadcrumb"},"inLanguage":"fr-FR","potentialAction":[{"@type":"ReadAction","target":["https:\/\/steuerportal.ch\/fr\/formations\/profils-des-institutions\/institut-fuer-schweizerisches-und-internationales-steuerrecht\/"]}]},{"@type":"ImageObject","inLanguage":"fr-FR","@id":"https:\/\/steuerportal.ch\/fr\/formations\/profils-des-institutions\/institut-fuer-schweizerisches-und-internationales-steuerrecht\/#primaryimage","url":"https:\/\/steuerportal.ch\/wp-content\/uploads\/2023\/01\/Logo_ISIS_Name_2023-2-1024x256.png","contentUrl":"https:\/\/steuerportal.ch\/wp-content\/uploads\/2023\/01\/Logo_ISIS_Name_2023-2-1024x256.png"},{"@type":"BreadcrumbList","@id":"https:\/\/steuerportal.ch\/fr\/formations\/profils-des-institutions\/institut-fuer-schweizerisches-und-internationales-steuerrecht\/#breadcrumb","itemListElement":[{"@type":"ListItem","position":1,"name":"Page d'accueil","item":"https:\/\/steuerportal.ch\/fr\/"},{"@type":"ListItem","position":2,"name":"Formations","item":"https:\/\/steuerportal.ch\/fr\/formations\/"},{"@type":"ListItem","position":3,"name":"Profils des institutions","item":"https:\/\/steuerportal.ch\/fr\/formations\/profils-des-institutions\/"},{"@type":"ListItem","position":4,"name":"Institut f\u00fcr Schweizerisches und Internationales Steuerrecht"}]},{"@type":"WebSite","@id":"https:\/\/steuerportal.ch\/fr\/#website","url":"https:\/\/steuerportal.ch\/fr\/","name":"steuerportal.ch","description":"Le portail suisse sp\u00e9cialis\u00e9 dans le domaine des imp\u00f4ts","publisher":{"@id":"https:\/\/steuerportal.ch\/fr\/#organization"},"potentialAction":[{"@type":"SearchAction","target":{"@type":"EntryPoint","urlTemplate":"https:\/\/steuerportal.ch\/fr\/?s={search_term_string}"},"query-input":{"@type":"PropertyValueSpecification","valueRequired":true,"valueName":"search_term_string"}}],"inLanguage":"fr-FR"},{"@type":"Organization","@id":"https:\/\/steuerportal.ch\/fr\/#organization","name":"Steuerportal (Cosmos Verlag)","url":"https:\/\/steuerportal.ch\/fr\/","logo":{"@type":"ImageObject","inLanguage":"fr-FR","@id":"https:\/\/steuerportal.ch\/fr\/#\/schema\/logo\/image\/","url":"https:\/\/steuerportal.ch\/wp-content\/uploads\/2021\/06\/cosmos_c-strich_h_positiv_bunt.svg","contentUrl":"https:\/\/steuerportal.ch\/wp-content\/uploads\/2021\/06\/cosmos_c-strich_h_positiv_bunt.svg","width":191,"height":44,"caption":"Steuerportal (Cosmos Verlag)"},"image":{"@id":"https:\/\/steuerportal.ch\/fr\/#\/schema\/logo\/image\/"}}]}},"_links":{"self":[{"href":"https:\/\/steuerportal.ch\/fr\/wp-json\/wp\/v2\/pages\/21629","targetHints":{"allow":["GET"]}}],"collection":[{"href":"https:\/\/steuerportal.ch\/fr\/wp-json\/wp\/v2\/pages"}],"about":[{"href":"https:\/\/steuerportal.ch\/fr\/wp-json\/wp\/v2\/types\/page"}],"author":[{"embeddable":true,"href":"https:\/\/steuerportal.ch\/fr\/wp-json\/wp\/v2\/users\/3"}],"replies":[{"embeddable":true,"href":"https:\/\/steuerportal.ch\/fr\/wp-json\/wp\/v2\/comments?post=21629"}],"version-history":[{"count":1,"href":"https:\/\/steuerportal.ch\/fr\/wp-json\/wp\/v2\/pages\/21629\/revisions"}],"predecessor-version":[{"id":21630,"href":"https:\/\/steuerportal.ch\/fr\/wp-json\/wp\/v2\/pages\/21629\/revisions\/21630"}],"up":[{"embeddable":true,"href":"https:\/\/steuerportal.ch\/fr\/wp-json\/wp\/v2\/pages\/6980"}],"wp:attachment":[{"href":"https:\/\/steuerportal.ch\/fr\/wp-json\/wp\/v2\/media?parent=21629"}],"curies":[{"name":"wp","href":"https:\/\/api.w.org\/{rel}","templated":true}]}}