{"id":1629,"date":"2019-12-11T00:23:59","date_gmt":"2019-12-10T23:23:59","guid":{"rendered":"https:\/\/steuerportal.ch\/?page_id=1629"},"modified":"2024-05-24T16:05:48","modified_gmt":"2024-05-24T14:05:48","slug":"interkantonales-steuerrecht","status":"publish","type":"page","link":"https:\/\/steuerportal.ch\/fr\/steuern-kompakt\/interkantonales-steuerrecht\/","title":{"rendered":"Interkantonales"},"content":{"rendered":"<h1 class=\"wp-block-heading\" id=\"einfuhrung\">Interkantonales Steuerrecht<\/h1><p><em>Grundz&uuml;ge, kompakte Zusammenfassung und weiterf&uuml;hrende Informationen zum interkantonalen Steuerrecht.<\/em><\/p><h2 class=\"wp-block-heading\" id=\"block-e16ac692-0e76-4a5a-afe9-6a96b4a877c1\">Einf&uuml;hrung<\/h2><p>Die interkantonale Doppelbesteuerung ist verboten (BV 127 Abs. 3). Bis heute fehlt jedoch eine Bundesgesetzgebung zum interkantonalen Doppelbesteuerungsverbot. Das Bundesgericht hat aber in einer langj&auml;hrigen, direkt auf die Verfassungsnorm gest&uuml;tzten Rechtsprechung das Doppelbesteuerungsverbot konkretisiert und Regeln zu ihrer Vermeidung aufgestellt. Deshalb ist das interkantonale Steuerrecht heute im Wesentlichen sogenanntes Richterrecht. Das Steuerharmonisierungsgesetz (StHG) enth&auml;lt verschiedene Bestimmungen, welche direkt die Abgrenzung des Besteuerungsrechts zwischen den Kantonen regeln. Von gr&ouml;sserer Bedeutung f&uuml;r die Vermeidung von Doppelbesteuerung ist das StHG jedoch durch die Vereinheitlichung der kantonalen Steuergesetze, weil es damit Konfliktpotenzial bei Ankn&uuml;pfungspunkten zu mehreren Kantonen schon im Vornherein weitgehend beseitigt.<\/p><h2 class=\"wp-block-heading\" id=\"zusammenfassung\">Zusammenfassung interkantonales Steuerrecht<\/h2><p>Lesen Sie hier die Steuern kompakt!-Zusammenfassung zum interkantonalen Steuerrecht von Mathias Oertli:<\/p><div class=\"wp-block-file\"><a href=\"https:\/\/steuerportal.ch\/wp-content\/uploads\/2024\/05\/Interkantonales_Steuerrecht_Update_2024.pdf\" class=\"wp-block-file__button wp-element-button\" download>Herunterladen<\/a><\/div><p>(PDF; aktualisiert: Mai 2024)<\/p><figure class=\"wp-block-image aligncenter size-large is-resized\"><img decoding=\"async\" src=\"https:\/\/steuerportal.ch\/wp-content\/uploads\/2020\/08\/Zeichenfl%C3%A4che-2y-1024x1024.jpg\" alt=\"Steuern kompakt! Zusammenfassungen\" class=\"wp-image-4192\" style=\"width:512px;height:512px\"><\/figure><h2 class=\"wp-block-heading\" id=\"wichtige-links-zum-thema\">Wichtige Links zum Thema<\/h2><h3 class=\"wp-block-heading\" id=\"block-0fceaf95-f283-4f3e-bb8d-1b13c80c332d\">Gesetze und Verordnungen<\/h3><p>Interkantonales Doppelbesteuerungsverbot<br><a href=\"http:\/\/www.admin.ch\/ch\/d\/sr\/101\/a127.html\" target=\"_blank\" rel=\"noreferrer noopener\">BV 127 Abs. 3<\/a><\/p><p>Bundesgesetz &uuml;ber die Harmonisierung der direkten Steuern der Kantone und Gemeinden (StHG) | 642.14<br><a href=\"http:\/\/www.admin.ch\/ch\/d\/sr\/642_14\/index.html\" target=\"_blank\" rel=\"noreferrer noopener\">Html (Artikel einzeln)<\/a><br><a href=\"http:\/\/www.lexfind.ch\/dta\/19403\/2\/\" target=\"_blank\" rel=\"noreferrer noopener\">PDF (komplett)<\/a><\/p><p>Schweizerische Steuerkonferenz<br><a rel=\"noreferrer noopener\" href=\"http:\/\/www.steuerkonferenz.ch\/\" target=\"_blank\">Aktuelles<\/a><\/p><h2 class=\"wp-block-heading\" id=\"block-23fcde28-dcfe-4918-b256-b42128b38761\">Literatur<\/h2><p><strong><a href=\"https:\/\/steuerportal.ch\/fachmodule\/steuerrevue\/\">Steuer Revue<\/a><\/strong> <br>&Uuml;ber die wichtigsten Entwicklungen und die aktuelle Rechtsprechung im Bereich des interkantonalen Steuerrechts orientiert monatlich die Steuer Revue <a href=\"https:\/\/steuerportal.ch\/fachmodule\/steuerrevue\/\"> <\/a><br><a href=\"https:\/\/steuerportal.ch\/fachmodule\/steuerrevue\/\">mehr erfahren<\/a><\/p><p><strong><a href=\"https:\/\/www.cosmosverlag.ch\/fachmedien\/produkt-schlagwort\/interkantonales-steuerrecht\/\" target=\"_blank\" rel=\"noreferrer noopener\">www.cosmosverlag.ch<\/a><\/strong> <br>Weitere Fachliteratur und Veranstaltungen zum interkantonalen Steuerrecht finden Sie unter www.cosmosverlag.ch (Thema Interkantonales Steuerrecht)<br><a href=\"https:\/\/www.cosmosverlag.ch\/fachmedien\/produkt-schlagwort\/interkantonales-steuerrecht\/\" target=\"_blank\" rel=\"noreferrer noopener\">mehr erfahren<\/a><\/p><h2 class=\"wp-block-heading\" id=\"block-cb318d57-fdc6-4e4b-ba6c-5933da310830\">Alle Zusammenfassungen<\/h2><div class=\"wp-block-group is-layout-flow wp-block-group-is-layout-flow\">\n<p><em>Steuern kompakt!<\/em> bietet aktuell &Uuml;bersichten und Zusammenfassungen zu folgenden Themen:<\/p>\n\n\n\n<ul class=\"wp-block-list\">\n<li><a href=\"https:\/\/steuerportal.ch\/steuern-kompakt\/\">Einf&uuml;hrung in das schweizerische Steuerrecht<\/a><\/li>\n\n\n\n<li><a href=\"https:\/\/steuerportal.ch\/steuern-kompakt\/einkommen-und-vermoegen\/\">Einkommens- und Verm&ouml;genssteuern<\/a><\/li>\n\n\n\n<li><a href=\"https:\/\/steuerportal.ch\/steuern-kompakt\/gewinn-und-kapital\/\">Gewinn- und Kapitalsteuern<\/a><\/li>\n\n\n\n<li><a href=\"https:\/\/steuerportal.ch\/steuern-kompakt\/mehrwertsteuer\/\">Mehrwertsteuer<\/a><\/li>\n\n\n\n<li><a href=\"https:\/\/steuerportal.ch\/steuern-kompakt\/verrechnungssteuer\/\">Verrechnungssteuer<\/a><\/li>\n\n\n\n<li><a href=\"https:\/\/steuerportal.ch\/steuern-kompakt\/stempelabgaben\/\">Stempelabgaben<\/a><\/li>\n\n\n\n<li><a href=\"https:\/\/steuerportal.ch\/steuern-kompakt\/interkantonales-steuerrecht\/\">Interkantonales Steuerrecht<\/a><\/li>\n<\/ul>\n<\/div>\n","protected":false},"excerpt":{"rendered":"<p>Interkantonales Steuerrecht Grundz&uuml;ge, kompakte Zusammenfassung und weiterf&uuml;hrende Informationen zum interkantonalen Steuerrecht. Einf&uuml;hrung Die interkantonale Doppelbesteuerung ist verboten (BV 127 Abs. 3). Bis heute fehlt jedoch eine Bundesgesetzgebung zum interkantonalen Doppelbesteuerungsverbot. Das Bundesgericht hat aber in einer langj&auml;hrigen, direkt auf die Verfassungsnorm gest&uuml;tzten Rechtsprechung das Doppelbesteuerungsverbot konkretisiert und Regeln zu ihrer&hellip;<\/p>\n","protected":false},"author":3,"featured_media":0,"parent":1549,"menu_order":20,"comment_status":"closed","ping_status":"closed","template":"","meta":{"_acf_changed":false,"footnotes":""},"class_list":["post-1629","page","type-page","status-publish","hentry"],"acf":[],"yoast_head":"<!-- This site is optimized with the Yoast SEO plugin v27.6 - https:\/\/yoast.com\/product\/yoast-seo-wordpress\/ -->\n<title>Zusammenfassung interkantonales Steuerrecht &#8226; steuerportal.ch<\/title>\n<meta name=\"description\" content=\"Interkantonales Steuerrecht der Schweiz: Die interkantonale Doppelbesteuerung ist verboten. Zusammenfassung und Verweise zur Thematik.\" \/>\n<meta name=\"robots\" content=\"index, follow, max-snippet:-1, max-image-preview:large, max-video-preview:-1\" \/>\n<link rel=\"canonical\" href=\"https:\/\/steuerportal.ch\/fr\/steuern-kompakt\/interkantonales-steuerrecht\/\" \/>\n<meta property=\"og:locale\" content=\"fr_FR\" \/>\n<meta property=\"og:type\" content=\"article\" \/>\n<meta property=\"og:title\" content=\"Zusammenfassung interkantonales Steuerrecht &#8226; steuerportal.ch\" \/>\n<meta property=\"og:description\" content=\"Interkantonales Steuerrecht der Schweiz: Die interkantonale Doppelbesteuerung ist verboten. Zusammenfassung und Verweise zur Thematik.\" \/>\n<meta property=\"og:url\" content=\"https:\/\/steuerportal.ch\/fr\/steuern-kompakt\/interkantonales-steuerrecht\/\" \/>\n<meta property=\"og:site_name\" content=\"steuerportal.ch\" \/>\n<meta property=\"article:modified_time\" content=\"2024-05-24T14:05:48+00:00\" \/>\n<meta name=\"twitter:card\" content=\"summary_large_image\" \/>\n<meta name=\"twitter:label1\" content=\"Dur\u00e9e de lecture estim\u00e9e\" \/>\n\t<meta name=\"twitter:data1\" content=\"2 minutes\" \/>\n<script type=\"application\/ld+json\" class=\"yoast-schema-graph\">{\"@context\":\"https:\\\/\\\/schema.org\",\"@graph\":[{\"@type\":\"WebPage\",\"@id\":\"https:\\\/\\\/steuerportal.ch\\\/fr\\\/steuern-kompakt\\\/interkantonales-steuerrecht\\\/\",\"url\":\"https:\\\/\\\/steuerportal.ch\\\/fr\\\/steuern-kompakt\\\/interkantonales-steuerrecht\\\/\",\"name\":\"Zusammenfassung interkantonales Steuerrecht &#8226; steuerportal.ch\",\"isPartOf\":{\"@id\":\"https:\\\/\\\/steuerportal.ch\\\/fr\\\/#website\"},\"datePublished\":\"2019-12-10T23:23:59+00:00\",\"dateModified\":\"2024-05-24T14:05:48+00:00\",\"description\":\"Interkantonales Steuerrecht der Schweiz: Die interkantonale Doppelbesteuerung ist verboten. Zusammenfassung und Verweise zur Thematik.\",\"breadcrumb\":{\"@id\":\"https:\\\/\\\/steuerportal.ch\\\/fr\\\/steuern-kompakt\\\/interkantonales-steuerrecht\\\/#breadcrumb\"},\"inLanguage\":\"fr-FR\",\"potentialAction\":[{\"@type\":\"ReadAction\",\"target\":[\"https:\\\/\\\/steuerportal.ch\\\/fr\\\/steuern-kompakt\\\/interkantonales-steuerrecht\\\/\"]}]},{\"@type\":\"BreadcrumbList\",\"@id\":\"https:\\\/\\\/steuerportal.ch\\\/fr\\\/steuern-kompakt\\\/interkantonales-steuerrecht\\\/#breadcrumb\",\"itemListElement\":[{\"@type\":\"ListItem\",\"position\":1,\"name\":\"Page d'accueil\",\"item\":\"https:\\\/\\\/steuerportal.ch\\\/fr\\\/\"},{\"@type\":\"ListItem\",\"position\":2,\"name\":\"Steuern kompakt!\",\"item\":\"https:\\\/\\\/steuerportal.ch\\\/fr\\\/steuern-kompakt\\\/\"},{\"@type\":\"ListItem\",\"position\":3,\"name\":\"Interkantonales\"}]},{\"@type\":\"WebSite\",\"@id\":\"https:\\\/\\\/steuerportal.ch\\\/fr\\\/#website\",\"url\":\"https:\\\/\\\/steuerportal.ch\\\/fr\\\/\",\"name\":\"steuerportal.ch\",\"description\":\"Le portail suisse sp\u00e9cialis\u00e9 dans le domaine des imp\u00f4ts\",\"publisher\":{\"@id\":\"https:\\\/\\\/steuerportal.ch\\\/fr\\\/#organization\"},\"potentialAction\":[{\"@type\":\"SearchAction\",\"target\":{\"@type\":\"EntryPoint\",\"urlTemplate\":\"https:\\\/\\\/steuerportal.ch\\\/fr\\\/?s={search_term_string}\"},\"query-input\":{\"@type\":\"PropertyValueSpecification\",\"valueRequired\":true,\"valueName\":\"search_term_string\"}}],\"inLanguage\":\"fr-FR\"},{\"@type\":\"Organization\",\"@id\":\"https:\\\/\\\/steuerportal.ch\\\/fr\\\/#organization\",\"name\":\"Steuerportal (Cosmos Verlag)\",\"url\":\"https:\\\/\\\/steuerportal.ch\\\/fr\\\/\",\"logo\":{\"@type\":\"ImageObject\",\"inLanguage\":\"fr-FR\",\"@id\":\"https:\\\/\\\/steuerportal.ch\\\/fr\\\/#\\\/schema\\\/logo\\\/image\\\/\",\"url\":\"https:\\\/\\\/steuerportal.ch\\\/wp-content\\\/uploads\\\/2021\\\/06\\\/cosmos_c-strich_h_positiv_bunt.svg\",\"contentUrl\":\"https:\\\/\\\/steuerportal.ch\\\/wp-content\\\/uploads\\\/2021\\\/06\\\/cosmos_c-strich_h_positiv_bunt.svg\",\"width\":191,\"height\":44,\"caption\":\"Steuerportal (Cosmos Verlag)\"},\"image\":{\"@id\":\"https:\\\/\\\/steuerportal.ch\\\/fr\\\/#\\\/schema\\\/logo\\\/image\\\/\"}}]}<\/script>\n<!-- \/ Yoast SEO plugin. -->","yoast_head_json":{"title":"Zusammenfassung interkantonales Steuerrecht &#8226; steuerportal.ch","description":"Interkantonales Steuerrecht der Schweiz: Die interkantonale Doppelbesteuerung ist verboten. Zusammenfassung und Verweise zur Thematik.","robots":{"index":"index","follow":"follow","max-snippet":"max-snippet:-1","max-image-preview":"max-image-preview:large","max-video-preview":"max-video-preview:-1"},"canonical":"https:\/\/steuerportal.ch\/fr\/steuern-kompakt\/interkantonales-steuerrecht\/","og_locale":"fr_FR","og_type":"article","og_title":"Zusammenfassung interkantonales Steuerrecht &#8226; steuerportal.ch","og_description":"Interkantonales Steuerrecht der Schweiz: Die interkantonale Doppelbesteuerung ist verboten. Zusammenfassung und Verweise zur Thematik.","og_url":"https:\/\/steuerportal.ch\/fr\/steuern-kompakt\/interkantonales-steuerrecht\/","og_site_name":"steuerportal.ch","article_modified_time":"2024-05-24T14:05:48+00:00","twitter_card":"summary_large_image","twitter_misc":{"Dur\u00e9e de lecture estim\u00e9e":"2 minutes"},"schema":{"@context":"https:\/\/schema.org","@graph":[{"@type":"WebPage","@id":"https:\/\/steuerportal.ch\/fr\/steuern-kompakt\/interkantonales-steuerrecht\/","url":"https:\/\/steuerportal.ch\/fr\/steuern-kompakt\/interkantonales-steuerrecht\/","name":"Zusammenfassung interkantonales Steuerrecht &#8226; steuerportal.ch","isPartOf":{"@id":"https:\/\/steuerportal.ch\/fr\/#website"},"datePublished":"2019-12-10T23:23:59+00:00","dateModified":"2024-05-24T14:05:48+00:00","description":"Interkantonales Steuerrecht der Schweiz: Die interkantonale Doppelbesteuerung ist verboten. Zusammenfassung und Verweise zur Thematik.","breadcrumb":{"@id":"https:\/\/steuerportal.ch\/fr\/steuern-kompakt\/interkantonales-steuerrecht\/#breadcrumb"},"inLanguage":"fr-FR","potentialAction":[{"@type":"ReadAction","target":["https:\/\/steuerportal.ch\/fr\/steuern-kompakt\/interkantonales-steuerrecht\/"]}]},{"@type":"BreadcrumbList","@id":"https:\/\/steuerportal.ch\/fr\/steuern-kompakt\/interkantonales-steuerrecht\/#breadcrumb","itemListElement":[{"@type":"ListItem","position":1,"name":"Page d'accueil","item":"https:\/\/steuerportal.ch\/fr\/"},{"@type":"ListItem","position":2,"name":"Steuern kompakt!","item":"https:\/\/steuerportal.ch\/fr\/steuern-kompakt\/"},{"@type":"ListItem","position":3,"name":"Interkantonales"}]},{"@type":"WebSite","@id":"https:\/\/steuerportal.ch\/fr\/#website","url":"https:\/\/steuerportal.ch\/fr\/","name":"steuerportal.ch","description":"Le portail suisse sp\u00e9cialis\u00e9 dans le domaine des imp\u00f4ts","publisher":{"@id":"https:\/\/steuerportal.ch\/fr\/#organization"},"potentialAction":[{"@type":"SearchAction","target":{"@type":"EntryPoint","urlTemplate":"https:\/\/steuerportal.ch\/fr\/?s={search_term_string}"},"query-input":{"@type":"PropertyValueSpecification","valueRequired":true,"valueName":"search_term_string"}}],"inLanguage":"fr-FR"},{"@type":"Organization","@id":"https:\/\/steuerportal.ch\/fr\/#organization","name":"Steuerportal (Cosmos Verlag)","url":"https:\/\/steuerportal.ch\/fr\/","logo":{"@type":"ImageObject","inLanguage":"fr-FR","@id":"https:\/\/steuerportal.ch\/fr\/#\/schema\/logo\/image\/","url":"https:\/\/steuerportal.ch\/wp-content\/uploads\/2021\/06\/cosmos_c-strich_h_positiv_bunt.svg","contentUrl":"https:\/\/steuerportal.ch\/wp-content\/uploads\/2021\/06\/cosmos_c-strich_h_positiv_bunt.svg","width":191,"height":44,"caption":"Steuerportal (Cosmos Verlag)"},"image":{"@id":"https:\/\/steuerportal.ch\/fr\/#\/schema\/logo\/image\/"}}]}},"_links":{"self":[{"href":"https:\/\/steuerportal.ch\/fr\/wp-json\/wp\/v2\/pages\/1629","targetHints":{"allow":["GET"]}}],"collection":[{"href":"https:\/\/steuerportal.ch\/fr\/wp-json\/wp\/v2\/pages"}],"about":[{"href":"https:\/\/steuerportal.ch\/fr\/wp-json\/wp\/v2\/types\/page"}],"author":[{"embeddable":true,"href":"https:\/\/steuerportal.ch\/fr\/wp-json\/wp\/v2\/users\/3"}],"replies":[{"embeddable":true,"href":"https:\/\/steuerportal.ch\/fr\/wp-json\/wp\/v2\/comments?post=1629"}],"version-history":[{"count":15,"href":"https:\/\/steuerportal.ch\/fr\/wp-json\/wp\/v2\/pages\/1629\/revisions"}],"predecessor-version":[{"id":18852,"href":"https:\/\/steuerportal.ch\/fr\/wp-json\/wp\/v2\/pages\/1629\/revisions\/18852"}],"up":[{"embeddable":true,"href":"https:\/\/steuerportal.ch\/fr\/wp-json\/wp\/v2\/pages\/1549"}],"wp:attachment":[{"href":"https:\/\/steuerportal.ch\/fr\/wp-json\/wp\/v2\/media?parent=1629"}],"curies":[{"name":"wp","href":"https:\/\/api.w.org\/{rel}","templated":true}]}}