{"id":1625,"date":"2019-12-11T00:21:05","date_gmt":"2019-12-10T23:21:05","guid":{"rendered":"https:\/\/steuerportal.ch\/?page_id=1625"},"modified":"2026-03-02T18:05:12","modified_gmt":"2026-03-02T17:05:12","slug":"gewinn-und-kapital","status":"publish","type":"page","link":"https:\/\/steuerportal.ch\/fr\/steuern-kompakt\/gewinn-und-kapital\/","title":{"rendered":"Gewinn und Kapital"},"content":{"rendered":"<h1 class=\"wp-block-heading\" id=\"einfuhrung\">Gewinn- und Kapitalsteuern<\/h1><p><em>Grundz&uuml;ge, kompakte Zusammenfassung und weiterf&uuml;hrende Informationen zur Besteuerung juristischer Personen (Gewinn- und Kapitalsteuern).<\/em><\/p><h2 class=\"wp-block-heading\" id=\"block-58733d7c-55eb-4832-bba1-82a723a3cf0f\">Einf&uuml;hrung<\/h2><p>Als juristische Personen gef&uuml;hrte&nbsp;<strong>Unternehmen<\/strong>&nbsp;sind eigene&nbsp;<strong>Steuersubjekte<\/strong>&nbsp;und m&uuml;ssen u.a. eine Gewinn- und Kapitalsteuer entrichten. Die Gewinnsteuer wird von&nbsp;<strong>Bund<\/strong>, den&nbsp;<strong>Kantonen<\/strong>&nbsp;und&nbsp;<strong>Gemeinden<\/strong>&nbsp;erhoben, die Kapitalsteuer hingegen nur von den&nbsp;<strong>Kantonen<\/strong>&nbsp;und&nbsp;<strong>Gemeinden<\/strong>.<\/p><p>Das Steuerrecht unterscheidet zwei Gruppen von juristischen Personen:<\/p><ul class=\"wp-block-list\">\n<li>Die Kapitalgesellschaften (v.a. AG und GmbH) und Genossenschaften<\/li>\n\n\n\n<li>Die &uuml;brigen juristischen Personen (v.a. Vereine und Stiftungen)<br><br>Einzelunternehmen oder Personengesellschaften sind keine juristischen Personen und damit keine Steuersubjekte. Sie werden durch die <a href=\"https:\/\/steuerportal.ch\/steuern-kompakt\/einkommen-und-vermoegen\/\">Einkommens- und Verm&ouml;genssteuern<\/a> der jeweiligen Inhaber steuerlich erfasst.<\/li>\n<\/ul><h2 class=\"wp-block-heading\" id=\"zusammenfassung\">Zusammenfassung Gewinn- und Kapitalsteuer<\/h2><p>Lesen Sie hier die Steuern kompakt!-Zusammenfassung zur Gewinn- und Kapitalsteuer von <strong>Roger M. Cadosch<\/strong>:<\/p><div class=\"wp-block-file\"><a href=\"https:\/\/steuerportal.ch\/wp-content\/uploads\/2026\/03\/Gewinn_und_Kapitalsteuer_Update_2026.pdf\" class=\"wp-block-file__button wp-element-button\" download>Herunterladen<\/a><\/div><p>(PDF; aktualisiert: Februar 2026)<\/p><figure class=\"wp-block-image aligncenter size-large is-resized\"><img decoding=\"async\" src=\"https:\/\/steuerportal.ch\/wp-content\/uploads\/2020\/08\/Zeichenfl%C3%A4che-2y-1024x1024.jpg\" alt=\"Steuern kompakt! Zusammenfassungen wichtigster Steuerarten der Schweiz\" class=\"wp-image-4192\" style=\"width:512px;height:512px\"><\/figure><h2 class=\"wp-block-heading\" id=\"wichtige-links-zum-thema\">Wichtige Links zum Thema<\/h2><h3 class=\"wp-block-heading\" id=\"block-bf19b513-a18c-4971-9d63-cfb7508a76b4\">Gesetze und Verordnungen<\/h3><p>Bundesgesetz &uuml;ber die direkte Bundessteuer (DBG) | 642.11<br><a href=\"http:\/\/www.admin.ch\/ch\/d\/sr\/642_11\/index.html\" target=\"_blank\" rel=\"noreferrer noopener\">Html (Artikel einzeln)<\/a><br><a href=\"http:\/\/www.lexfind.ch\/dta\/18643\/2\/\" target=\"_blank\" rel=\"noreferrer noopener\">PDF (komplett)<\/a><\/p><p>Bundesgesetz &uuml;ber die Harmonisierung der direkten Steuern der Kantone und Gemeinden (StHG) | 642.14<br><a href=\"http:\/\/www.admin.ch\/ch\/d\/sr\/642_14\/index.html\" target=\"_blank\" rel=\"noreferrer noopener\">Html (Artikel einzeln)<\/a><br><a href=\"http:\/\/www.lexfind.ch\/dta\/19403\/2\/\" target=\"_blank\" rel=\"noreferrer noopener\">PDF (komplett)<\/a><\/p><p>Weitere Erlasse zur<br><a href=\"http:\/\/www.admin.ch\/ch\/d\/sr\/64.html#642.1\" target=\"_blank\" rel=\"noreferrer noopener\">direkten Bundessteuer<\/a><\/p><h3 class=\"wp-block-heading\" id=\"block-aff32121-bb76-4ad8-81f5-d6100afb36df\">Verwaltung<\/h3><p><a href=\"https:\/\/www.estv.admin.ch\/estv\/de\/home\/direkte-bundessteuer\/fachinformationen-dbst\/dbst-gesetzliche-grundlagen.html\" target=\"_blank\" rel=\"noreferrer noopener\">Gesetzliche Grundlagen<\/a><br><a href=\"https:\/\/www.estv.admin.ch\/estv\/de\/home\/direkte-bundessteuer\/fachinformationen-dbst\/dbst-merkblaetter.html\" target=\"_blank\" rel=\"noreferrer noopener\">Merkbl&auml;tter<\/a><br><a href=\"https:\/\/www.estv.admin.ch\/estv\/de\/home\/direkte-bundessteuer\/fachinformationen-dbst\/dbst-kreisschreiben.html\" target=\"_blank\" rel=\"noreferrer noopener\">Kreisschreiben<\/a><br><a href=\"https:\/\/www.estv.admin.ch\/estv\/de\/home\/direkte-bundessteuer\/fachinformationen-dbst\/rundschreiben.html\" target=\"_blank\" rel=\"noreferrer noopener\">Rundschreiben<\/a><\/p><h2 class=\"wp-block-heading\" id=\"block-f7096fad-4b26-43fb-8c77-c74304869f0b\">Literatur <\/h2><p><strong><a href=\"https:\/\/steuerportal.ch\/fachmodule\/steuerrevue\/\">Steuer Revue<\/a><\/strong> <br>Die Steuer Revue orientiert monatlich &uuml;ber die wichtigsten Entwicklungen und die aktuelle Rechtsprechung zur Besteuerung juristischer Personen<br><a href=\"https:\/\/steuerportal.ch\/fachmodule\/steuerrevue\/\">mehr erfahren<\/a> <\/p><p><strong><a href=\"https:\/\/www.cosmosverlag.ch\/fachmedien\/produkt-schlagwort\/gewinn-und-kapitalsteuer\/\" target=\"_blank\" rel=\"noreferrer noopener\">www.cosmosverlag.ch<\/a><\/strong><br>Weitere Fachliteratur und Veranstaltungen zur Besteuerung juristischer Personen finden Sie unter www.cosmosverlag.ch (Thema Gewinn- und Kapitalsteuer)<br><a href=\"https:\/\/www.cosmosverlag.ch\/fachmedien\/produkt-schlagwort\/gewinn-und-kapitalsteuer\/\" target=\"_blank\" rel=\"noreferrer noopener\">mehr erfahren<\/a> <\/p><h2 class=\"wp-block-heading\" id=\"block-aa3b98fe-b2d2-4d6b-b712-d4bdb806c497\">Alle Zusammenfassungen<\/h2><div class=\"wp-block-group is-layout-flow wp-block-group-is-layout-flow\">\n<p><em>Steuern kompakt!<\/em> bietet aktuell &Uuml;bersichten und Zusammenfassungen zu folgenden Themen:<\/p>\n\n\n\n<ul class=\"wp-block-list\">\n<li><a href=\"https:\/\/steuerportal.ch\/steuern-kompakt\/\">Einf&uuml;hrung in das schweizerische Steuerrecht<\/a><\/li>\n\n\n\n<li><a href=\"https:\/\/steuerportal.ch\/steuern-kompakt\/einkommen-und-vermoegen\/\">Einkommens- und Verm&ouml;genssteuern<\/a><\/li>\n\n\n\n<li><a href=\"https:\/\/steuerportal.ch\/steuern-kompakt\/gewinn-und-kapital\/\">Gewinn- und Kapitalsteuern<\/a><\/li>\n\n\n\n<li><a href=\"https:\/\/steuerportal.ch\/steuern-kompakt\/mehrwertsteuer\/\">Mehrwertsteuer<\/a><\/li>\n\n\n\n<li><a href=\"https:\/\/steuerportal.ch\/steuern-kompakt\/verrechnungssteuer\/\">Verrechnungssteuer<\/a><\/li>\n\n\n\n<li><a href=\"https:\/\/steuerportal.ch\/steuern-kompakt\/stempelabgaben\/\">Stempelabgaben<\/a><\/li>\n\n\n\n<li><a href=\"https:\/\/steuerportal.ch\/steuern-kompakt\/interkantonales-steuerrecht\/\">Interkantonales Steuerrecht<\/a><\/li>\n<\/ul>\n<\/div>\n","protected":false},"excerpt":{"rendered":"<p>Gewinn- und Kapitalsteuern Grundz&uuml;ge, kompakte Zusammenfassung und weiterf&uuml;hrende Informationen zur Besteuerung juristischer Personen (Gewinn- und Kapitalsteuern). Einf&uuml;hrung Als juristische Personen gef&uuml;hrte&nbsp;Unternehmen&nbsp;sind eigene&nbsp;Steuersubjekte&nbsp;und m&uuml;ssen u.a. eine Gewinn- und Kapitalsteuer entrichten. Die Gewinnsteuer wird von&nbsp;Bund, den&nbsp;Kantonen&nbsp;und&nbsp;Gemeinden&nbsp;erhoben, die Kapitalsteuer hingegen nur von&hellip;<\/p>\n","protected":false},"author":3,"featured_media":0,"parent":1549,"menu_order":3,"comment_status":"closed","ping_status":"closed","template":"","meta":{"_acf_changed":false,"footnotes":""},"class_list":["post-1625","page","type-page","status-publish","hentry"],"acf":[],"yoast_head":"<!-- This site is optimized with the Yoast SEO plugin v27.6 - https:\/\/yoast.com\/product\/yoast-seo-wordpress\/ -->\n<title>Zusammenfassung Gewinn- und Kapitalsteuer &#8226; steuerportal.ch<\/title>\n<meta name=\"description\" content=\"Grundz\u00fcge, Zusammenfassung und weitere Informationen sowie Verweise zur schweizerischen Gewinn- und Kapitalsteuer.\" \/>\n<meta name=\"robots\" content=\"index, follow, max-snippet:-1, max-image-preview:large, max-video-preview:-1\" \/>\n<link rel=\"canonical\" href=\"https:\/\/steuerportal.ch\/fr\/steuern-kompakt\/gewinn-und-kapital\/\" \/>\n<meta property=\"og:locale\" content=\"fr_FR\" \/>\n<meta property=\"og:type\" content=\"article\" \/>\n<meta property=\"og:title\" content=\"Zusammenfassung Gewinn- und Kapitalsteuer &#8226; steuerportal.ch\" \/>\n<meta property=\"og:description\" content=\"Grundz\u00fcge, Zusammenfassung und weitere Informationen sowie Verweise zur schweizerischen Gewinn- und Kapitalsteuer.\" \/>\n<meta property=\"og:url\" content=\"https:\/\/steuerportal.ch\/fr\/steuern-kompakt\/gewinn-und-kapital\/\" \/>\n<meta property=\"og:site_name\" content=\"steuerportal.ch\" \/>\n<meta property=\"article:modified_time\" content=\"2026-03-02T17:05:12+00:00\" \/>\n<meta name=\"twitter:card\" content=\"summary_large_image\" \/>\n<meta name=\"twitter:label1\" content=\"Dur\u00e9e de lecture estim\u00e9e\" \/>\n\t<meta name=\"twitter:data1\" content=\"2 minutes\" \/>\n<script type=\"application\/ld+json\" class=\"yoast-schema-graph\">{\"@context\":\"https:\\\/\\\/schema.org\",\"@graph\":[{\"@type\":\"WebPage\",\"@id\":\"https:\\\/\\\/steuerportal.ch\\\/fr\\\/steuern-kompakt\\\/gewinn-und-kapital\\\/\",\"url\":\"https:\\\/\\\/steuerportal.ch\\\/fr\\\/steuern-kompakt\\\/gewinn-und-kapital\\\/\",\"name\":\"Zusammenfassung Gewinn- und Kapitalsteuer &#8226; steuerportal.ch\",\"isPartOf\":{\"@id\":\"https:\\\/\\\/steuerportal.ch\\\/fr\\\/#website\"},\"datePublished\":\"2019-12-10T23:21:05+00:00\",\"dateModified\":\"2026-03-02T17:05:12+00:00\",\"description\":\"Grundz\u00fcge, Zusammenfassung und weitere Informationen sowie Verweise zur schweizerischen Gewinn- und Kapitalsteuer.\",\"breadcrumb\":{\"@id\":\"https:\\\/\\\/steuerportal.ch\\\/fr\\\/steuern-kompakt\\\/gewinn-und-kapital\\\/#breadcrumb\"},\"inLanguage\":\"fr-FR\",\"potentialAction\":[{\"@type\":\"ReadAction\",\"target\":[\"https:\\\/\\\/steuerportal.ch\\\/fr\\\/steuern-kompakt\\\/gewinn-und-kapital\\\/\"]}]},{\"@type\":\"BreadcrumbList\",\"@id\":\"https:\\\/\\\/steuerportal.ch\\\/fr\\\/steuern-kompakt\\\/gewinn-und-kapital\\\/#breadcrumb\",\"itemListElement\":[{\"@type\":\"ListItem\",\"position\":1,\"name\":\"Page d'accueil\",\"item\":\"https:\\\/\\\/steuerportal.ch\\\/fr\\\/\"},{\"@type\":\"ListItem\",\"position\":2,\"name\":\"Steuern kompakt!\",\"item\":\"https:\\\/\\\/steuerportal.ch\\\/fr\\\/steuern-kompakt\\\/\"},{\"@type\":\"ListItem\",\"position\":3,\"name\":\"Gewinn und Kapital\"}]},{\"@type\":\"WebSite\",\"@id\":\"https:\\\/\\\/steuerportal.ch\\\/fr\\\/#website\",\"url\":\"https:\\\/\\\/steuerportal.ch\\\/fr\\\/\",\"name\":\"steuerportal.ch\",\"description\":\"Le portail suisse sp\u00e9cialis\u00e9 dans le domaine des imp\u00f4ts\",\"publisher\":{\"@id\":\"https:\\\/\\\/steuerportal.ch\\\/fr\\\/#organization\"},\"potentialAction\":[{\"@type\":\"SearchAction\",\"target\":{\"@type\":\"EntryPoint\",\"urlTemplate\":\"https:\\\/\\\/steuerportal.ch\\\/fr\\\/?s={search_term_string}\"},\"query-input\":{\"@type\":\"PropertyValueSpecification\",\"valueRequired\":true,\"valueName\":\"search_term_string\"}}],\"inLanguage\":\"fr-FR\"},{\"@type\":\"Organization\",\"@id\":\"https:\\\/\\\/steuerportal.ch\\\/fr\\\/#organization\",\"name\":\"Steuerportal (Cosmos Verlag)\",\"url\":\"https:\\\/\\\/steuerportal.ch\\\/fr\\\/\",\"logo\":{\"@type\":\"ImageObject\",\"inLanguage\":\"fr-FR\",\"@id\":\"https:\\\/\\\/steuerportal.ch\\\/fr\\\/#\\\/schema\\\/logo\\\/image\\\/\",\"url\":\"https:\\\/\\\/steuerportal.ch\\\/wp-content\\\/uploads\\\/2021\\\/06\\\/cosmos_c-strich_h_positiv_bunt.svg\",\"contentUrl\":\"https:\\\/\\\/steuerportal.ch\\\/wp-content\\\/uploads\\\/2021\\\/06\\\/cosmos_c-strich_h_positiv_bunt.svg\",\"width\":191,\"height\":44,\"caption\":\"Steuerportal (Cosmos Verlag)\"},\"image\":{\"@id\":\"https:\\\/\\\/steuerportal.ch\\\/fr\\\/#\\\/schema\\\/logo\\\/image\\\/\"}}]}<\/script>\n<!-- \/ Yoast SEO plugin. -->","yoast_head_json":{"title":"Zusammenfassung Gewinn- und Kapitalsteuer &#8226; steuerportal.ch","description":"Grundz\u00fcge, Zusammenfassung und weitere Informationen sowie Verweise zur schweizerischen Gewinn- und Kapitalsteuer.","robots":{"index":"index","follow":"follow","max-snippet":"max-snippet:-1","max-image-preview":"max-image-preview:large","max-video-preview":"max-video-preview:-1"},"canonical":"https:\/\/steuerportal.ch\/fr\/steuern-kompakt\/gewinn-und-kapital\/","og_locale":"fr_FR","og_type":"article","og_title":"Zusammenfassung Gewinn- und Kapitalsteuer &#8226; steuerportal.ch","og_description":"Grundz\u00fcge, Zusammenfassung und weitere Informationen sowie Verweise zur schweizerischen Gewinn- und Kapitalsteuer.","og_url":"https:\/\/steuerportal.ch\/fr\/steuern-kompakt\/gewinn-und-kapital\/","og_site_name":"steuerportal.ch","article_modified_time":"2026-03-02T17:05:12+00:00","twitter_card":"summary_large_image","twitter_misc":{"Dur\u00e9e de lecture estim\u00e9e":"2 minutes"},"schema":{"@context":"https:\/\/schema.org","@graph":[{"@type":"WebPage","@id":"https:\/\/steuerportal.ch\/fr\/steuern-kompakt\/gewinn-und-kapital\/","url":"https:\/\/steuerportal.ch\/fr\/steuern-kompakt\/gewinn-und-kapital\/","name":"Zusammenfassung Gewinn- und Kapitalsteuer &#8226; steuerportal.ch","isPartOf":{"@id":"https:\/\/steuerportal.ch\/fr\/#website"},"datePublished":"2019-12-10T23:21:05+00:00","dateModified":"2026-03-02T17:05:12+00:00","description":"Grundz\u00fcge, Zusammenfassung und weitere Informationen sowie Verweise zur schweizerischen Gewinn- und Kapitalsteuer.","breadcrumb":{"@id":"https:\/\/steuerportal.ch\/fr\/steuern-kompakt\/gewinn-und-kapital\/#breadcrumb"},"inLanguage":"fr-FR","potentialAction":[{"@type":"ReadAction","target":["https:\/\/steuerportal.ch\/fr\/steuern-kompakt\/gewinn-und-kapital\/"]}]},{"@type":"BreadcrumbList","@id":"https:\/\/steuerportal.ch\/fr\/steuern-kompakt\/gewinn-und-kapital\/#breadcrumb","itemListElement":[{"@type":"ListItem","position":1,"name":"Page d'accueil","item":"https:\/\/steuerportal.ch\/fr\/"},{"@type":"ListItem","position":2,"name":"Steuern kompakt!","item":"https:\/\/steuerportal.ch\/fr\/steuern-kompakt\/"},{"@type":"ListItem","position":3,"name":"Gewinn und Kapital"}]},{"@type":"WebSite","@id":"https:\/\/steuerportal.ch\/fr\/#website","url":"https:\/\/steuerportal.ch\/fr\/","name":"steuerportal.ch","description":"Le portail suisse sp\u00e9cialis\u00e9 dans le domaine des imp\u00f4ts","publisher":{"@id":"https:\/\/steuerportal.ch\/fr\/#organization"},"potentialAction":[{"@type":"SearchAction","target":{"@type":"EntryPoint","urlTemplate":"https:\/\/steuerportal.ch\/fr\/?s={search_term_string}"},"query-input":{"@type":"PropertyValueSpecification","valueRequired":true,"valueName":"search_term_string"}}],"inLanguage":"fr-FR"},{"@type":"Organization","@id":"https:\/\/steuerportal.ch\/fr\/#organization","name":"Steuerportal (Cosmos Verlag)","url":"https:\/\/steuerportal.ch\/fr\/","logo":{"@type":"ImageObject","inLanguage":"fr-FR","@id":"https:\/\/steuerportal.ch\/fr\/#\/schema\/logo\/image\/","url":"https:\/\/steuerportal.ch\/wp-content\/uploads\/2021\/06\/cosmos_c-strich_h_positiv_bunt.svg","contentUrl":"https:\/\/steuerportal.ch\/wp-content\/uploads\/2021\/06\/cosmos_c-strich_h_positiv_bunt.svg","width":191,"height":44,"caption":"Steuerportal (Cosmos Verlag)"},"image":{"@id":"https:\/\/steuerportal.ch\/fr\/#\/schema\/logo\/image\/"}}]}},"_links":{"self":[{"href":"https:\/\/steuerportal.ch\/fr\/wp-json\/wp\/v2\/pages\/1625","targetHints":{"allow":["GET"]}}],"collection":[{"href":"https:\/\/steuerportal.ch\/fr\/wp-json\/wp\/v2\/pages"}],"about":[{"href":"https:\/\/steuerportal.ch\/fr\/wp-json\/wp\/v2\/types\/page"}],"author":[{"embeddable":true,"href":"https:\/\/steuerportal.ch\/fr\/wp-json\/wp\/v2\/users\/3"}],"replies":[{"embeddable":true,"href":"https:\/\/steuerportal.ch\/fr\/wp-json\/wp\/v2\/comments?post=1625"}],"version-history":[{"count":23,"href":"https:\/\/steuerportal.ch\/fr\/wp-json\/wp\/v2\/pages\/1625\/revisions"}],"predecessor-version":[{"id":29147,"href":"https:\/\/steuerportal.ch\/fr\/wp-json\/wp\/v2\/pages\/1625\/revisions\/29147"}],"up":[{"embeddable":true,"href":"https:\/\/steuerportal.ch\/fr\/wp-json\/wp\/v2\/pages\/1549"}],"wp:attachment":[{"href":"https:\/\/steuerportal.ch\/fr\/wp-json\/wp\/v2\/media?parent=1625"}],"curies":[{"name":"wp","href":"https:\/\/api.w.org\/{rel}","templated":true}]}}