{"id":1618,"date":"2019-12-11T00:14:45","date_gmt":"2019-12-10T23:14:45","guid":{"rendered":"https:\/\/steuerportal.ch\/?page_id=1618"},"modified":"2026-03-02T18:03:09","modified_gmt":"2026-03-02T17:03:09","slug":"einkommen-und-vermoegen","status":"publish","type":"page","link":"https:\/\/steuerportal.ch\/fr\/steuern-kompakt\/einkommen-und-vermoegen\/","title":{"rendered":"Einkommen und Verm\u00f6gen"},"content":{"rendered":"<h1 class=\"wp-block-heading\" id=\"einfuhrung\">Einkommens- und Verm&ouml;genssteuern<\/h1><p><em>Grundz&uuml;ge, kompakte Zusammenfassung und weiterf&uuml;hrende Informationen zur Besteuerung nat&uuml;rlicher Personen (Einkommens- und Verm&ouml;genssteuer).<\/em><\/p><h2 class=\"wp-block-heading\" id=\"block-dd91c939-3554-41f9-8cd2-1ac5b83510d4\">Einf&uuml;hrung<\/h2><p>Nat&uuml;rliche Personen zahlen u.a. Einkommens- und Verm&ouml;genssteuern.<\/p><p>Der&nbsp;<strong>Bund, die Kantone und die Gemeinden erheben eine Einkommenssteuer<\/strong>. Dabei k&ouml;nnen folgende Einkommensarten unterschieden werden:<\/p><ul class=\"wp-block-list\">\n<li>Erwerbseink&uuml;nfte<\/li>\n\n\n\n<li>Verm&ouml;gensertr&auml;ge<\/li>\n\n\n\n<li>Vorsorgeeink&uuml;nfte<\/li>\n\n\n\n<li>sonstige Eink&uuml;nfte<\/li>\n<\/ul><p>Steuerbar ist nur das reine Einkommen nach Ber&uuml;cksichtigung aller zul&auml;ssigen Abz&uuml;ge. Die Steuertarife sind durchwegs progressiv ausgestaltet.<\/p><p><strong>Die Verm&ouml;genssteuer wird von den Kantonen und Gemeinden erhoben<\/strong>, nicht aber vom Bund. Vom Reinverm&ouml;gen (Bruttoverm&ouml;gen &ndash; Schulden) k&ouml;nnen kantonal unterschiedliche Abz&uuml;ge (Sozialabz&uuml;ge) vorgenommen werden. Zudem gew&auml;hren die meisten Kantone bestimmte&nbsp;<strong>Steuerfreibetr&auml;ge.<\/strong><\/p><h2 class=\"wp-block-heading\" id=\"zusammenfassung\">Zusammenfassung Einkommens- und Verm&ouml;genssteuern<\/h2><p>Lesen Sie hier die Steuern kompakt!-Zusammenfassung zur Einkommens- und Verm&ouml;genssteuer von <strong>Roger M. Cadosch<\/strong>:<\/p><div class=\"wp-block-file\"><a href=\"https:\/\/steuerportal.ch\/wp-content\/uploads\/2026\/03\/Einkommen_Vermoegenssteuer_Update_2026.pdf\" class=\"wp-block-file__button wp-element-button\" download>Herunterladen<\/a><\/div><p>(PDF; aktualisiert: Februar 2026)<\/p><figure class=\"wp-block-image aligncenter size-large is-resized\"><img decoding=\"async\" src=\"https:\/\/steuerportal.ch\/wp-content\/uploads\/2020\/08\/Zeichenfl%C3%A4che-2y-1024x1024.jpg\" alt=\"Steuern kompakt! Zusammenfassungen\" class=\"wp-image-4192\" style=\"width:512px;height:512px\"><\/figure><h2 class=\"wp-block-heading\" id=\"wichtige-links-zum-thema\">Wichtige Links zum Thema<\/h2><h3 class=\"wp-block-heading\" id=\"block-c9232d2d-7f68-421d-9bf7-73ee0e546c00\">Gesetze und Verordnungen<\/h3><p>Bundesgesetz &uuml;ber die direkte Bundessteuer (DBG) | 642.11<br><a href=\"http:\/\/www.admin.ch\/ch\/d\/sr\/642_11\/index.html\" target=\"_blank\" rel=\"noreferrer noopener\">Html (Artikel einzeln)<\/a><br><a href=\"http:\/\/www.lexfind.ch\/dta\/18643\/2\/\" target=\"_blank\" rel=\"noreferrer noopener\">PDF (komplett)<\/a><\/p><p>Bundesgesetz &uuml;ber die Harmonisierung der direkten Steuern der Kantone und Gemeinden (StHG) | 642.14<br><a href=\"http:\/\/www.admin.ch\/ch\/d\/sr\/642_14\/index.html\" target=\"_blank\" rel=\"noreferrer noopener\">Html (Artikel einzeln)<\/a><br><a href=\"http:\/\/www.lexfind.ch\/dta\/19403\/2\/\" target=\"_blank\" rel=\"noreferrer noopener\">PDF (komplett)<\/a><\/p><p>Weitere Erlasse zur<br><a href=\"http:\/\/www.admin.ch\/ch\/d\/sr\/64.html#642.1\" target=\"_blank\" rel=\"noreferrer noopener\">direkten Bundessteuer<\/a><\/p><h3 class=\"wp-block-heading\" id=\"block-28629fbd-b94e-4711-9715-6c551fd4093d\">Verwaltung<\/h3><p><strong>Eidg. Steuerverwaltung<\/strong><br><a href=\"https:\/\/www.estv.admin.ch\/estv\/de\/home\/direkte-bundessteuer\/fachinformationen-dbst\/dbst-gesetzliche-grundlagen.html\" target=\"_blank\" rel=\"noreferrer noopener\">Gesetzliche Grundlagen<\/a><br><a href=\"https:\/\/www.estv.admin.ch\/estv\/de\/home\/direkte-bundessteuer\/fachinformationen-dbst\/dbst-merkblaetter.html\" target=\"_blank\" rel=\"noreferrer noopener\">Merkbl&auml;tter<\/a><br><a href=\"https:\/\/www.estv.admin.ch\/estv\/de\/home\/direkte-bundessteuer\/fachinformationen-dbst\/dbst-kreisschreiben.html\" target=\"_blank\" rel=\"noreferrer noopener\">Kreisschreiben<\/a><br><a href=\"https:\/\/www.estv.admin.ch\/estv\/de\/home\/direkte-bundessteuer\/fachinformationen-dbst\/rundschreiben.html\" target=\"_blank\" rel=\"noreferrer noopener\">Rundschreiben<\/a><\/p><h2 class=\"wp-block-heading\" id=\"block-545d4b3f-8692-4e60-bd1d-8975ac9e54ef\">Literatur <\/h2><p><strong><a href=\"https:\/\/steuerportal.ch\/fachmodule\/steuerrevue\/\">Steuer Revue<\/a><\/strong> <br>Die Steuer Revue orientiert monatlich &uuml;ber die wichtigsten Entwicklungen und die aktuelle Rechtsprechung zur Besteuerung nat&uuml;rlicher Personen<br><a href=\"https:\/\/steuerportal.ch\/fachmodule\/steuerrevue\/\">mehr erfahren<\/a> <\/p><p><strong><a href=\"https:\/\/www.cosmosverlag.ch\/fachmedien\/produkt-schlagwort\/einkommens-und-vermoegenssteuer\/\" target=\"_blank\" rel=\"noreferrer noopener\">www.cosmosverlag.ch<\/a><\/strong><br>Weitere Fachliteratur und Veranstaltungen zur Besteuerung nat&uuml;rlicher Personen finden Sie unter www.cosmosverlag.ch (Thema Einkommens- und Verm&ouml;genssteuer)<br><a href=\"https:\/\/www.cosmosverlag.ch\/fachmedien\/produkt-schlagwort\/einkommens-und-vermoegenssteuer\/\" target=\"_blank\" rel=\"noreferrer noopener\">mehr erfahren<\/a> <\/p><h2 class=\"wp-block-heading\" id=\"block-13eddabc-6efa-4f5b-97cd-29f3b87a6128\">Alle Zusammenfassungen<\/h2><ul class=\"wp-block-list\">\n<li><a href=\"https:\/\/steuerportal.ch\/steuern-kompakt\/\">Einf&uuml;hrung in das schweizerische Steuerrecht<\/a><\/li>\n\n\n\n<li><a href=\"https:\/\/steuerportal.ch\/steuern-kompakt\/einkommen-und-vermoegen\/\">Einkommens- und Verm&ouml;genssteuern<\/a><\/li>\n\n\n\n<li><a href=\"https:\/\/steuerportal.ch\/steuern-kompakt\/gewinn-und-kapital\/\">Gewinn- und Kapitalsteuern<\/a><\/li>\n\n\n\n<li><a href=\"https:\/\/steuerportal.ch\/steuern-kompakt\/mehrwertsteuer\/\">Mehrwertsteuer<\/a><\/li>\n\n\n\n<li><a href=\"https:\/\/steuerportal.ch\/steuern-kompakt\/verrechnungssteuer\/\">Verrechnungssteuer<\/a><\/li>\n\n\n\n<li><a href=\"https:\/\/steuerportal.ch\/steuern-kompakt\/stempelabgaben\/\">Stempelabgaben<\/a><\/li>\n\n\n\n<li><a href=\"https:\/\/steuerportal.ch\/steuern-kompakt\/interkantonales-steuerrecht\/\">Interkantonales Steuerrecht<\/a><\/li>\n<\/ul>\n","protected":false},"excerpt":{"rendered":"<p>Einkommens- und Verm&ouml;genssteuern Grundz&uuml;ge, kompakte Zusammenfassung und weiterf&uuml;hrende Informationen zur Besteuerung nat&uuml;rlicher Personen (Einkommens- und Verm&ouml;genssteuer). Einf&uuml;hrung Nat&uuml;rliche Personen zahlen u.a. Einkommens- und Verm&ouml;genssteuern. Der&nbsp;Bund, die Kantone und die Gemeinden erheben eine Einkommenssteuer. Dabei k&ouml;nnen folgende Einkommensarten unterschieden werden: Steuerbar ist nur das reine Einkommen nach Ber&uuml;cksichtigung&hellip;<\/p>\n","protected":false},"author":3,"featured_media":0,"parent":1549,"menu_order":2,"comment_status":"closed","ping_status":"closed","template":"","meta":{"_acf_changed":false,"footnotes":""},"class_list":["post-1618","page","type-page","status-publish","hentry"],"acf":[],"yoast_head":"<!-- This site is optimized with the Yoast SEO plugin v27.6 - https:\/\/yoast.com\/product\/yoast-seo-wordpress\/ -->\n<title>Zusammenfassung Einkommens- und Verm\u00f6genssteuern &#8226; steuerportal.ch<\/title>\n<meta name=\"description\" content=\"Grundz\u00fcge, Zusammenfassung und Informationen sowie weitere Verweise zur schweizerischen Einkommens- und Verm\u00f6genssteuer.\" \/>\n<meta name=\"robots\" content=\"index, follow, max-snippet:-1, max-image-preview:large, max-video-preview:-1\" \/>\n<link rel=\"canonical\" href=\"https:\/\/steuerportal.ch\/fr\/steuern-kompakt\/einkommen-und-vermoegen\/\" \/>\n<meta property=\"og:locale\" content=\"fr_FR\" \/>\n<meta property=\"og:type\" content=\"article\" \/>\n<meta property=\"og:title\" content=\"Zusammenfassung Einkommens- und Verm\u00f6genssteuern &#8226; steuerportal.ch\" \/>\n<meta property=\"og:description\" content=\"Grundz\u00fcge, Zusammenfassung und Informationen sowie weitere Verweise zur schweizerischen Einkommens- und Verm\u00f6genssteuer.\" \/>\n<meta property=\"og:url\" content=\"https:\/\/steuerportal.ch\/fr\/steuern-kompakt\/einkommen-und-vermoegen\/\" \/>\n<meta property=\"og:site_name\" content=\"steuerportal.ch\" \/>\n<meta property=\"article:modified_time\" content=\"2026-03-02T17:03:09+00:00\" \/>\n<meta name=\"twitter:card\" content=\"summary_large_image\" \/>\n<meta name=\"twitter:label1\" content=\"Dur\u00e9e de lecture estim\u00e9e\" \/>\n\t<meta name=\"twitter:data1\" content=\"2 minutes\" \/>\n<script type=\"application\/ld+json\" class=\"yoast-schema-graph\">{\"@context\":\"https:\\\/\\\/schema.org\",\"@graph\":[{\"@type\":\"WebPage\",\"@id\":\"https:\\\/\\\/steuerportal.ch\\\/fr\\\/steuern-kompakt\\\/einkommen-und-vermoegen\\\/\",\"url\":\"https:\\\/\\\/steuerportal.ch\\\/fr\\\/steuern-kompakt\\\/einkommen-und-vermoegen\\\/\",\"name\":\"Zusammenfassung Einkommens- und Verm\u00f6genssteuern &#8226; steuerportal.ch\",\"isPartOf\":{\"@id\":\"https:\\\/\\\/steuerportal.ch\\\/fr\\\/#website\"},\"datePublished\":\"2019-12-10T23:14:45+00:00\",\"dateModified\":\"2026-03-02T17:03:09+00:00\",\"description\":\"Grundz\u00fcge, Zusammenfassung und Informationen sowie weitere Verweise zur schweizerischen Einkommens- und Verm\u00f6genssteuer.\",\"breadcrumb\":{\"@id\":\"https:\\\/\\\/steuerportal.ch\\\/fr\\\/steuern-kompakt\\\/einkommen-und-vermoegen\\\/#breadcrumb\"},\"inLanguage\":\"fr-FR\",\"potentialAction\":[{\"@type\":\"ReadAction\",\"target\":[\"https:\\\/\\\/steuerportal.ch\\\/fr\\\/steuern-kompakt\\\/einkommen-und-vermoegen\\\/\"]}]},{\"@type\":\"BreadcrumbList\",\"@id\":\"https:\\\/\\\/steuerportal.ch\\\/fr\\\/steuern-kompakt\\\/einkommen-und-vermoegen\\\/#breadcrumb\",\"itemListElement\":[{\"@type\":\"ListItem\",\"position\":1,\"name\":\"Page d'accueil\",\"item\":\"https:\\\/\\\/steuerportal.ch\\\/fr\\\/\"},{\"@type\":\"ListItem\",\"position\":2,\"name\":\"Steuern kompakt!\",\"item\":\"https:\\\/\\\/steuerportal.ch\\\/fr\\\/steuern-kompakt\\\/\"},{\"@type\":\"ListItem\",\"position\":3,\"name\":\"Einkommen und Verm\u00f6gen\"}]},{\"@type\":\"WebSite\",\"@id\":\"https:\\\/\\\/steuerportal.ch\\\/fr\\\/#website\",\"url\":\"https:\\\/\\\/steuerportal.ch\\\/fr\\\/\",\"name\":\"steuerportal.ch\",\"description\":\"Le portail suisse sp\u00e9cialis\u00e9 dans le domaine des imp\u00f4ts\",\"publisher\":{\"@id\":\"https:\\\/\\\/steuerportal.ch\\\/fr\\\/#organization\"},\"potentialAction\":[{\"@type\":\"SearchAction\",\"target\":{\"@type\":\"EntryPoint\",\"urlTemplate\":\"https:\\\/\\\/steuerportal.ch\\\/fr\\\/?s={search_term_string}\"},\"query-input\":{\"@type\":\"PropertyValueSpecification\",\"valueRequired\":true,\"valueName\":\"search_term_string\"}}],\"inLanguage\":\"fr-FR\"},{\"@type\":\"Organization\",\"@id\":\"https:\\\/\\\/steuerportal.ch\\\/fr\\\/#organization\",\"name\":\"Steuerportal (Cosmos Verlag)\",\"url\":\"https:\\\/\\\/steuerportal.ch\\\/fr\\\/\",\"logo\":{\"@type\":\"ImageObject\",\"inLanguage\":\"fr-FR\",\"@id\":\"https:\\\/\\\/steuerportal.ch\\\/fr\\\/#\\\/schema\\\/logo\\\/image\\\/\",\"url\":\"https:\\\/\\\/steuerportal.ch\\\/wp-content\\\/uploads\\\/2021\\\/06\\\/cosmos_c-strich_h_positiv_bunt.svg\",\"contentUrl\":\"https:\\\/\\\/steuerportal.ch\\\/wp-content\\\/uploads\\\/2021\\\/06\\\/cosmos_c-strich_h_positiv_bunt.svg\",\"width\":191,\"height\":44,\"caption\":\"Steuerportal (Cosmos Verlag)\"},\"image\":{\"@id\":\"https:\\\/\\\/steuerportal.ch\\\/fr\\\/#\\\/schema\\\/logo\\\/image\\\/\"}}]}<\/script>\n<!-- \/ Yoast SEO plugin. -->","yoast_head_json":{"title":"Zusammenfassung Einkommens- und Verm\u00f6genssteuern &#8226; steuerportal.ch","description":"Grundz\u00fcge, Zusammenfassung und Informationen sowie weitere Verweise zur schweizerischen Einkommens- und Verm\u00f6genssteuer.","robots":{"index":"index","follow":"follow","max-snippet":"max-snippet:-1","max-image-preview":"max-image-preview:large","max-video-preview":"max-video-preview:-1"},"canonical":"https:\/\/steuerportal.ch\/fr\/steuern-kompakt\/einkommen-und-vermoegen\/","og_locale":"fr_FR","og_type":"article","og_title":"Zusammenfassung Einkommens- und Verm\u00f6genssteuern &#8226; steuerportal.ch","og_description":"Grundz\u00fcge, Zusammenfassung und Informationen sowie weitere Verweise zur schweizerischen Einkommens- und Verm\u00f6genssteuer.","og_url":"https:\/\/steuerportal.ch\/fr\/steuern-kompakt\/einkommen-und-vermoegen\/","og_site_name":"steuerportal.ch","article_modified_time":"2026-03-02T17:03:09+00:00","twitter_card":"summary_large_image","twitter_misc":{"Dur\u00e9e de lecture estim\u00e9e":"2 minutes"},"schema":{"@context":"https:\/\/schema.org","@graph":[{"@type":"WebPage","@id":"https:\/\/steuerportal.ch\/fr\/steuern-kompakt\/einkommen-und-vermoegen\/","url":"https:\/\/steuerportal.ch\/fr\/steuern-kompakt\/einkommen-und-vermoegen\/","name":"Zusammenfassung Einkommens- und Verm\u00f6genssteuern &#8226; steuerportal.ch","isPartOf":{"@id":"https:\/\/steuerportal.ch\/fr\/#website"},"datePublished":"2019-12-10T23:14:45+00:00","dateModified":"2026-03-02T17:03:09+00:00","description":"Grundz\u00fcge, Zusammenfassung und Informationen sowie weitere Verweise zur schweizerischen Einkommens- und Verm\u00f6genssteuer.","breadcrumb":{"@id":"https:\/\/steuerportal.ch\/fr\/steuern-kompakt\/einkommen-und-vermoegen\/#breadcrumb"},"inLanguage":"fr-FR","potentialAction":[{"@type":"ReadAction","target":["https:\/\/steuerportal.ch\/fr\/steuern-kompakt\/einkommen-und-vermoegen\/"]}]},{"@type":"BreadcrumbList","@id":"https:\/\/steuerportal.ch\/fr\/steuern-kompakt\/einkommen-und-vermoegen\/#breadcrumb","itemListElement":[{"@type":"ListItem","position":1,"name":"Page d'accueil","item":"https:\/\/steuerportal.ch\/fr\/"},{"@type":"ListItem","position":2,"name":"Steuern kompakt!","item":"https:\/\/steuerportal.ch\/fr\/steuern-kompakt\/"},{"@type":"ListItem","position":3,"name":"Einkommen und Verm\u00f6gen"}]},{"@type":"WebSite","@id":"https:\/\/steuerportal.ch\/fr\/#website","url":"https:\/\/steuerportal.ch\/fr\/","name":"steuerportal.ch","description":"Le portail suisse sp\u00e9cialis\u00e9 dans le domaine des imp\u00f4ts","publisher":{"@id":"https:\/\/steuerportal.ch\/fr\/#organization"},"potentialAction":[{"@type":"SearchAction","target":{"@type":"EntryPoint","urlTemplate":"https:\/\/steuerportal.ch\/fr\/?s={search_term_string}"},"query-input":{"@type":"PropertyValueSpecification","valueRequired":true,"valueName":"search_term_string"}}],"inLanguage":"fr-FR"},{"@type":"Organization","@id":"https:\/\/steuerportal.ch\/fr\/#organization","name":"Steuerportal (Cosmos Verlag)","url":"https:\/\/steuerportal.ch\/fr\/","logo":{"@type":"ImageObject","inLanguage":"fr-FR","@id":"https:\/\/steuerportal.ch\/fr\/#\/schema\/logo\/image\/","url":"https:\/\/steuerportal.ch\/wp-content\/uploads\/2021\/06\/cosmos_c-strich_h_positiv_bunt.svg","contentUrl":"https:\/\/steuerportal.ch\/wp-content\/uploads\/2021\/06\/cosmos_c-strich_h_positiv_bunt.svg","width":191,"height":44,"caption":"Steuerportal (Cosmos Verlag)"},"image":{"@id":"https:\/\/steuerportal.ch\/fr\/#\/schema\/logo\/image\/"}}]}},"_links":{"self":[{"href":"https:\/\/steuerportal.ch\/fr\/wp-json\/wp\/v2\/pages\/1618","targetHints":{"allow":["GET"]}}],"collection":[{"href":"https:\/\/steuerportal.ch\/fr\/wp-json\/wp\/v2\/pages"}],"about":[{"href":"https:\/\/steuerportal.ch\/fr\/wp-json\/wp\/v2\/types\/page"}],"author":[{"embeddable":true,"href":"https:\/\/steuerportal.ch\/fr\/wp-json\/wp\/v2\/users\/3"}],"replies":[{"embeddable":true,"href":"https:\/\/steuerportal.ch\/fr\/wp-json\/wp\/v2\/comments?post=1618"}],"version-history":[{"count":27,"href":"https:\/\/steuerportal.ch\/fr\/wp-json\/wp\/v2\/pages\/1618\/revisions"}],"predecessor-version":[{"id":29626,"href":"https:\/\/steuerportal.ch\/fr\/wp-json\/wp\/v2\/pages\/1618\/revisions\/29626"}],"up":[{"embeddable":true,"href":"https:\/\/steuerportal.ch\/fr\/wp-json\/wp\/v2\/pages\/1549"}],"wp:attachment":[{"href":"https:\/\/steuerportal.ch\/fr\/wp-json\/wp\/v2\/media?parent=1618"}],"curies":[{"name":"wp","href":"https:\/\/api.w.org\/{rel}","templated":true}]}}