{"id":1617,"date":"2019-12-11T00:15:06","date_gmt":"2019-12-10T23:15:06","guid":{"rendered":"https:\/\/steuerportal.ch\/?page_id=1617"},"modified":"2025-08-08T14:08:17","modified_gmt":"2025-08-08T12:08:17","slug":"mehrwertsteuer","status":"publish","type":"page","link":"https:\/\/steuerportal.ch\/fr\/steuern-kompakt\/mehrwertsteuer\/","title":{"rendered":"Mehrwertsteuer"},"content":{"rendered":"<h1 class=\"wp-block-heading\" id=\"einfuhrung\">Mehrwertsteuer<\/h1><p><em>Grundz&uuml;ge, kompakte Zusammenfassung und weiterf&uuml;hrende Informationen zur schweizerischen Mehrwertsteuer.<\/em><\/p><p>Die Mehrwertsteuer (MWST) wird vom&nbsp;<strong>Bund<\/strong>&nbsp;erhoben und bezweckt die Besteuerung des nicht unternehmerischen&nbsp;<strong>Endverbrauchs<\/strong>&nbsp;im Inland. Entsprechend wird im Zusammenhang mit der MWST von einer Konsum- oder Verbrauchssteuer gesprochen. Aktuell gelten:<\/p><ul class=\"wp-block-list\">\n<li>Normalsatz: 8,1 %<\/li>\n\n\n\n<li>Reduzierter Satz: 2,6 %<\/li>\n\n\n\n<li>Sondersatz f&uuml;r Beherbergung: 3,8 %<\/li>\n<\/ul><p>Die MWST ist eine indirekte Steuer, Steuersubjekt und Steuertr&auml;ger fallen auseinander. Getragen wird die Steuer vom Endverbraucher. Steuerpflichtig hingegen ist, wer (unabh&auml;ngig von Rechtsform, Zweck und Gewinnabsicht) ein Unternehmen betreibt. Ein Unternehmen betreibt, wer eine auf nachhaltige Erzielung von Einnahmen ausgerichtete berufliche oder gewerbliche T&auml;tigkeit selbst&auml;ndig aus&uuml;bt und unter eigenem Namen nach aussen auftritt (mehr zur Steuerpflicht in der Zusammenfassung).<\/p><p>Die MWST ist weiter eine Objektsteuer, da die wirtschaftliche Leistungsf&auml;higkeit des Steuerpflichtigen nicht ber&uuml;cksichtigt wird (im Gegensatz zum Beispiel zur Einkommensteuer).<\/p><h2 class=\"wp-block-heading\" id=\"zusammenfassung\">Zusammenfassung Mehrwertsteuer<\/h2><p>Lesen Sie hier die Steuern kompakt!-Zusammenfassung zur Mehrwertsteuer von <strong>Pierre Scheuner<\/strong>:<\/p><div class=\"wp-block-file\"><a href=\"https:\/\/steuerportal.ch\/wp-content\/uploads\/2025\/08\/MWST_Update_2025.pdf\" class=\"wp-block-file__button wp-element-button\" download>Herunterladen<\/a><\/div><p>(PDF; aktualisiert: August 2025)<\/p><figure class=\"wp-block-image aligncenter size-large is-resized\"><img decoding=\"async\" src=\"https:\/\/steuerportal.ch\/wp-content\/uploads\/2020\/08\/Zeichenfl%C3%A4che-2y-1024x1024.jpg\" alt=\"Steuern kompakt! Zusammenfassungen\" class=\"wp-image-4192\" style=\"width:512px;height:512px\"><\/figure><h2 class=\"wp-block-heading\" id=\"wichtige-links-zum-thema\">Wichtige Links zum Thema<\/h2><h3 class=\"wp-block-heading\" id=\"block-d313bc15-22e6-4c21-8aaf-b844d319f748\">Gesetze und Verordnungen<\/h3><p>Mehrwertsteuergesetz (MWSTG) | 641.20<br><a href=\"http:\/\/www.admin.ch\/ch\/d\/sr\/641_20\/index.html\" target=\"_blank\" rel=\"noreferrer noopener\">Html (Artikel einzeln)<\/a><br><a href=\"http:\/\/www.lexfind.ch\/dta\/19284\/2\/\" target=\"_blank\" rel=\"noreferrer noopener\">PDF (komplett)<\/a><\/p><p>Mehrwertsteuerverordnung (MWSTV) | 641.201<br><a href=\"http:\/\/www.admin.ch\/ch\/d\/sr\/641_201\/index.html\" target=\"_blank\" rel=\"noreferrer noopener\">Html (Artikel einzeln)<\/a><br><a href=\"http:\/\/www.lexfind.ch\/dta\/19198\/2\/\" target=\"_blank\" rel=\"noreferrer noopener\">PDF (komplett)<\/a><\/p><p>Weitere Erlasse zur<br><a href=\"http:\/\/www.admin.ch\/ch\/d\/sr\/64.html#641.2\" target=\"_blank\" rel=\"noreferrer noopener\">Mehrwertsteuer<\/a><\/p><p>Verfassungsrechtliche Grundlage<br><a href=\"http:\/\/www.admin.ch\/ch\/d\/sr\/101\/a130.html\" target=\"_blank\" rel=\"noreferrer noopener\">BV 130<\/a><\/p><h3 class=\"wp-block-heading\" id=\"block-65b01817-ad24-47e2-bfd0-39fff0a5ffa8\">Verwaltung<\/h3><h6 class=\"wp-block-heading\" id=\"eidg-steuerverwaltung\">Eidg. Steuerverwaltung<\/h6><ul class=\"wp-block-list\">\n<li><a href=\"https:\/\/www.gate.estv.admin.ch\/mwst-webpublikationen\/public\" target=\"_blank\" rel=\"noreferrer noopener\">Webbasierte Publikationen<\/a>&nbsp;(= MWST-Infos, MWST-Branchen-Infos &ndash; mit Suchfunktion und Chronologie-Modus. Die MWST-Praxis-Infos wurden in die entsprechenden Publikationen integriert)&nbsp;<a href=\"https:\/\/www.gate.estv.admin.ch\/mwst-webpublikationen\/public\/pages\/taxInfos\/tableOfContent.xhtml?label=true&amp;winid=197426\" target=\"_blank\" rel=\"noreferrer noopener\">MWST-Info<\/a>&nbsp;|&nbsp;<a href=\"https:\/\/www.gate.estv.admin.ch\/mwst-webpublikationen\/public\/pages\/sectorInfos\/tableOfContent.xhtml?label=true&amp;winid=197426\" target=\"_blank\" rel=\"noreferrer noopener\">MWST-Branchen-Infos<\/a><\/li>\n\n\n\n<li><a href=\"https:\/\/www.estv.admin.ch\/estv\/de\/home\/mehrwertsteuer\/mwst-steuerpflicht.html\" target=\"_blank\" rel=\"noreferrer noopener\">MWST-pflichtig? Informationen zur Steuerpflicht<\/a><\/li>\n\n\n\n<li><a href=\"https:\/\/www.estv.admin.ch\/estv\/de\/home\/mehrwertsteuer\/mwst-steuersaetze\/mwst-saldosteuersatz-pauschalsteuersatz\/saldosteuersaetze-ab-2024.html\" target=\"_blank\" rel=\"noreferrer noopener\">H&ouml;he der Saldosteuers&auml;tze<\/a><\/li>\n<\/ul><h3 class=\"wp-block-heading\" id=\"block-c211a8c0-ce98-4ea0-8845-8a3e0fa57df7\">Mehr Fachwissen<\/h3><p><a href=\"https:\/\/www.cosmosverlag.ch\/fachmedien\/produkt-schlagwort\/mehrwertsteuer\/\">Fachmedien und Veranstaltungen zur Mehrwertsteuer bei cosmosverlag.ch<\/a><\/p><h2 class=\"wp-block-heading\" id=\"block-81830028-34cc-41c4-8ce0-44ae7801bf3f\">Alle Zusammenfassungen<\/h2><div class=\"wp-block-group is-layout-flow wp-block-group-is-layout-flow\">\n<p><em>Steuern kompakt!<\/em> bietet aktuell &Uuml;bersichten und Zusammenfassungen zu folgenden Themen:<\/p>\n\n\n\n<ul class=\"wp-block-list\">\n<li><a href=\"https:\/\/steuerportal.ch\/steuern-kompakt\/\">Einf&uuml;hrung in das schweizerische Steuerrecht<\/a><\/li>\n\n\n\n<li><a href=\"https:\/\/steuerportal.ch\/steuern-kompakt\/einkommen-und-vermoegen\/\">Einkommens- und Verm&ouml;genssteuern<\/a><\/li>\n\n\n\n<li><a href=\"https:\/\/steuerportal.ch\/steuern-kompakt\/gewinn-und-kapital\/\">Gewinn- und Kapitalsteuern<\/a><\/li>\n\n\n\n<li><a href=\"https:\/\/steuerportal.ch\/steuern-kompakt\/mehrwertsteuer\/\">Mehrwertsteuer<\/a><\/li>\n\n\n\n<li><a href=\"https:\/\/steuerportal.ch\/steuern-kompakt\/verrechnungssteuer\/\">Verrechnungssteuer<\/a><\/li>\n\n\n\n<li><a href=\"https:\/\/steuerportal.ch\/steuern-kompakt\/stempelabgaben\/\">Stempelabgaben<\/a><\/li>\n\n\n\n<li><a href=\"https:\/\/steuerportal.ch\/steuern-kompakt\/interkantonales-steuerrecht\/\">Interkantonales Steuerrecht<\/a><\/li>\n<\/ul>\n<\/div>\n","protected":false},"excerpt":{"rendered":"<p>Mehrwertsteuer Grundz&uuml;ge, kompakte Zusammenfassung und weiterf&uuml;hrende Informationen zur schweizerischen Mehrwertsteuer. Die Mehrwertsteuer (MWST) wird vom&nbsp;Bund&nbsp;erhoben und bezweckt die Besteuerung des nicht unternehmerischen&nbsp;Endverbrauchs&nbsp;im Inland. Entsprechend wird im Zusammenhang mit der MWST von einer Konsum- oder Verbrauchssteuer gesprochen. Aktuell gelten: Die MWST ist eine indirekte Steuer, Steuersubjekt und Steuertr&auml;ger fallen auseinander. Getragen&hellip;<\/p>\n","protected":false},"author":3,"featured_media":0,"parent":1549,"menu_order":5,"comment_status":"closed","ping_status":"closed","template":"","meta":{"_acf_changed":false,"footnotes":""},"class_list":["post-1617","page","type-page","status-publish","hentry"],"acf":[],"yoast_head":"<!-- This site is optimized with the Yoast SEO plugin v27.6 - https:\/\/yoast.com\/product\/yoast-seo-wordpress\/ -->\n<title>Zusammenfassung Mehrwertsteuer &#8226; steuerportal.ch<\/title>\n<meta name=\"description\" content=\"Grundz\u00fcge, kompakte Zusammenfassung und weiterf\u00fchrende Informationen zur schweizerischen Mehrwertsteuer. Zusammenfassung verfasst von Pierre Scheuner.\" \/>\n<meta name=\"robots\" content=\"index, follow, max-snippet:-1, max-image-preview:large, max-video-preview:-1\" \/>\n<link rel=\"canonical\" href=\"https:\/\/steuerportal.ch\/fr\/steuern-kompakt\/mehrwertsteuer\/\" \/>\n<meta property=\"og:locale\" content=\"fr_FR\" \/>\n<meta property=\"og:type\" content=\"article\" \/>\n<meta property=\"og:title\" content=\"Zusammenfassung Mehrwertsteuer &#8226; steuerportal.ch\" \/>\n<meta property=\"og:description\" content=\"Grundz\u00fcge, kompakte Zusammenfassung und weiterf\u00fchrende Informationen zur schweizerischen Mehrwertsteuer. Zusammenfassung verfasst von Pierre Scheuner.\" \/>\n<meta property=\"og:url\" content=\"https:\/\/steuerportal.ch\/fr\/steuern-kompakt\/mehrwertsteuer\/\" \/>\n<meta property=\"og:site_name\" content=\"steuerportal.ch\" \/>\n<meta property=\"article:modified_time\" content=\"2025-08-08T12:08:17+00:00\" \/>\n<meta name=\"twitter:card\" content=\"summary_large_image\" \/>\n<meta name=\"twitter:label1\" content=\"Dur\u00e9e de lecture estim\u00e9e\" \/>\n\t<meta name=\"twitter:data1\" content=\"2 minutes\" \/>\n<script type=\"application\/ld+json\" class=\"yoast-schema-graph\">{\"@context\":\"https:\\\/\\\/schema.org\",\"@graph\":[{\"@type\":\"WebPage\",\"@id\":\"https:\\\/\\\/steuerportal.ch\\\/fr\\\/steuern-kompakt\\\/mehrwertsteuer\\\/\",\"url\":\"https:\\\/\\\/steuerportal.ch\\\/fr\\\/steuern-kompakt\\\/mehrwertsteuer\\\/\",\"name\":\"Zusammenfassung Mehrwertsteuer &#8226; steuerportal.ch\",\"isPartOf\":{\"@id\":\"https:\\\/\\\/steuerportal.ch\\\/fr\\\/#website\"},\"datePublished\":\"2019-12-10T23:15:06+00:00\",\"dateModified\":\"2025-08-08T12:08:17+00:00\",\"description\":\"Grundz\u00fcge, kompakte Zusammenfassung und weiterf\u00fchrende Informationen zur schweizerischen Mehrwertsteuer. Zusammenfassung verfasst von Pierre Scheuner.\",\"breadcrumb\":{\"@id\":\"https:\\\/\\\/steuerportal.ch\\\/fr\\\/steuern-kompakt\\\/mehrwertsteuer\\\/#breadcrumb\"},\"inLanguage\":\"fr-FR\",\"potentialAction\":[{\"@type\":\"ReadAction\",\"target\":[\"https:\\\/\\\/steuerportal.ch\\\/fr\\\/steuern-kompakt\\\/mehrwertsteuer\\\/\"]}]},{\"@type\":\"BreadcrumbList\",\"@id\":\"https:\\\/\\\/steuerportal.ch\\\/fr\\\/steuern-kompakt\\\/mehrwertsteuer\\\/#breadcrumb\",\"itemListElement\":[{\"@type\":\"ListItem\",\"position\":1,\"name\":\"Page d'accueil\",\"item\":\"https:\\\/\\\/steuerportal.ch\\\/fr\\\/\"},{\"@type\":\"ListItem\",\"position\":2,\"name\":\"Steuern kompakt!\",\"item\":\"https:\\\/\\\/steuerportal.ch\\\/fr\\\/steuern-kompakt\\\/\"},{\"@type\":\"ListItem\",\"position\":3,\"name\":\"Mehrwertsteuer\"}]},{\"@type\":\"WebSite\",\"@id\":\"https:\\\/\\\/steuerportal.ch\\\/fr\\\/#website\",\"url\":\"https:\\\/\\\/steuerportal.ch\\\/fr\\\/\",\"name\":\"steuerportal.ch\",\"description\":\"Le portail suisse sp\u00e9cialis\u00e9 dans le domaine des imp\u00f4ts\",\"publisher\":{\"@id\":\"https:\\\/\\\/steuerportal.ch\\\/fr\\\/#organization\"},\"potentialAction\":[{\"@type\":\"SearchAction\",\"target\":{\"@type\":\"EntryPoint\",\"urlTemplate\":\"https:\\\/\\\/steuerportal.ch\\\/fr\\\/?s={search_term_string}\"},\"query-input\":{\"@type\":\"PropertyValueSpecification\",\"valueRequired\":true,\"valueName\":\"search_term_string\"}}],\"inLanguage\":\"fr-FR\"},{\"@type\":\"Organization\",\"@id\":\"https:\\\/\\\/steuerportal.ch\\\/fr\\\/#organization\",\"name\":\"Steuerportal (Cosmos Verlag)\",\"url\":\"https:\\\/\\\/steuerportal.ch\\\/fr\\\/\",\"logo\":{\"@type\":\"ImageObject\",\"inLanguage\":\"fr-FR\",\"@id\":\"https:\\\/\\\/steuerportal.ch\\\/fr\\\/#\\\/schema\\\/logo\\\/image\\\/\",\"url\":\"https:\\\/\\\/steuerportal.ch\\\/wp-content\\\/uploads\\\/2021\\\/06\\\/cosmos_c-strich_h_positiv_bunt.svg\",\"contentUrl\":\"https:\\\/\\\/steuerportal.ch\\\/wp-content\\\/uploads\\\/2021\\\/06\\\/cosmos_c-strich_h_positiv_bunt.svg\",\"width\":191,\"height\":44,\"caption\":\"Steuerportal (Cosmos Verlag)\"},\"image\":{\"@id\":\"https:\\\/\\\/steuerportal.ch\\\/fr\\\/#\\\/schema\\\/logo\\\/image\\\/\"}}]}<\/script>\n<!-- \/ Yoast SEO plugin. -->","yoast_head_json":{"title":"Zusammenfassung Mehrwertsteuer &#8226; steuerportal.ch","description":"Grundz\u00fcge, kompakte Zusammenfassung und weiterf\u00fchrende Informationen zur schweizerischen Mehrwertsteuer. Zusammenfassung verfasst von Pierre Scheuner.","robots":{"index":"index","follow":"follow","max-snippet":"max-snippet:-1","max-image-preview":"max-image-preview:large","max-video-preview":"max-video-preview:-1"},"canonical":"https:\/\/steuerportal.ch\/fr\/steuern-kompakt\/mehrwertsteuer\/","og_locale":"fr_FR","og_type":"article","og_title":"Zusammenfassung Mehrwertsteuer &#8226; steuerportal.ch","og_description":"Grundz\u00fcge, kompakte Zusammenfassung und weiterf\u00fchrende Informationen zur schweizerischen Mehrwertsteuer. Zusammenfassung verfasst von Pierre Scheuner.","og_url":"https:\/\/steuerportal.ch\/fr\/steuern-kompakt\/mehrwertsteuer\/","og_site_name":"steuerportal.ch","article_modified_time":"2025-08-08T12:08:17+00:00","twitter_card":"summary_large_image","twitter_misc":{"Dur\u00e9e de lecture estim\u00e9e":"2 minutes"},"schema":{"@context":"https:\/\/schema.org","@graph":[{"@type":"WebPage","@id":"https:\/\/steuerportal.ch\/fr\/steuern-kompakt\/mehrwertsteuer\/","url":"https:\/\/steuerportal.ch\/fr\/steuern-kompakt\/mehrwertsteuer\/","name":"Zusammenfassung Mehrwertsteuer &#8226; steuerportal.ch","isPartOf":{"@id":"https:\/\/steuerportal.ch\/fr\/#website"},"datePublished":"2019-12-10T23:15:06+00:00","dateModified":"2025-08-08T12:08:17+00:00","description":"Grundz\u00fcge, kompakte Zusammenfassung und weiterf\u00fchrende Informationen zur schweizerischen Mehrwertsteuer. Zusammenfassung verfasst von Pierre Scheuner.","breadcrumb":{"@id":"https:\/\/steuerportal.ch\/fr\/steuern-kompakt\/mehrwertsteuer\/#breadcrumb"},"inLanguage":"fr-FR","potentialAction":[{"@type":"ReadAction","target":["https:\/\/steuerportal.ch\/fr\/steuern-kompakt\/mehrwertsteuer\/"]}]},{"@type":"BreadcrumbList","@id":"https:\/\/steuerportal.ch\/fr\/steuern-kompakt\/mehrwertsteuer\/#breadcrumb","itemListElement":[{"@type":"ListItem","position":1,"name":"Page d'accueil","item":"https:\/\/steuerportal.ch\/fr\/"},{"@type":"ListItem","position":2,"name":"Steuern kompakt!","item":"https:\/\/steuerportal.ch\/fr\/steuern-kompakt\/"},{"@type":"ListItem","position":3,"name":"Mehrwertsteuer"}]},{"@type":"WebSite","@id":"https:\/\/steuerportal.ch\/fr\/#website","url":"https:\/\/steuerportal.ch\/fr\/","name":"steuerportal.ch","description":"Le portail suisse sp\u00e9cialis\u00e9 dans le domaine des imp\u00f4ts","publisher":{"@id":"https:\/\/steuerportal.ch\/fr\/#organization"},"potentialAction":[{"@type":"SearchAction","target":{"@type":"EntryPoint","urlTemplate":"https:\/\/steuerportal.ch\/fr\/?s={search_term_string}"},"query-input":{"@type":"PropertyValueSpecification","valueRequired":true,"valueName":"search_term_string"}}],"inLanguage":"fr-FR"},{"@type":"Organization","@id":"https:\/\/steuerportal.ch\/fr\/#organization","name":"Steuerportal (Cosmos Verlag)","url":"https:\/\/steuerportal.ch\/fr\/","logo":{"@type":"ImageObject","inLanguage":"fr-FR","@id":"https:\/\/steuerportal.ch\/fr\/#\/schema\/logo\/image\/","url":"https:\/\/steuerportal.ch\/wp-content\/uploads\/2021\/06\/cosmos_c-strich_h_positiv_bunt.svg","contentUrl":"https:\/\/steuerportal.ch\/wp-content\/uploads\/2021\/06\/cosmos_c-strich_h_positiv_bunt.svg","width":191,"height":44,"caption":"Steuerportal (Cosmos Verlag)"},"image":{"@id":"https:\/\/steuerportal.ch\/fr\/#\/schema\/logo\/image\/"}}]}},"_links":{"self":[{"href":"https:\/\/steuerportal.ch\/fr\/wp-json\/wp\/v2\/pages\/1617","targetHints":{"allow":["GET"]}}],"collection":[{"href":"https:\/\/steuerportal.ch\/fr\/wp-json\/wp\/v2\/pages"}],"about":[{"href":"https:\/\/steuerportal.ch\/fr\/wp-json\/wp\/v2\/types\/page"}],"author":[{"embeddable":true,"href":"https:\/\/steuerportal.ch\/fr\/wp-json\/wp\/v2\/users\/3"}],"replies":[{"embeddable":true,"href":"https:\/\/steuerportal.ch\/fr\/wp-json\/wp\/v2\/comments?post=1617"}],"version-history":[{"count":10,"href":"https:\/\/steuerportal.ch\/fr\/wp-json\/wp\/v2\/pages\/1617\/revisions"}],"predecessor-version":[{"id":26520,"href":"https:\/\/steuerportal.ch\/fr\/wp-json\/wp\/v2\/pages\/1617\/revisions\/26520"}],"up":[{"embeddable":true,"href":"https:\/\/steuerportal.ch\/fr\/wp-json\/wp\/v2\/pages\/1549"}],"wp:attachment":[{"href":"https:\/\/steuerportal.ch\/fr\/wp-json\/wp\/v2\/media?parent=1617"}],"curies":[{"name":"wp","href":"https:\/\/api.w.org\/{rel}","templated":true}]}}