{"id":1613,"date":"2019-12-11T00:03:23","date_gmt":"2019-12-10T23:03:23","guid":{"rendered":"https:\/\/steuerportal.ch\/?page_id=1613"},"modified":"2026-03-12T12:29:22","modified_gmt":"2026-03-12T11:29:22","slug":"stempelabgaben","status":"publish","type":"page","link":"https:\/\/steuerportal.ch\/fr\/steuern-kompakt\/stempelabgaben\/","title":{"rendered":"Stempelabgaben"},"content":{"rendered":"<h1 class=\"wp-block-heading\" id=\"einfuhrung\">Stempelabgaben<\/h1><p><em>Grundz&uuml;ge, kompakte Zusammenfassung und weiterf&uuml;hrende Informationen zu den schweizerischen Stempelabgaben.<\/em><\/p><h2 class=\"wp-block-heading\" id=\"block-a43c1474-3c9a-4eb7-a04f-1ffe50de604c\">Einf&uuml;hrung<\/h2><p>Die Stempelabgaben sind eine sogenannte Rechtsverkehrssteuer und werden vom&nbsp;<strong>Bund<\/strong>&nbsp;erhoben. Der Ertrag kommt ausschliesslich dem Bund zu (im Gegensatz zu anderen vom Bund erhobenen Steuern, z.B. Verrechnungssteuer).<br>Die Stempelabgaben werden &hellip;<\/p><ul class=\"wp-block-list\">\n<li>auf der Ausgabe von inl&auml;ndischen Urkunden,<\/li>\n\n\n\n<li>auf dem Umsatz von inl&auml;ndischen und ausl&auml;ndischen Urkunden<\/li>\n\n\n\n<li>und auf der Zahlung von Versicherungspr&auml;mien gegen Quittung<\/li>\n<\/ul><p>&hellip; erhoben. Dieser &bdquo;Dreiteilung&ldquo; der steuerbaren Vorg&auml;nge (= Steuerobjekt) entsprechend bestehen die Stempelabgaben aus drei einzelnen Abgaben, n&auml;mlich &hellip;<\/p><ul class=\"wp-block-list\">\n<li>der Emissionsabgabe,<\/li>\n\n\n\n<li>der Umsatzabgabe<\/li>\n\n\n\n<li>und der Stempelabgabe auf Versicherungspr&auml;mien, auch Versicherungsstempel<br>genannt.<\/li>\n<\/ul><h2 class=\"wp-block-heading\" id=\"zusammenfassung\">Zusammenfassung Stempelabgaben<\/h2><p>Lesen Sie hier die Steuern kompakt!-Zusammenfassung zu den Stempelabgaben von <strong>Thomas Jaussi<\/strong> und <strong>Yves Strobel<\/strong>:<\/p><div class=\"wp-block-file\"><a href=\"https:\/\/steuerportal.ch\/wp-content\/uploads\/2026\/03\/Stempelabgaben_Update_2026.pdf\" class=\"wp-block-file__button wp-element-button\" download>Herunterladen<\/a><\/div><p>(PDF; aktualisiert: M&auml;rz 2026)<\/p><figure class=\"wp-block-image aligncenter size-large is-resized\"><img decoding=\"async\" src=\"https:\/\/steuerportal.ch\/wp-content\/uploads\/2020\/08\/Zeichenfl%C3%A4che-2y-1024x1024.jpg\" alt=\"Steuern kompakt! Zusammenfassungen\" class=\"wp-image-4192\" style=\"width:512px;height:512px\"><\/figure><h2 class=\"wp-block-heading\" id=\"block-20c1b304-9f67-4091-ad8d-6393a08a8d6d\">Wichtige Links zum Thema<\/h2><h3 class=\"wp-block-heading\" id=\"block-5652e0a6-5243-4a51-b00b-a852a67ca0b3\">Gesetze und Verordnungen<\/h3><p>Bundesgesetz &uuml;ber die Stempelabgaben (StG) | 641.10<br><a href=\"http:\/\/www.admin.ch\/ch\/d\/sr\/641_10\/index.html\" target=\"_blank\" rel=\"noreferrer noopener\">Html (Artikel einzeln)<\/a><br><a href=\"http:\/\/www.lexfind.ch\/dta\/19153\/2\/\" target=\"_blank\" rel=\"noreferrer noopener\">PDF (komplett)<\/a><\/p><p>Verordnung &uuml;ber die Stempelabgaben (StV) | 641.101<br><a href=\"http:\/\/www.admin.ch\/ch\/d\/sr\/641_101\/index.html\" target=\"_blank\" rel=\"noreferrer noopener\">Html (Artikel einzeln)<\/a><br><a href=\"http:\/\/www.lexfind.ch\/dta\/18567\/2\/\" target=\"_blank\" rel=\"noreferrer noopener\">PDF (komplett)<\/a><\/p><p>Weitere Erlasse zu den<br><a href=\"http:\/\/www.admin.ch\/ch\/d\/sr\/64.html#641.1\" target=\"_blank\" rel=\"noreferrer noopener\">Stempelabgaben<\/a><\/p><p>Verfassungsrechtliche Grundlage<br><a href=\"http:\/\/www.admin.ch\/ch\/d\/sr\/101\/a132.html\" target=\"_blank\" rel=\"noreferrer noopener\">BV 132 Abs. 1<\/a><\/p><h3 class=\"wp-block-heading\" id=\"block-5962c2ab-3102-44cb-ad30-03bda485ce88\">Verwaltung<\/h3><p><strong>Eidg. Steuerverwaltung<\/strong><br><a href=\"https:\/\/www.estv.admin.ch\/estv\/de\/home\/bundesabgaben\/stempelabgaben\/sta-fachinformationen\/sta-kreisschreiben.html\" target=\"_blank\" rel=\"noreferrer noopener\">Kreisschreiben<\/a><br><a href=\"https:\/\/www.estv.admin.ch\/estv\/de\/home\/verrechnungssteuer\/stempelabgaben\/fachinformationen\/merkblaetter.html\" target=\"_blank\" rel=\"noreferrer noopener\">Merkbl&auml;tter<\/a><br><a href=\"https:\/\/www.estv.admin.ch\/estv\/de\/home\/bundesabgaben\/stempelabgaben\/sta-fachinformationen\/sta-rundschreiben.html\" target=\"_blank\" rel=\"noreferrer noopener\">Rundschreiben<\/a><br><a href=\"https:\/\/www.estv.admin.ch\/estv\/de\/home\/bundesabgaben\/stempelabgaben\/sta-formulare.html\">Form<\/a><a href=\"https:\/\/www.estv.admin.ch\/estv\/de\/home\/bundesabgaben\/stempelabgaben\/sta-formulare.html\" target=\"_blank\" rel=\"noreferrer noopener\">ulare<\/a><\/p><h2 class=\"wp-block-heading\" id=\"block-395a2c4e-513a-4a77-8646-2033b962e80a\">Literatur <\/h2><p><strong><a href=\"https:\/\/steuerportal.ch\/fachmodule\/steuerrevue\/\">Steuer Revue<\/a><\/strong> <br>&Uuml;ber die wichtigsten Entwicklungen und die aktuelle Rechtsprechung im Bereich der Stempelabgaben orientiert monatlich die Steuer Revue<br><a href=\"https:\/\/steuerportal.ch\/fachmodule\/steuerrevue\/\">mehr erfahren<\/a> <\/p><p><strong><a href=\"https:\/\/www.cosmosverlag.ch\/fachmedien\/produkt-schlagwort\/stempelabgaben\/\" target=\"_blank\" rel=\"noreferrer noopener\">www.cosmosverlag.ch<\/a><\/strong><br>Weitere Fachliteratur und Veranstaltungen zu den Stempelabgaben finden Sie unter www.cosmosverlag.ch (Thema Stempelabgaben)<br><a href=\"https:\/\/www.cosmosverlag.ch\/fachmedien\/produkt-schlagwort\/stempelabgaben\/\" target=\"_blank\" rel=\"noreferrer noopener\">mehr erfahren<\/a> <\/p><figure class=\"wp-block-image size-large is-resized\"><img loading=\"lazy\" decoding=\"async\" width=\"730\" height=\"1024\" src=\"https:\/\/steuerportal.ch\/wp-content\/uploads\/2022\/01\/2_V2-2-730x1024.png\" alt=\"\" class=\"wp-image-10525\" srcset=\"https:\/\/steuerportal.ch\/wp-content\/uploads\/2022\/01\/2_V2-2-730x1024.png 730w, https:\/\/steuerportal.ch\/wp-content\/uploads\/2022\/01\/2_V2-2-700x982.png 700w, https:\/\/steuerportal.ch\/wp-content\/uploads\/2022\/01\/2_V2-2-768x1077.png 768w, https:\/\/steuerportal.ch\/wp-content\/uploads\/2022\/01\/2_V2-2-1095x1536.png 1095w, https:\/\/steuerportal.ch\/wp-content\/uploads\/2022\/01\/2_V2-2-1460x2048.png 1460w, https:\/\/steuerportal.ch\/wp-content\/uploads\/2022\/01\/2_V2-2-1280x1795.png 1280w, https:\/\/steuerportal.ch\/wp-content\/uploads\/2022\/01\/2_V2-2-200x280.png 200w, https:\/\/steuerportal.ch\/wp-content\/uploads\/2022\/01\/2_V2-2-628x881.png 628w, https:\/\/steuerportal.ch\/wp-content\/uploads\/2022\/01\/2_V2-2-296x415.png 296w\" sizes=\"auto, (max-width: 730px) 100vw, 730px\" \/><figcaption class=\"wp-element-caption\">Illustration von Rino Wenger aus: <a href=\"https:\/\/www.cosmosverlag.ch\/fachmedien\/produkt\/dschungel-stempelabgaben\/\" target=\"_blank\" rel=\"noreferrer noopener\">Dschungel Stempelabgaben<\/a><\/figcaption><\/figure><h2 class=\"wp-block-heading\" id=\"block-b7114721-6825-4e17-9a9b-20068df0ae90\">Alle Zusammenfassungen<\/h2><div class=\"wp-block-group is-layout-flow wp-block-group-is-layout-flow\">\n<p><em>Steuern kompakt!<\/em> bietet aktuell &Uuml;bersichten und Zusammenfassungen zu folgenden Themen:<\/p>\n\n\n\n<ul class=\"wp-block-list\">\n<li><a href=\"https:\/\/steuerportal.ch\/steuern-kompakt\/\">Einf&uuml;hrung in das schweizerische Steuerrecht<\/a><\/li>\n\n\n\n<li><a href=\"https:\/\/steuerportal.ch\/steuern-kompakt\/einkommen-und-vermoegen\/\">Einkommens- und Verm&ouml;genssteuern<\/a><\/li>\n\n\n\n<li><a href=\"https:\/\/steuerportal.ch\/steuern-kompakt\/gewinn-und-kapital\/\">Gewinn- und Kapitalsteuern<\/a><\/li>\n\n\n\n<li><a href=\"https:\/\/steuerportal.ch\/steuern-kompakt\/mehrwertsteuer\/\">Mehrwertsteuer<\/a><\/li>\n\n\n\n<li><a href=\"https:\/\/steuerportal.ch\/steuern-kompakt\/verrechnungssteuer\/\">Verrechnungssteuer<\/a><\/li>\n\n\n\n<li><a href=\"https:\/\/steuerportal.ch\/steuern-kompakt\/stempelabgaben\/\">Stempelabgaben<\/a><\/li>\n\n\n\n<li><a href=\"https:\/\/steuerportal.ch\/steuern-kompakt\/interkantonales-steuerrecht\/\">Interkantonales Steuerrecht<\/a><\/li>\n<\/ul>\n<\/div>\n","protected":false},"excerpt":{"rendered":"<p>Stempelabgaben Grundz&uuml;ge, kompakte Zusammenfassung und weiterf&uuml;hrende Informationen zu den schweizerischen Stempelabgaben. Einf&uuml;hrung Die Stempelabgaben sind eine sogenannte Rechtsverkehrssteuer und werden vom&nbsp;Bund&nbsp;erhoben. Der Ertrag kommt ausschliesslich dem Bund zu (im Gegensatz zu anderen vom Bund erhobenen Steuern, z.B. Verrechnungssteuer).Die Stempelabgaben werden &hellip; &hellip; erhoben. Dieser &bdquo;Dreiteilung&ldquo; der steuerbaren Vorg&auml;nge (=&hellip;<\/p>\n","protected":false},"author":3,"featured_media":0,"parent":1549,"menu_order":10,"comment_status":"closed","ping_status":"closed","template":"","meta":{"_acf_changed":false,"footnotes":""},"class_list":["post-1613","page","type-page","status-publish","hentry"],"acf":[],"yoast_head":"<!-- This site is optimized with the Yoast SEO plugin v27.6 - https:\/\/yoast.com\/product\/yoast-seo-wordpress\/ -->\n<title>Zusammenfassung Stempelabgaben &#8226; steuerportal.ch<\/title>\n<meta name=\"description\" content=\"Grundz\u00fcge, kompakte Zusammenfassung und weiterf\u00fchrende Informationen zu den Stempelabgaben. Zusammenfassung verfasst von Thomas Jaussi.\" \/>\n<meta name=\"robots\" content=\"index, follow, max-snippet:-1, max-image-preview:large, max-video-preview:-1\" \/>\n<link rel=\"canonical\" href=\"https:\/\/steuerportal.ch\/fr\/steuern-kompakt\/stempelabgaben\/\" \/>\n<meta property=\"og:locale\" content=\"fr_FR\" \/>\n<meta property=\"og:type\" content=\"article\" \/>\n<meta property=\"og:title\" content=\"Zusammenfassung Stempelabgaben &#8226; steuerportal.ch\" \/>\n<meta property=\"og:description\" content=\"Grundz\u00fcge, kompakte Zusammenfassung und weiterf\u00fchrende Informationen zu den Stempelabgaben. Zusammenfassung verfasst von Thomas Jaussi.\" \/>\n<meta property=\"og:url\" content=\"https:\/\/steuerportal.ch\/fr\/steuern-kompakt\/stempelabgaben\/\" \/>\n<meta property=\"og:site_name\" content=\"steuerportal.ch\" \/>\n<meta property=\"article:modified_time\" content=\"2026-03-12T11:29:22+00:00\" \/>\n<meta property=\"og:image\" content=\"https:\/\/steuerportal.ch\/wp-content\/uploads\/2022\/01\/2_V2-2-730x1024.png\" \/>\n<meta name=\"twitter:card\" content=\"summary_large_image\" \/>\n<meta name=\"twitter:label1\" content=\"Dur\u00e9e de lecture estim\u00e9e\" \/>\n\t<meta name=\"twitter:data1\" content=\"2 minutes\" \/>\n<script type=\"application\/ld+json\" class=\"yoast-schema-graph\">{\"@context\":\"https:\\\/\\\/schema.org\",\"@graph\":[{\"@type\":\"WebPage\",\"@id\":\"https:\\\/\\\/steuerportal.ch\\\/fr\\\/steuern-kompakt\\\/stempelabgaben\\\/\",\"url\":\"https:\\\/\\\/steuerportal.ch\\\/fr\\\/steuern-kompakt\\\/stempelabgaben\\\/\",\"name\":\"Zusammenfassung Stempelabgaben &#8226; steuerportal.ch\",\"isPartOf\":{\"@id\":\"https:\\\/\\\/steuerportal.ch\\\/fr\\\/#website\"},\"primaryImageOfPage\":{\"@id\":\"https:\\\/\\\/steuerportal.ch\\\/fr\\\/steuern-kompakt\\\/stempelabgaben\\\/#primaryimage\"},\"image\":{\"@id\":\"https:\\\/\\\/steuerportal.ch\\\/fr\\\/steuern-kompakt\\\/stempelabgaben\\\/#primaryimage\"},\"thumbnailUrl\":\"https:\\\/\\\/steuerportal.ch\\\/wp-content\\\/uploads\\\/2022\\\/01\\\/2_V2-2-730x1024.png\",\"datePublished\":\"2019-12-10T23:03:23+00:00\",\"dateModified\":\"2026-03-12T11:29:22+00:00\",\"description\":\"Grundz\u00fcge, kompakte Zusammenfassung und weiterf\u00fchrende Informationen zu den Stempelabgaben. Zusammenfassung verfasst von Thomas Jaussi.\",\"breadcrumb\":{\"@id\":\"https:\\\/\\\/steuerportal.ch\\\/fr\\\/steuern-kompakt\\\/stempelabgaben\\\/#breadcrumb\"},\"inLanguage\":\"fr-FR\",\"potentialAction\":[{\"@type\":\"ReadAction\",\"target\":[\"https:\\\/\\\/steuerportal.ch\\\/fr\\\/steuern-kompakt\\\/stempelabgaben\\\/\"]}]},{\"@type\":\"ImageObject\",\"inLanguage\":\"fr-FR\",\"@id\":\"https:\\\/\\\/steuerportal.ch\\\/fr\\\/steuern-kompakt\\\/stempelabgaben\\\/#primaryimage\",\"url\":\"https:\\\/\\\/steuerportal.ch\\\/wp-content\\\/uploads\\\/2022\\\/01\\\/2_V2-2-730x1024.png\",\"contentUrl\":\"https:\\\/\\\/steuerportal.ch\\\/wp-content\\\/uploads\\\/2022\\\/01\\\/2_V2-2-730x1024.png\"},{\"@type\":\"BreadcrumbList\",\"@id\":\"https:\\\/\\\/steuerportal.ch\\\/fr\\\/steuern-kompakt\\\/stempelabgaben\\\/#breadcrumb\",\"itemListElement\":[{\"@type\":\"ListItem\",\"position\":1,\"name\":\"Page d'accueil\",\"item\":\"https:\\\/\\\/steuerportal.ch\\\/fr\\\/\"},{\"@type\":\"ListItem\",\"position\":2,\"name\":\"Steuern kompakt!\",\"item\":\"https:\\\/\\\/steuerportal.ch\\\/fr\\\/steuern-kompakt\\\/\"},{\"@type\":\"ListItem\",\"position\":3,\"name\":\"Stempelabgaben\"}]},{\"@type\":\"WebSite\",\"@id\":\"https:\\\/\\\/steuerportal.ch\\\/fr\\\/#website\",\"url\":\"https:\\\/\\\/steuerportal.ch\\\/fr\\\/\",\"name\":\"steuerportal.ch\",\"description\":\"Le portail suisse sp\u00e9cialis\u00e9 dans le domaine des imp\u00f4ts\",\"publisher\":{\"@id\":\"https:\\\/\\\/steuerportal.ch\\\/fr\\\/#organization\"},\"potentialAction\":[{\"@type\":\"SearchAction\",\"target\":{\"@type\":\"EntryPoint\",\"urlTemplate\":\"https:\\\/\\\/steuerportal.ch\\\/fr\\\/?s={search_term_string}\"},\"query-input\":{\"@type\":\"PropertyValueSpecification\",\"valueRequired\":true,\"valueName\":\"search_term_string\"}}],\"inLanguage\":\"fr-FR\"},{\"@type\":\"Organization\",\"@id\":\"https:\\\/\\\/steuerportal.ch\\\/fr\\\/#organization\",\"name\":\"Steuerportal (Cosmos Verlag)\",\"url\":\"https:\\\/\\\/steuerportal.ch\\\/fr\\\/\",\"logo\":{\"@type\":\"ImageObject\",\"inLanguage\":\"fr-FR\",\"@id\":\"https:\\\/\\\/steuerportal.ch\\\/fr\\\/#\\\/schema\\\/logo\\\/image\\\/\",\"url\":\"https:\\\/\\\/steuerportal.ch\\\/wp-content\\\/uploads\\\/2021\\\/06\\\/cosmos_c-strich_h_positiv_bunt.svg\",\"contentUrl\":\"https:\\\/\\\/steuerportal.ch\\\/wp-content\\\/uploads\\\/2021\\\/06\\\/cosmos_c-strich_h_positiv_bunt.svg\",\"width\":191,\"height\":44,\"caption\":\"Steuerportal (Cosmos Verlag)\"},\"image\":{\"@id\":\"https:\\\/\\\/steuerportal.ch\\\/fr\\\/#\\\/schema\\\/logo\\\/image\\\/\"}}]}<\/script>\n<!-- \/ Yoast SEO plugin. -->","yoast_head_json":{"title":"Zusammenfassung Stempelabgaben &#8226; steuerportal.ch","description":"Grundz\u00fcge, kompakte Zusammenfassung und weiterf\u00fchrende Informationen zu den Stempelabgaben. Zusammenfassung verfasst von Thomas Jaussi.","robots":{"index":"index","follow":"follow","max-snippet":"max-snippet:-1","max-image-preview":"max-image-preview:large","max-video-preview":"max-video-preview:-1"},"canonical":"https:\/\/steuerportal.ch\/fr\/steuern-kompakt\/stempelabgaben\/","og_locale":"fr_FR","og_type":"article","og_title":"Zusammenfassung Stempelabgaben &#8226; steuerportal.ch","og_description":"Grundz\u00fcge, kompakte Zusammenfassung und weiterf\u00fchrende Informationen zu den Stempelabgaben. Zusammenfassung verfasst von Thomas Jaussi.","og_url":"https:\/\/steuerportal.ch\/fr\/steuern-kompakt\/stempelabgaben\/","og_site_name":"steuerportal.ch","article_modified_time":"2026-03-12T11:29:22+00:00","og_image":[{"url":"https:\/\/steuerportal.ch\/wp-content\/uploads\/2022\/01\/2_V2-2-730x1024.png","type":"","width":"","height":""}],"twitter_card":"summary_large_image","twitter_misc":{"Dur\u00e9e de lecture estim\u00e9e":"2 minutes"},"schema":{"@context":"https:\/\/schema.org","@graph":[{"@type":"WebPage","@id":"https:\/\/steuerportal.ch\/fr\/steuern-kompakt\/stempelabgaben\/","url":"https:\/\/steuerportal.ch\/fr\/steuern-kompakt\/stempelabgaben\/","name":"Zusammenfassung Stempelabgaben &#8226; steuerportal.ch","isPartOf":{"@id":"https:\/\/steuerportal.ch\/fr\/#website"},"primaryImageOfPage":{"@id":"https:\/\/steuerportal.ch\/fr\/steuern-kompakt\/stempelabgaben\/#primaryimage"},"image":{"@id":"https:\/\/steuerportal.ch\/fr\/steuern-kompakt\/stempelabgaben\/#primaryimage"},"thumbnailUrl":"https:\/\/steuerportal.ch\/wp-content\/uploads\/2022\/01\/2_V2-2-730x1024.png","datePublished":"2019-12-10T23:03:23+00:00","dateModified":"2026-03-12T11:29:22+00:00","description":"Grundz\u00fcge, kompakte Zusammenfassung und weiterf\u00fchrende Informationen zu den Stempelabgaben. Zusammenfassung verfasst von Thomas Jaussi.","breadcrumb":{"@id":"https:\/\/steuerportal.ch\/fr\/steuern-kompakt\/stempelabgaben\/#breadcrumb"},"inLanguage":"fr-FR","potentialAction":[{"@type":"ReadAction","target":["https:\/\/steuerportal.ch\/fr\/steuern-kompakt\/stempelabgaben\/"]}]},{"@type":"ImageObject","inLanguage":"fr-FR","@id":"https:\/\/steuerportal.ch\/fr\/steuern-kompakt\/stempelabgaben\/#primaryimage","url":"https:\/\/steuerportal.ch\/wp-content\/uploads\/2022\/01\/2_V2-2-730x1024.png","contentUrl":"https:\/\/steuerportal.ch\/wp-content\/uploads\/2022\/01\/2_V2-2-730x1024.png"},{"@type":"BreadcrumbList","@id":"https:\/\/steuerportal.ch\/fr\/steuern-kompakt\/stempelabgaben\/#breadcrumb","itemListElement":[{"@type":"ListItem","position":1,"name":"Page d'accueil","item":"https:\/\/steuerportal.ch\/fr\/"},{"@type":"ListItem","position":2,"name":"Steuern kompakt!","item":"https:\/\/steuerportal.ch\/fr\/steuern-kompakt\/"},{"@type":"ListItem","position":3,"name":"Stempelabgaben"}]},{"@type":"WebSite","@id":"https:\/\/steuerportal.ch\/fr\/#website","url":"https:\/\/steuerportal.ch\/fr\/","name":"steuerportal.ch","description":"Le portail suisse sp\u00e9cialis\u00e9 dans le domaine des imp\u00f4ts","publisher":{"@id":"https:\/\/steuerportal.ch\/fr\/#organization"},"potentialAction":[{"@type":"SearchAction","target":{"@type":"EntryPoint","urlTemplate":"https:\/\/steuerportal.ch\/fr\/?s={search_term_string}"},"query-input":{"@type":"PropertyValueSpecification","valueRequired":true,"valueName":"search_term_string"}}],"inLanguage":"fr-FR"},{"@type":"Organization","@id":"https:\/\/steuerportal.ch\/fr\/#organization","name":"Steuerportal (Cosmos Verlag)","url":"https:\/\/steuerportal.ch\/fr\/","logo":{"@type":"ImageObject","inLanguage":"fr-FR","@id":"https:\/\/steuerportal.ch\/fr\/#\/schema\/logo\/image\/","url":"https:\/\/steuerportal.ch\/wp-content\/uploads\/2021\/06\/cosmos_c-strich_h_positiv_bunt.svg","contentUrl":"https:\/\/steuerportal.ch\/wp-content\/uploads\/2021\/06\/cosmos_c-strich_h_positiv_bunt.svg","width":191,"height":44,"caption":"Steuerportal (Cosmos Verlag)"},"image":{"@id":"https:\/\/steuerportal.ch\/fr\/#\/schema\/logo\/image\/"}}]}},"_links":{"self":[{"href":"https:\/\/steuerportal.ch\/fr\/wp-json\/wp\/v2\/pages\/1613","targetHints":{"allow":["GET"]}}],"collection":[{"href":"https:\/\/steuerportal.ch\/fr\/wp-json\/wp\/v2\/pages"}],"about":[{"href":"https:\/\/steuerportal.ch\/fr\/wp-json\/wp\/v2\/types\/page"}],"author":[{"embeddable":true,"href":"https:\/\/steuerportal.ch\/fr\/wp-json\/wp\/v2\/users\/3"}],"replies":[{"embeddable":true,"href":"https:\/\/steuerportal.ch\/fr\/wp-json\/wp\/v2\/comments?post=1613"}],"version-history":[{"count":20,"href":"https:\/\/steuerportal.ch\/fr\/wp-json\/wp\/v2\/pages\/1613\/revisions"}],"predecessor-version":[{"id":29212,"href":"https:\/\/steuerportal.ch\/fr\/wp-json\/wp\/v2\/pages\/1613\/revisions\/29212"}],"up":[{"embeddable":true,"href":"https:\/\/steuerportal.ch\/fr\/wp-json\/wp\/v2\/pages\/1549"}],"wp:attachment":[{"href":"https:\/\/steuerportal.ch\/fr\/wp-json\/wp\/v2\/media?parent=1613"}],"curies":[{"name":"wp","href":"https:\/\/api.w.org\/{rel}","templated":true}]}}