{"id":1556,"date":"2019-12-10T23:46:10","date_gmt":"2019-12-10T22:46:10","guid":{"rendered":"https:\/\/steuerportal.ch\/?page_id=1556"},"modified":"2026-03-12T12:30:12","modified_gmt":"2026-03-12T11:30:12","slug":"verrechnungssteuer","status":"publish","type":"page","link":"https:\/\/steuerportal.ch\/fr\/steuern-kompakt\/verrechnungssteuer\/","title":{"rendered":"Verrechnungssteuer"},"content":{"rendered":"<h1 class=\"wp-block-heading\" id=\"block-1d952aaa-0402-47ce-81a0-18d483d3dd9f\">Verrechnungssteuer<\/h1><p><em>Grundz&uuml;ge, kompakte Zusammenfassung und weiterf&uuml;hrende Informationen zur Verrechnungssteuer der Schweiz.<\/em><\/p><h2 class=\"wp-block-heading\" id=\"block-0cfed0f4-57dc-4f92-812e-e34d90513739\">Einf&uuml;hrung <\/h2><p>Die Verrechnungssteuer hat einen einzigartigen&nbsp;<strong>Hauptzweck<\/strong>: Sie sichert die allgemeine Einkommenssteuer auf Kapitalertr&auml;gen (insbesondere Dividenden sowie Bank- und Obligationenzinsen), Lotteriegewinnen und Versicherungsleistungen sowie die Verm&ouml;genssteuer auf den diesen Einkommensbestandteilen zugrunde liegenden Verm&ouml;genswerten (= Sicherungszweck der Verrechnungssteuer, Ziel: Eind&auml;mmung der Steuerhinterziehung).<\/p><p>Deshalb wird die Verrechnungssteuer vom Grundsatz her in einer ersten Phase anonym&nbsp;<strong>an der Quelle der steuerbaren Leistung<\/strong>&nbsp;&ndash; n&auml;mlich beim schweizerischen Leistungsschuldner &ndash; erhoben und in einer zweiten Phase dem steuerehrlichen Inl&auml;nder zur&uuml;ckerstattet. Ausl&auml;ndische Leistungsempf&auml;nger k&ouml;nnen die Verrechnungssteuer nur bei Vorliegen einer staatsvertraglichen R&uuml;ckerstattungsgrundlage vollst&auml;ndig oder teilweise zur&uuml;ckfordern. Bei internationalen Verh&auml;ltnissen im Sinne eines Leistungsflusses aus Schweizer Quelle an ausl&auml;ndische Leistungsempf&auml;nger steht somit nicht der Sicherungszweck, sondern der Fiskalzweck der Verrechnungssteuer im Vordergrund.<\/p><p>Die Steuers&auml;tze betragen:<\/p><ul class=\"wp-block-list\">\n<li>35% auf Kapitalertr&auml;gen und Lotteriegewinnen;<\/li>\n\n\n\n<li>15% auf Leibrenten und Pensionen;<\/li>\n\n\n\n<li>8% auf sonstigen Versicherungsleistungen (Kapitalleistungen)<\/li>\n<\/ul><h2 class=\"wp-block-heading\" id=\"zusammenfassung\">Zusammenfassung Verrechnungssteuer<\/h2><p>Lesen Sie hier die Steuern kompakt!-Zusammenfassung zur Verrechnungssteuer von <strong>Thomas Jaussi <\/strong>und <strong>Yves Strobel<\/strong>:<\/p><div class=\"wp-block-file\"><a href=\"https:\/\/steuerportal.ch\/wp-content\/uploads\/2026\/03\/Verrechnungssteuer_Update_2026.pdf\" class=\"wp-block-file__button wp-element-button\" download>Herunterladen<\/a><\/div><p>(PDF; aktualisiert: M&auml;rz 2026)<\/p><figure class=\"wp-block-image aligncenter size-large is-resized\"><img decoding=\"async\" src=\"https:\/\/steuerportal.ch\/wp-content\/uploads\/2020\/08\/Zeichenfl%C3%A4che-2y-1024x1024.jpg\" alt=\"Steuern kompakt! Zusammenfassungen\" class=\"wp-image-4192\" style=\"width:512px;height:512px\"><\/figure><h2 class=\"wp-block-heading\" id=\"wichtige-links-zum-thema\">Wichtige Links zum Thema<\/h2><h3 class=\"wp-block-heading\" id=\"block-b8222843-f233-4139-b43c-db9a171e4901\">Gesetze und Verordnungen<\/h3><p>Bundesgesetz &uuml;ber die Verrechnungssteuer (VStG) | 642.21<br><a href=\"http:\/\/www.admin.ch\/ch\/d\/sr\/642_21\/index.html\" target=\"_blank\" rel=\"noreferrer noopener\">Html (Artikel einzeln)<\/a><br><a href=\"http:\/\/www.lexfind.ch\/dta\/18902\/2\/\" target=\"_blank\" rel=\"noreferrer noopener\">PDF (komplett)<\/a><\/p><p>Verordnung &uuml;ber die Verrechnungssteuer (VStV) | 642.211<br><a href=\"http:\/\/www.admin.ch\/ch\/d\/sr\/642_211\/index.html\" target=\"_blank\" rel=\"noreferrer noopener\">Html (Artikel einzeln)<\/a><br><a href=\"http:\/\/www.lexfind.ch\/dta\/18609\/2\/\" target=\"_blank\" rel=\"noreferrer noopener\">PDF (komplett)<\/a><\/p><p>Verfassungsrechtliche Grundlage<br><a href=\"http:\/\/www.admin.ch\/ch\/d\/sr\/101\/a132.html\" target=\"_blank\" rel=\"noreferrer noopener\">BV 132 Abs. 2<\/a><\/p><h3 class=\"wp-block-heading\" id=\"block-11fe9253-d56a-43ae-b428-7a3c0a091ca1\">Verwaltung<\/h3><p><strong>Eidg. Steuerverwaltung<\/strong><br><a href=\"https:\/\/www.estv.admin.ch\/estv\/de\/home\/verrechnungssteuer\/fachinformationen\/kreisschreiben.html\" target=\"_blank\" rel=\"noreferrer noopener\">Kreisschreiben<\/a><br><a href=\"https:\/\/www.estv.admin.ch\/estv\/de\/home\/verrechnungssteuer\/fachinformationen\/merkblaetter.html\" target=\"_blank\" rel=\"noreferrer noopener\">Merkbl&auml;tter<\/a><br><a href=\"https:\/\/www.estv.admin.ch\/estv\/de\/home\/verrechnungssteuer\/fachinformationen\/rundschreiben.html\" target=\"_blank\" rel=\"noreferrer noopener\">Rundschreiben<\/a><br><a href=\"https:\/\/www.estv.admin.ch\/estv\/de\/home\/verrechnungssteuer\/vst-abrechnen\/vst-formulare.html\">Formulare<\/a><\/p><h2 class=\"wp-block-heading\" id=\"block-032afd17-de11-4ac0-a2c7-79b2287573c0\">Literatur <\/h2><p><strong><a href=\"https:\/\/steuerportal.ch\/fachmodule\/steuerrevue\/\">Steuer Revue<\/a><\/strong> <br>Die Steuer Revue orientiert monatlich &uuml;ber die wichtigsten Entwicklungen und die aktuelle Rechtsprechung zur Verrechnungssteuer <br><a href=\"https:\/\/steuerportal.ch\/fachmodule\/steuerrevue\/\">mehr erfahren<\/a> <\/p><p><strong><a href=\"https:\/\/www.cosmosverlag.ch\/fachmedien\/produkt-schlagwort\/verrechnungssteuer\/\" target=\"_blank\" rel=\"noreferrer noopener\">www.cosmosverlag.ch<\/a><\/strong><br>Weitere Fachliteratur und Veranstaltungen zur Verrechnungssteuer finden Sie unter www.cosmosverlag.ch (Thema Verrechnungssteuer)<br><a href=\"https:\/\/www.cosmosverlag.ch\/fachmedien\/produkt-schlagwort\/verrechnungssteuer\/\" target=\"_blank\" rel=\"noreferrer noopener\">mehr erfahren<\/a> <\/p><figure class=\"wp-block-image is-resized\"><img loading=\"lazy\" decoding=\"async\" width=\"730\" height=\"1024\" src=\"https:\/\/steuerportal.ch\/wp-content\/uploads\/2022\/01\/kriminalisierende-fiskalgeschichte-web-730x1024.png\" alt=\"\" class=\"wp-image-10517\" srcset=\"https:\/\/steuerportal.ch\/wp-content\/uploads\/2022\/01\/kriminalisierende-fiskalgeschichte-web-730x1024.png 730w, https:\/\/steuerportal.ch\/wp-content\/uploads\/2022\/01\/kriminalisierende-fiskalgeschichte-web-700x982.png 700w, https:\/\/steuerportal.ch\/wp-content\/uploads\/2022\/01\/kriminalisierende-fiskalgeschichte-web-768x1077.png 768w, https:\/\/steuerportal.ch\/wp-content\/uploads\/2022\/01\/kriminalisierende-fiskalgeschichte-web-1095x1536.png 1095w, https:\/\/steuerportal.ch\/wp-content\/uploads\/2022\/01\/kriminalisierende-fiskalgeschichte-web-1460x2048.png 1460w, https:\/\/steuerportal.ch\/wp-content\/uploads\/2022\/01\/kriminalisierende-fiskalgeschichte-web-1280x1795.png 1280w, https:\/\/steuerportal.ch\/wp-content\/uploads\/2022\/01\/kriminalisierende-fiskalgeschichte-web-200x280.png 200w, https:\/\/steuerportal.ch\/wp-content\/uploads\/2022\/01\/kriminalisierende-fiskalgeschichte-web-628x881.png 628w, https:\/\/steuerportal.ch\/wp-content\/uploads\/2022\/01\/kriminalisierende-fiskalgeschichte-web-296x415.png 296w\" sizes=\"auto, (max-width: 730px) 100vw, 730px\" \/><figcaption class=\"wp-element-caption\">Illustration von Rino Wenger aus: <a href=\"https:\/\/www.cosmosverlag.ch\/fachmedien\/produkt\/tatort-verrechnungssteuer\/\" target=\"_blank\" rel=\"noreferrer noopener\">Tatort Verrechnungssteuer<\/a><\/figcaption><\/figure><h2 class=\"wp-block-heading\" id=\"block-475a2a4d-6a30-4afd-99c9-7974220f91c3\">Alle Zusammenfassungen<\/h2><div class=\"wp-block-group is-layout-flow wp-block-group-is-layout-flow\">\n<p><em>Steuern kompakt!<\/em> bietet aktuell &Uuml;bersichten und Zusammenfassungen zu folgenden Themen:<\/p>\n\n\n\n<ul class=\"wp-block-list\">\n<li><a href=\"https:\/\/steuerportal.ch\/steuern-kompakt\/\">Einf&uuml;hrung in das schweizerische Steuerrecht<\/a><\/li>\n\n\n\n<li><a href=\"https:\/\/steuerportal.ch\/steuern-kompakt\/einkommen-und-vermoegen\/\">Einkommens- und Verm&ouml;genssteuern<\/a><\/li>\n\n\n\n<li><a href=\"https:\/\/steuerportal.ch\/steuern-kompakt\/gewinn-und-kapital\/\">Gewinn- und Kapitalsteuern<\/a><\/li>\n\n\n\n<li><a href=\"https:\/\/steuerportal.ch\/steuern-kompakt\/mehrwertsteuer\/\">Mehrwertsteuer<\/a><\/li>\n\n\n\n<li><a href=\"https:\/\/steuerportal.ch\/steuern-kompakt\/verrechnungssteuer\/\">Verrechnungssteuer<\/a><\/li>\n\n\n\n<li><a href=\"https:\/\/steuerportal.ch\/steuern-kompakt\/stempelabgaben\/\">Stempelabgaben<\/a><\/li>\n\n\n\n<li><a href=\"https:\/\/steuerportal.ch\/steuern-kompakt\/interkantonales-steuerrecht\/\">Interkantonales Steuerrecht<\/a><\/li>\n<\/ul>\n<\/div><div style=\"height:100px\" aria-hidden=\"true\" class=\"wp-block-spacer\"><\/div><hr class=\"wp-block-separator has-text-color has-primary-bright-color has-css-opacity has-primary-bright-background-color has-background\">\n","protected":false},"excerpt":{"rendered":"<p>Verrechnungssteuer Grundz&uuml;ge, kompakte Zusammenfassung und weiterf&uuml;hrende Informationen zur Verrechnungssteuer der Schweiz. Einf&uuml;hrung Die Verrechnungssteuer hat einen einzigartigen&nbsp;Hauptzweck: Sie sichert die allgemeine Einkommenssteuer auf Kapitalertr&auml;gen (insbesondere Dividenden sowie Bank- und Obligationenzinsen), Lotteriegewinnen und Versicherungsleistungen sowie die Verm&ouml;genssteuer auf den diesen Einkommensbestandteilen zugrunde liegenden Verm&ouml;genswerten&hellip;<\/p>\n","protected":false},"author":3,"featured_media":0,"parent":1549,"menu_order":6,"comment_status":"closed","ping_status":"closed","template":"","meta":{"_acf_changed":false,"footnotes":""},"class_list":["post-1556","page","type-page","status-publish","hentry"],"acf":[],"yoast_head":"<!-- This site is optimized with the Yoast SEO plugin v27.6 - https:\/\/yoast.com\/product\/yoast-seo-wordpress\/ -->\n<title>Zusammenfassung Verrechnungssteuer &#8226; steuerportal.ch<\/title>\n<meta name=\"description\" content=\"Grundz\u00fcge, kompake Zusammenfassung und weiterf\u00fchrende Informationen zur Verrechnungssteuer der Schweiz. Zusammenfassung verfasst von Thomas Jaussi.\" \/>\n<meta name=\"robots\" content=\"index, follow, max-snippet:-1, max-image-preview:large, max-video-preview:-1\" \/>\n<link rel=\"canonical\" href=\"https:\/\/steuerportal.ch\/fr\/steuern-kompakt\/verrechnungssteuer\/\" \/>\n<meta property=\"og:locale\" content=\"fr_FR\" \/>\n<meta property=\"og:type\" content=\"article\" \/>\n<meta property=\"og:title\" content=\"Zusammenfassung Verrechnungssteuer &#8226; steuerportal.ch\" \/>\n<meta property=\"og:description\" content=\"Grundz\u00fcge, kompake Zusammenfassung und weiterf\u00fchrende Informationen zur Verrechnungssteuer der Schweiz. Zusammenfassung verfasst von Thomas Jaussi.\" \/>\n<meta property=\"og:url\" content=\"https:\/\/steuerportal.ch\/fr\/steuern-kompakt\/verrechnungssteuer\/\" \/>\n<meta property=\"og:site_name\" content=\"steuerportal.ch\" \/>\n<meta property=\"article:modified_time\" content=\"2026-03-12T11:30:12+00:00\" \/>\n<meta property=\"og:image\" content=\"https:\/\/steuerportal.ch\/wp-content\/uploads\/2022\/01\/kriminalisierende-fiskalgeschichte-web-730x1024.png\" \/>\n<meta name=\"twitter:card\" content=\"summary_large_image\" \/>\n<meta name=\"twitter:label1\" content=\"Dur\u00e9e de lecture estim\u00e9e\" \/>\n\t<meta name=\"twitter:data1\" content=\"2 minutes\" \/>\n<script type=\"application\/ld+json\" class=\"yoast-schema-graph\">{\"@context\":\"https:\\\/\\\/schema.org\",\"@graph\":[{\"@type\":\"WebPage\",\"@id\":\"https:\\\/\\\/steuerportal.ch\\\/fr\\\/steuern-kompakt\\\/verrechnungssteuer\\\/\",\"url\":\"https:\\\/\\\/steuerportal.ch\\\/fr\\\/steuern-kompakt\\\/verrechnungssteuer\\\/\",\"name\":\"Zusammenfassung Verrechnungssteuer &#8226; steuerportal.ch\",\"isPartOf\":{\"@id\":\"https:\\\/\\\/steuerportal.ch\\\/fr\\\/#website\"},\"primaryImageOfPage\":{\"@id\":\"https:\\\/\\\/steuerportal.ch\\\/fr\\\/steuern-kompakt\\\/verrechnungssteuer\\\/#primaryimage\"},\"image\":{\"@id\":\"https:\\\/\\\/steuerportal.ch\\\/fr\\\/steuern-kompakt\\\/verrechnungssteuer\\\/#primaryimage\"},\"thumbnailUrl\":\"https:\\\/\\\/steuerportal.ch\\\/wp-content\\\/uploads\\\/2022\\\/01\\\/kriminalisierende-fiskalgeschichte-web-730x1024.png\",\"datePublished\":\"2019-12-10T22:46:10+00:00\",\"dateModified\":\"2026-03-12T11:30:12+00:00\",\"description\":\"Grundz\u00fcge, kompake Zusammenfassung und weiterf\u00fchrende Informationen zur Verrechnungssteuer der Schweiz. Zusammenfassung verfasst von Thomas Jaussi.\",\"breadcrumb\":{\"@id\":\"https:\\\/\\\/steuerportal.ch\\\/fr\\\/steuern-kompakt\\\/verrechnungssteuer\\\/#breadcrumb\"},\"inLanguage\":\"fr-FR\",\"potentialAction\":[{\"@type\":\"ReadAction\",\"target\":[\"https:\\\/\\\/steuerportal.ch\\\/fr\\\/steuern-kompakt\\\/verrechnungssteuer\\\/\"]}]},{\"@type\":\"ImageObject\",\"inLanguage\":\"fr-FR\",\"@id\":\"https:\\\/\\\/steuerportal.ch\\\/fr\\\/steuern-kompakt\\\/verrechnungssteuer\\\/#primaryimage\",\"url\":\"https:\\\/\\\/steuerportal.ch\\\/wp-content\\\/uploads\\\/2022\\\/01\\\/kriminalisierende-fiskalgeschichte-web-730x1024.png\",\"contentUrl\":\"https:\\\/\\\/steuerportal.ch\\\/wp-content\\\/uploads\\\/2022\\\/01\\\/kriminalisierende-fiskalgeschichte-web-730x1024.png\"},{\"@type\":\"BreadcrumbList\",\"@id\":\"https:\\\/\\\/steuerportal.ch\\\/fr\\\/steuern-kompakt\\\/verrechnungssteuer\\\/#breadcrumb\",\"itemListElement\":[{\"@type\":\"ListItem\",\"position\":1,\"name\":\"Page d'accueil\",\"item\":\"https:\\\/\\\/steuerportal.ch\\\/fr\\\/\"},{\"@type\":\"ListItem\",\"position\":2,\"name\":\"Steuern kompakt!\",\"item\":\"https:\\\/\\\/steuerportal.ch\\\/fr\\\/steuern-kompakt\\\/\"},{\"@type\":\"ListItem\",\"position\":3,\"name\":\"Verrechnungssteuer\"}]},{\"@type\":\"WebSite\",\"@id\":\"https:\\\/\\\/steuerportal.ch\\\/fr\\\/#website\",\"url\":\"https:\\\/\\\/steuerportal.ch\\\/fr\\\/\",\"name\":\"steuerportal.ch\",\"description\":\"Le portail suisse sp\u00e9cialis\u00e9 dans le domaine des imp\u00f4ts\",\"publisher\":{\"@id\":\"https:\\\/\\\/steuerportal.ch\\\/fr\\\/#organization\"},\"potentialAction\":[{\"@type\":\"SearchAction\",\"target\":{\"@type\":\"EntryPoint\",\"urlTemplate\":\"https:\\\/\\\/steuerportal.ch\\\/fr\\\/?s={search_term_string}\"},\"query-input\":{\"@type\":\"PropertyValueSpecification\",\"valueRequired\":true,\"valueName\":\"search_term_string\"}}],\"inLanguage\":\"fr-FR\"},{\"@type\":\"Organization\",\"@id\":\"https:\\\/\\\/steuerportal.ch\\\/fr\\\/#organization\",\"name\":\"Steuerportal (Cosmos Verlag)\",\"url\":\"https:\\\/\\\/steuerportal.ch\\\/fr\\\/\",\"logo\":{\"@type\":\"ImageObject\",\"inLanguage\":\"fr-FR\",\"@id\":\"https:\\\/\\\/steuerportal.ch\\\/fr\\\/#\\\/schema\\\/logo\\\/image\\\/\",\"url\":\"https:\\\/\\\/steuerportal.ch\\\/wp-content\\\/uploads\\\/2021\\\/06\\\/cosmos_c-strich_h_positiv_bunt.svg\",\"contentUrl\":\"https:\\\/\\\/steuerportal.ch\\\/wp-content\\\/uploads\\\/2021\\\/06\\\/cosmos_c-strich_h_positiv_bunt.svg\",\"width\":191,\"height\":44,\"caption\":\"Steuerportal (Cosmos Verlag)\"},\"image\":{\"@id\":\"https:\\\/\\\/steuerportal.ch\\\/fr\\\/#\\\/schema\\\/logo\\\/image\\\/\"}}]}<\/script>\n<!-- \/ Yoast SEO plugin. -->","yoast_head_json":{"title":"Zusammenfassung Verrechnungssteuer &#8226; steuerportal.ch","description":"Grundz\u00fcge, kompake Zusammenfassung und weiterf\u00fchrende Informationen zur Verrechnungssteuer der Schweiz. Zusammenfassung verfasst von Thomas Jaussi.","robots":{"index":"index","follow":"follow","max-snippet":"max-snippet:-1","max-image-preview":"max-image-preview:large","max-video-preview":"max-video-preview:-1"},"canonical":"https:\/\/steuerportal.ch\/fr\/steuern-kompakt\/verrechnungssteuer\/","og_locale":"fr_FR","og_type":"article","og_title":"Zusammenfassung Verrechnungssteuer &#8226; steuerportal.ch","og_description":"Grundz\u00fcge, kompake Zusammenfassung und weiterf\u00fchrende Informationen zur Verrechnungssteuer der Schweiz. Zusammenfassung verfasst von Thomas Jaussi.","og_url":"https:\/\/steuerportal.ch\/fr\/steuern-kompakt\/verrechnungssteuer\/","og_site_name":"steuerportal.ch","article_modified_time":"2026-03-12T11:30:12+00:00","og_image":[{"url":"https:\/\/steuerportal.ch\/wp-content\/uploads\/2022\/01\/kriminalisierende-fiskalgeschichte-web-730x1024.png","type":"","width":"","height":""}],"twitter_card":"summary_large_image","twitter_misc":{"Dur\u00e9e de lecture estim\u00e9e":"2 minutes"},"schema":{"@context":"https:\/\/schema.org","@graph":[{"@type":"WebPage","@id":"https:\/\/steuerportal.ch\/fr\/steuern-kompakt\/verrechnungssteuer\/","url":"https:\/\/steuerportal.ch\/fr\/steuern-kompakt\/verrechnungssteuer\/","name":"Zusammenfassung Verrechnungssteuer &#8226; steuerportal.ch","isPartOf":{"@id":"https:\/\/steuerportal.ch\/fr\/#website"},"primaryImageOfPage":{"@id":"https:\/\/steuerportal.ch\/fr\/steuern-kompakt\/verrechnungssteuer\/#primaryimage"},"image":{"@id":"https:\/\/steuerportal.ch\/fr\/steuern-kompakt\/verrechnungssteuer\/#primaryimage"},"thumbnailUrl":"https:\/\/steuerportal.ch\/wp-content\/uploads\/2022\/01\/kriminalisierende-fiskalgeschichte-web-730x1024.png","datePublished":"2019-12-10T22:46:10+00:00","dateModified":"2026-03-12T11:30:12+00:00","description":"Grundz\u00fcge, kompake Zusammenfassung und weiterf\u00fchrende Informationen zur Verrechnungssteuer der Schweiz. Zusammenfassung verfasst von Thomas Jaussi.","breadcrumb":{"@id":"https:\/\/steuerportal.ch\/fr\/steuern-kompakt\/verrechnungssteuer\/#breadcrumb"},"inLanguage":"fr-FR","potentialAction":[{"@type":"ReadAction","target":["https:\/\/steuerportal.ch\/fr\/steuern-kompakt\/verrechnungssteuer\/"]}]},{"@type":"ImageObject","inLanguage":"fr-FR","@id":"https:\/\/steuerportal.ch\/fr\/steuern-kompakt\/verrechnungssteuer\/#primaryimage","url":"https:\/\/steuerportal.ch\/wp-content\/uploads\/2022\/01\/kriminalisierende-fiskalgeschichte-web-730x1024.png","contentUrl":"https:\/\/steuerportal.ch\/wp-content\/uploads\/2022\/01\/kriminalisierende-fiskalgeschichte-web-730x1024.png"},{"@type":"BreadcrumbList","@id":"https:\/\/steuerportal.ch\/fr\/steuern-kompakt\/verrechnungssteuer\/#breadcrumb","itemListElement":[{"@type":"ListItem","position":1,"name":"Page d'accueil","item":"https:\/\/steuerportal.ch\/fr\/"},{"@type":"ListItem","position":2,"name":"Steuern kompakt!","item":"https:\/\/steuerportal.ch\/fr\/steuern-kompakt\/"},{"@type":"ListItem","position":3,"name":"Verrechnungssteuer"}]},{"@type":"WebSite","@id":"https:\/\/steuerportal.ch\/fr\/#website","url":"https:\/\/steuerportal.ch\/fr\/","name":"steuerportal.ch","description":"Le portail suisse sp\u00e9cialis\u00e9 dans le domaine des imp\u00f4ts","publisher":{"@id":"https:\/\/steuerportal.ch\/fr\/#organization"},"potentialAction":[{"@type":"SearchAction","target":{"@type":"EntryPoint","urlTemplate":"https:\/\/steuerportal.ch\/fr\/?s={search_term_string}"},"query-input":{"@type":"PropertyValueSpecification","valueRequired":true,"valueName":"search_term_string"}}],"inLanguage":"fr-FR"},{"@type":"Organization","@id":"https:\/\/steuerportal.ch\/fr\/#organization","name":"Steuerportal (Cosmos Verlag)","url":"https:\/\/steuerportal.ch\/fr\/","logo":{"@type":"ImageObject","inLanguage":"fr-FR","@id":"https:\/\/steuerportal.ch\/fr\/#\/schema\/logo\/image\/","url":"https:\/\/steuerportal.ch\/wp-content\/uploads\/2021\/06\/cosmos_c-strich_h_positiv_bunt.svg","contentUrl":"https:\/\/steuerportal.ch\/wp-content\/uploads\/2021\/06\/cosmos_c-strich_h_positiv_bunt.svg","width":191,"height":44,"caption":"Steuerportal (Cosmos Verlag)"},"image":{"@id":"https:\/\/steuerportal.ch\/fr\/#\/schema\/logo\/image\/"}}]}},"_links":{"self":[{"href":"https:\/\/steuerportal.ch\/fr\/wp-json\/wp\/v2\/pages\/1556","targetHints":{"allow":["GET"]}}],"collection":[{"href":"https:\/\/steuerportal.ch\/fr\/wp-json\/wp\/v2\/pages"}],"about":[{"href":"https:\/\/steuerportal.ch\/fr\/wp-json\/wp\/v2\/types\/page"}],"author":[{"embeddable":true,"href":"https:\/\/steuerportal.ch\/fr\/wp-json\/wp\/v2\/users\/3"}],"replies":[{"embeddable":true,"href":"https:\/\/steuerportal.ch\/fr\/wp-json\/wp\/v2\/comments?post=1556"}],"version-history":[{"count":24,"href":"https:\/\/steuerportal.ch\/fr\/wp-json\/wp\/v2\/pages\/1556\/revisions"}],"predecessor-version":[{"id":29213,"href":"https:\/\/steuerportal.ch\/fr\/wp-json\/wp\/v2\/pages\/1556\/revisions\/29213"}],"up":[{"embeddable":true,"href":"https:\/\/steuerportal.ch\/fr\/wp-json\/wp\/v2\/pages\/1549"}],"wp:attachment":[{"href":"https:\/\/steuerportal.ch\/fr\/wp-json\/wp\/v2\/media?parent=1556"}],"curies":[{"name":"wp","href":"https:\/\/api.w.org\/{rel}","templated":true}]}}