{"id":11229,"date":"2022-02-08T17:23:56","date_gmt":"2022-02-08T16:23:56","guid":{"rendered":"https:\/\/steuerportal.ch\/?page_id=11229"},"modified":"2024-03-18T00:41:20","modified_gmt":"2024-03-17T23:41:20","slug":"mot-de-passe","status":"publish","type":"page","link":"https:\/\/steuerportal.ch\/fr\/mot-de-passe\/","title":{"rendered":"R\u00e9initialiser votre mot de passe"},"content":{"rendered":"<p>\n<div class=\"c-shpfrp c-shpfrp__stack\">\n\t<div id=\"password-lost-form-wrap\" class=\"c-shpfrp__formwrapper c-shpfrp__stack\">\n\n\t\t\n\t\t\n\t\t\t\t\t<form id=\"shpfrp_requestpassword\" method=\"post\" class=\"c-shpfrp__account-page-form c-shpfrp__stack\">\n\t\t\t\t<fieldset class=\"c-shpfrp__fieldset c-shpfrp__stack\">\n\t\t\t\t\t<legend class=\"c-shpfrp__legend\">R\u00e9initialiser le mot de passe<\/legend>\n\n\t\t\t\t\t\t\t\t\t\t\t<div class=\"c-shpfrp__formhelp\">\n\t\t\t\t\t\t\t<p>Veuillez saisir votre adresse e-mail. Vous recevrez un lien pour cr\u00e9er un nouveau mot de passe par e-mail.<\/p>\n\t\t\t\t\t\t<\/div>\n\t\t\t\t\t\n\t\t\t\t\t<div class=\"c-shpfrp__fieldwrapper c-shpfrp__stack\">\n\t\t\t\t\t\t<label class=\"c-shpfrp__fieldlabel\" for=\"email\">Votre adresse e-mail:<\/label>\n\t\t\t\t\t\t<input type=\"text\" name=\"shpfrp_user_info\" id=\"shpfrp_user_info\" required>\n\t\t\t\t\t<\/div>\n\n\t\t\t\t\t<div class=\"c-shpfrp__lostpassword-submit c-shpfrp__stack\">\n\t\t\t\t\t\t<input type=\"hidden\" id=\"shpfrp_nonce\" name=\"shpfrp_nonce\" value=\"ed6610d0ee\" \/><input type=\"hidden\" name=\"_wp_http_referer\" value=\"\/fr\/wp-json\/wp\/v2\/pages\/11229\" \/>\t\t\t\t\t\t<input type=\"hidden\" name=\"submitted\" id=\"submitted\" value=\"true\">\n\t\t\t\t\t\t<input type=\"hidden\" name=\"shpfrp_action\" id=\"shpfrp_post_action\" value=\"shpfrp_lost_pass\">\n\t\t\t\t\t\t<input type=\"submit\" name=\"reset-pass-submit\" class=\"c-shpfrp__button c-shpfrp__button--submit\" value=\"R\u00e9initialiser le mot de passe\" \/>\n\t\t\t\t\t<\/div>\n\n\t\t\t\t<\/fieldset>\n\t\t\t<\/form>\n\t\t\n\t<\/div>\n<\/div>\n\n<\/p>\n","protected":false},"excerpt":{"rendered":"","protected":false},"author":1,"featured_media":0,"parent":0,"menu_order":300,"comment_status":"closed","ping_status":"closed","template":"","meta":{"_acf_changed":false,"footnotes":""},"class_list":["post-11229","page","type-page","status-publish","hentry"],"acf":[],"yoast_head":"<!-- This site is optimized with the Yoast SEO plugin v27.5 - https:\/\/yoast.com\/product\/yoast-seo-wordpress\/ -->\n<title>R\u00e9initialiser votre mot de passe &#8226; steuerportal.ch<\/title>\n<meta name=\"robots\" content=\"index, follow, max-snippet:-1, max-image-preview:large, max-video-preview:-1\" \/>\n<link rel=\"canonical\" href=\"https:\/\/steuerportal.ch\/fr\/mot-de-passe\/\" \/>\n<meta property=\"og:locale\" content=\"fr_FR\" \/>\n<meta property=\"og:type\" content=\"article\" \/>\n<meta property=\"og:title\" content=\"R\u00e9initialiser votre mot de passe &#8226; steuerportal.ch\" \/>\n<meta property=\"og:url\" content=\"https:\/\/steuerportal.ch\/fr\/mot-de-passe\/\" \/>\n<meta property=\"og:site_name\" content=\"steuerportal.ch\" \/>\n<meta property=\"article:modified_time\" content=\"2024-03-17T23:41:20+00:00\" \/>\n<meta name=\"twitter:card\" content=\"summary_large_image\" \/>\n<meta name=\"twitter:label1\" content=\"Dur\u00e9e de lecture estim\u00e9e\" \/>\n\t<meta name=\"twitter:data1\" content=\"1 minute\" \/>\n<script type=\"application\/ld+json\" class=\"yoast-schema-graph\">{\"@context\":\"https:\\\/\\\/schema.org\",\"@graph\":[{\"@type\":\"WebPage\",\"@id\":\"https:\\\/\\\/steuerportal.ch\\\/fr\\\/mot-de-passe\\\/\",\"url\":\"https:\\\/\\\/steuerportal.ch\\\/fr\\\/mot-de-passe\\\/\",\"name\":\"R\u00e9initialiser votre mot de passe &#8226; steuerportal.ch\",\"isPartOf\":{\"@id\":\"https:\\\/\\\/steuerportal.ch\\\/fr\\\/#website\"},\"datePublished\":\"2022-02-08T16:23:56+00:00\",\"dateModified\":\"2024-03-17T23:41:20+00:00\",\"breadcrumb\":{\"@id\":\"https:\\\/\\\/steuerportal.ch\\\/fr\\\/mot-de-passe\\\/#breadcrumb\"},\"inLanguage\":\"fr-FR\",\"potentialAction\":[{\"@type\":\"ReadAction\",\"target\":[\"https:\\\/\\\/steuerportal.ch\\\/fr\\\/mot-de-passe\\\/\"]}]},{\"@type\":\"BreadcrumbList\",\"@id\":\"https:\\\/\\\/steuerportal.ch\\\/fr\\\/mot-de-passe\\\/#breadcrumb\",\"itemListElement\":[{\"@type\":\"ListItem\",\"position\":1,\"name\":\"Page d'accueil\",\"item\":\"https:\\\/\\\/steuerportal.ch\\\/fr\\\/\"},{\"@type\":\"ListItem\",\"position\":2,\"name\":\"R\u00e9initialiser votre mot de passe\"}]},{\"@type\":\"WebSite\",\"@id\":\"https:\\\/\\\/steuerportal.ch\\\/fr\\\/#website\",\"url\":\"https:\\\/\\\/steuerportal.ch\\\/fr\\\/\",\"name\":\"steuerportal.ch\",\"description\":\"Le portail suisse sp\u00e9cialis\u00e9 dans le domaine des imp\u00f4ts\",\"publisher\":{\"@id\":\"https:\\\/\\\/steuerportal.ch\\\/fr\\\/#organization\"},\"potentialAction\":[{\"@type\":\"SearchAction\",\"target\":{\"@type\":\"EntryPoint\",\"urlTemplate\":\"https:\\\/\\\/steuerportal.ch\\\/fr\\\/?s={search_term_string}\"},\"query-input\":{\"@type\":\"PropertyValueSpecification\",\"valueRequired\":true,\"valueName\":\"search_term_string\"}}],\"inLanguage\":\"fr-FR\"},{\"@type\":\"Organization\",\"@id\":\"https:\\\/\\\/steuerportal.ch\\\/fr\\\/#organization\",\"name\":\"Steuerportal (Cosmos Verlag)\",\"url\":\"https:\\\/\\\/steuerportal.ch\\\/fr\\\/\",\"logo\":{\"@type\":\"ImageObject\",\"inLanguage\":\"fr-FR\",\"@id\":\"https:\\\/\\\/steuerportal.ch\\\/fr\\\/#\\\/schema\\\/logo\\\/image\\\/\",\"url\":\"https:\\\/\\\/steuerportal.ch\\\/wp-content\\\/uploads\\\/2021\\\/06\\\/cosmos_c-strich_h_positiv_bunt.svg\",\"contentUrl\":\"https:\\\/\\\/steuerportal.ch\\\/wp-content\\\/uploads\\\/2021\\\/06\\\/cosmos_c-strich_h_positiv_bunt.svg\",\"width\":191,\"height\":44,\"caption\":\"Steuerportal (Cosmos Verlag)\"},\"image\":{\"@id\":\"https:\\\/\\\/steuerportal.ch\\\/fr\\\/#\\\/schema\\\/logo\\\/image\\\/\"}}]}<\/script>\n<!-- \/ Yoast SEO plugin. -->","yoast_head_json":{"title":"R\u00e9initialiser votre mot de passe &#8226; steuerportal.ch","robots":{"index":"index","follow":"follow","max-snippet":"max-snippet:-1","max-image-preview":"max-image-preview:large","max-video-preview":"max-video-preview:-1"},"canonical":"https:\/\/steuerportal.ch\/fr\/mot-de-passe\/","og_locale":"fr_FR","og_type":"article","og_title":"R\u00e9initialiser votre mot de passe &#8226; steuerportal.ch","og_url":"https:\/\/steuerportal.ch\/fr\/mot-de-passe\/","og_site_name":"steuerportal.ch","article_modified_time":"2024-03-17T23:41:20+00:00","twitter_card":"summary_large_image","twitter_misc":{"Dur\u00e9e de lecture estim\u00e9e":"1 minute"},"schema":{"@context":"https:\/\/schema.org","@graph":[{"@type":"WebPage","@id":"https:\/\/steuerportal.ch\/fr\/mot-de-passe\/","url":"https:\/\/steuerportal.ch\/fr\/mot-de-passe\/","name":"R\u00e9initialiser votre mot de passe &#8226; steuerportal.ch","isPartOf":{"@id":"https:\/\/steuerportal.ch\/fr\/#website"},"datePublished":"2022-02-08T16:23:56+00:00","dateModified":"2024-03-17T23:41:20+00:00","breadcrumb":{"@id":"https:\/\/steuerportal.ch\/fr\/mot-de-passe\/#breadcrumb"},"inLanguage":"fr-FR","potentialAction":[{"@type":"ReadAction","target":["https:\/\/steuerportal.ch\/fr\/mot-de-passe\/"]}]},{"@type":"BreadcrumbList","@id":"https:\/\/steuerportal.ch\/fr\/mot-de-passe\/#breadcrumb","itemListElement":[{"@type":"ListItem","position":1,"name":"Page d'accueil","item":"https:\/\/steuerportal.ch\/fr\/"},{"@type":"ListItem","position":2,"name":"R\u00e9initialiser votre mot de passe"}]},{"@type":"WebSite","@id":"https:\/\/steuerportal.ch\/fr\/#website","url":"https:\/\/steuerportal.ch\/fr\/","name":"steuerportal.ch","description":"Le portail suisse sp\u00e9cialis\u00e9 dans le domaine des imp\u00f4ts","publisher":{"@id":"https:\/\/steuerportal.ch\/fr\/#organization"},"potentialAction":[{"@type":"SearchAction","target":{"@type":"EntryPoint","urlTemplate":"https:\/\/steuerportal.ch\/fr\/?s={search_term_string}"},"query-input":{"@type":"PropertyValueSpecification","valueRequired":true,"valueName":"search_term_string"}}],"inLanguage":"fr-FR"},{"@type":"Organization","@id":"https:\/\/steuerportal.ch\/fr\/#organization","name":"Steuerportal (Cosmos Verlag)","url":"https:\/\/steuerportal.ch\/fr\/","logo":{"@type":"ImageObject","inLanguage":"fr-FR","@id":"https:\/\/steuerportal.ch\/fr\/#\/schema\/logo\/image\/","url":"https:\/\/steuerportal.ch\/wp-content\/uploads\/2021\/06\/cosmos_c-strich_h_positiv_bunt.svg","contentUrl":"https:\/\/steuerportal.ch\/wp-content\/uploads\/2021\/06\/cosmos_c-strich_h_positiv_bunt.svg","width":191,"height":44,"caption":"Steuerportal (Cosmos Verlag)"},"image":{"@id":"https:\/\/steuerportal.ch\/fr\/#\/schema\/logo\/image\/"}}]}},"_links":{"self":[{"href":"https:\/\/steuerportal.ch\/fr\/wp-json\/wp\/v2\/pages\/11229","targetHints":{"allow":["GET"]}}],"collection":[{"href":"https:\/\/steuerportal.ch\/fr\/wp-json\/wp\/v2\/pages"}],"about":[{"href":"https:\/\/steuerportal.ch\/fr\/wp-json\/wp\/v2\/types\/page"}],"author":[{"embeddable":true,"href":"https:\/\/steuerportal.ch\/fr\/wp-json\/wp\/v2\/users\/1"}],"replies":[{"embeddable":true,"href":"https:\/\/steuerportal.ch\/fr\/wp-json\/wp\/v2\/comments?post=11229"}],"version-history":[{"count":4,"href":"https:\/\/steuerportal.ch\/fr\/wp-json\/wp\/v2\/pages\/11229\/revisions"}],"predecessor-version":[{"id":15518,"href":"https:\/\/steuerportal.ch\/fr\/wp-json\/wp\/v2\/pages\/11229\/revisions\/15518"}],"wp:attachment":[{"href":"https:\/\/steuerportal.ch\/fr\/wp-json\/wp\/v2\/media?parent=11229"}],"curies":[{"name":"wp","href":"https:\/\/api.w.org\/{rel}","templated":true}]}}