{"id":10350,"date":"2019-12-10T05:18:20","date_gmt":"2019-12-10T04:18:20","guid":{"rendered":"https:\/\/steuerportal.ch\/formations\/profils-des-institutions\/treuhandsuisse\/"},"modified":"2022-01-12T14:44:52","modified_gmt":"2022-01-12T13:44:52","slug":"treuhandsuisse","status":"publish","type":"page","link":"https:\/\/steuerportal.ch\/fr\/formations\/profils-des-institutions\/treuhandsuisse\/","title":{"rendered":"TREUHAND|SUISSE"},"content":{"rendered":"<figure class=\"wp-block-image size-large\"><img loading=\"lazy\" decoding=\"async\" width=\"500\" height=\"243\" src=\"https:\/\/steuerportal.ch\/wp-content\/uploads\/2019\/12\/TREU-SUISSE-500.jpg\" alt=\"\" class=\"wp-image-8168\" srcset=\"https:\/\/steuerportal.ch\/wp-content\/uploads\/2019\/12\/TREU-SUISSE-500.jpg 500w, https:\/\/steuerportal.ch\/wp-content\/uploads\/2019\/12\/TREU-SUISSE-500-296x144.jpg 296w\" sizes=\"auto, (max-width: 500px) 100vw, 500px\" \/><\/figure><p>TREUHAND|SUISSE verk&ouml;rpert die kompetente, in Politik, Wirtschaft und Verwaltung anerkannte nationale Interessenvertretung des Treuhandwesens Schweiz. Mit seinem Wirtschaftsverst&auml;ndnis und seinen Dienstleistungen tr&auml;gt der Verband wesentlich zu einer Erh&ouml;hung der Attraktivit&auml;t des Werk- und Finanzplatzes Schweiz bei. Die T&auml;tigkeit von TREUHAND|SUISSE ist auf Wohlfahrt und Wohlstand der Schweizerischen Volkswirtschaft ausgerichtet und nimmt die entsprechende Interessenvertretung wahr. TREUHAND|SUISSE will auf die Gesetzgebung aktiv Einfluss nehmen, indem sinnvolle Normen geschaffen oder unn&ouml;tige &Uuml;berregulierungen verhindert bzw. abgeschafft werden. TREUHAND|SUISSE ist seinen Mitgliedern stets ein zuverl&auml;ssiger Partner.<\/p><p>TREUHAND&thinsp;|&thinsp;SUISSE ist der bedeutendste Verband f&uuml;r Treuhandfachleute, die vorwiegend in der Beratung von KMU und Privatpersonen t&auml;tig sind. Mit seinen Aktivit&auml;ten verfolgt der Verband f&uuml;nf vorrangige Ziele:<\/p><p><strong>Interessenvertretung:<\/strong>&nbsp;Als Dachverband vertritt TREUHAND&thinsp;|&thinsp;SUISSE die Interessen seiner mehr als 2&lsquo;100 Mitglieder gegen&uuml;ber Politik, Wirtschaft und Verwaltung auf schweizerischer Ebene.<\/p><p><strong>Informationsaustausch:<\/strong>&nbsp;TREUHAND&thinsp;|&thinsp;SUISSE schafft einen Rahmen f&uuml;r den beruflichen Erfahrungsaustausch und informiert seine Mitglieder regelm&auml;ssig &uuml;ber verbandsinterne und branchenrelevante politische Gesch&auml;fte.<\/p><p><strong>Nachwuchsf&ouml;rderung:<\/strong>&nbsp;TREUHAND&thinsp;|&thinsp;SUISSE unterst&uuml;tzt seine Mitglieder, die betriebliche Ausbildung des eigenen Berufsnachwuchses sicherzustellen und setzt sich f&uuml;r optimale bildungspolitische Rahmenbedingungen ein.<\/p><p><strong>Aus- und Weiterbildung:<\/strong>&nbsp;TREUHAND&thinsp;|&thinsp;SUISSE stellt seinen Mitgliedern ein umfassendes Aus- und Weiterbildungsangebot zur Verf&uuml;gung.<\/p><p><strong>Dienstleistungen:<\/strong>&nbsp;TREUHAND&thinsp;|&thinsp;SUISSE unterst&uuml;tzt seine Mitglieder mit konkreten Dienstleistungen und praktischen Arbeitsinstrumenten f&uuml;r die berufliche Praxis.<\/p><p><strong>Anlaufstelle:<\/strong>&nbsp;TREUHAND&thinsp;|&thinsp;SUISSE steht Treuhand-Kunden, Medien, Beh&ouml;rden und weiteren interessierten Kreisen als kompetenter Ansprechpartner f&uuml;r Fragen rund um Treuhandbelange zur Verf&uuml;gung.<\/p><h4 class=\"wp-block-heading\" id=\"kontakt-und-weitere-informationen\">Kontakt und weitere Informationen<\/h4><p><strong>TREUHAND|SUISSE<br>Schweizerischer Treuh&auml;nderverband<\/strong><br>Monbijoustrasse 20<br>Postfach<br>3001 Bern<br>Tel. +41 31 380 64 30<br>Fax. +41 31 380 64 31<br><a href=\"http:\/\/www.treuhandsuisse.ch\/de\/\" target=\"_blank\" rel=\"noreferrer noopener\">www.treuhandsuisse.ch<\/a><br><a href=\"mailto:info@treuhandsuisse.ch\" target=\"_blank\" rel=\"noreferrer noopener\">info@treuhandsuisse.ch<\/a><\/p>\n","protected":false},"excerpt":{"rendered":"<p>TREUHAND|SUISSE verk&ouml;rpert die kompetente, in Politik, Wirtschaft und Verwaltung anerkannte nationale Interessenvertretung des Treuhandwesens Schweiz. Mit seinem Wirtschaftsverst&auml;ndnis und seinen Dienstleistungen tr&auml;gt der Verband wesentlich zu einer Erh&ouml;hung der Attraktivit&auml;t des Werk- und Finanzplatzes Schweiz bei. Die T&auml;tigkeit von TREUHAND|SUISSE ist auf Wohlfahrt und Wohlstand der Schweizerischen Volkswirtschaft ausgerichtet und nimmt die entsprechende&hellip;<\/p>\n","protected":false},"author":3,"featured_media":0,"parent":6980,"menu_order":8,"comment_status":"closed","ping_status":"closed","template":"","meta":{"_acf_changed":false,"footnotes":""},"class_list":["post-10350","page","type-page","status-publish","hentry"],"acf":[],"yoast_head":"<!-- This site is optimized with the Yoast SEO plugin v27.4 - https:\/\/yoast.com\/product\/yoast-seo-wordpress\/ -->\n<title>TREUHAND|SUISSE &#8226; steuerportal.ch<\/title>\n<meta name=\"robots\" content=\"index, follow, max-snippet:-1, max-image-preview:large, max-video-preview:-1\" \/>\n<link rel=\"canonical\" href=\"https:\/\/steuerportal.ch\/fr\/formations\/profils-des-institutions\/treuhandsuisse\/\" \/>\n<meta property=\"og:locale\" content=\"fr_FR\" \/>\n<meta property=\"og:type\" content=\"article\" \/>\n<meta property=\"og:title\" content=\"TREUHAND|SUISSE &#8226; steuerportal.ch\" \/>\n<meta property=\"og:description\" content=\"TREUHAND|SUISSE verk&ouml;rpert die kompetente, in Politik, Wirtschaft und Verwaltung anerkannte nationale Interessenvertretung des Treuhandwesens Schweiz. Mit seinem Wirtschaftsverst&auml;ndnis und seinen Dienstleistungen tr&auml;gt der Verband wesentlich zu einer Erh&ouml;hung der Attraktivit&auml;t des Werk- und Finanzplatzes Schweiz bei. Die T&auml;tigkeit von TREUHAND|SUISSE ist auf Wohlfahrt und Wohlstand der Schweizerischen Volkswirtschaft ausgerichtet und nimmt die entsprechende&hellip;\" \/>\n<meta property=\"og:url\" content=\"https:\/\/steuerportal.ch\/fr\/formations\/profils-des-institutions\/treuhandsuisse\/\" \/>\n<meta property=\"og:site_name\" content=\"steuerportal.ch\" \/>\n<meta property=\"article:modified_time\" content=\"2022-01-12T13:44:52+00:00\" \/>\n<meta property=\"og:image\" content=\"https:\/\/steuerportal.ch\/wp-content\/uploads\/2019\/12\/TREU-SUISSE-500.jpg\" \/>\n<meta name=\"twitter:card\" content=\"summary_large_image\" \/>\n<meta name=\"twitter:label1\" content=\"Dur\u00e9e de lecture estim\u00e9e\" \/>\n\t<meta name=\"twitter:data1\" content=\"2 minutes\" \/>\n<script type=\"application\/ld+json\" class=\"yoast-schema-graph\">{\"@context\":\"https:\\\/\\\/schema.org\",\"@graph\":[{\"@type\":\"WebPage\",\"@id\":\"https:\\\/\\\/steuerportal.ch\\\/fr\\\/formations\\\/profils-des-institutions\\\/treuhandsuisse\\\/\",\"url\":\"https:\\\/\\\/steuerportal.ch\\\/fr\\\/formations\\\/profils-des-institutions\\\/treuhandsuisse\\\/\",\"name\":\"TREUHAND|SUISSE &#8226; steuerportal.ch\",\"isPartOf\":{\"@id\":\"https:\\\/\\\/steuerportal.ch\\\/fr\\\/#website\"},\"primaryImageOfPage\":{\"@id\":\"https:\\\/\\\/steuerportal.ch\\\/fr\\\/formations\\\/profils-des-institutions\\\/treuhandsuisse\\\/#primaryimage\"},\"image\":{\"@id\":\"https:\\\/\\\/steuerportal.ch\\\/fr\\\/formations\\\/profils-des-institutions\\\/treuhandsuisse\\\/#primaryimage\"},\"thumbnailUrl\":\"https:\\\/\\\/steuerportal.ch\\\/wp-content\\\/uploads\\\/2019\\\/12\\\/TREU-SUISSE-500.jpg\",\"datePublished\":\"2019-12-10T04:18:20+00:00\",\"dateModified\":\"2022-01-12T13:44:52+00:00\",\"breadcrumb\":{\"@id\":\"https:\\\/\\\/steuerportal.ch\\\/fr\\\/formations\\\/profils-des-institutions\\\/treuhandsuisse\\\/#breadcrumb\"},\"inLanguage\":\"fr-FR\",\"potentialAction\":[{\"@type\":\"ReadAction\",\"target\":[\"https:\\\/\\\/steuerportal.ch\\\/fr\\\/formations\\\/profils-des-institutions\\\/treuhandsuisse\\\/\"]}]},{\"@type\":\"ImageObject\",\"inLanguage\":\"fr-FR\",\"@id\":\"https:\\\/\\\/steuerportal.ch\\\/fr\\\/formations\\\/profils-des-institutions\\\/treuhandsuisse\\\/#primaryimage\",\"url\":\"https:\\\/\\\/steuerportal.ch\\\/wp-content\\\/uploads\\\/2019\\\/12\\\/TREU-SUISSE-500.jpg\",\"contentUrl\":\"https:\\\/\\\/steuerportal.ch\\\/wp-content\\\/uploads\\\/2019\\\/12\\\/TREU-SUISSE-500.jpg\"},{\"@type\":\"BreadcrumbList\",\"@id\":\"https:\\\/\\\/steuerportal.ch\\\/fr\\\/formations\\\/profils-des-institutions\\\/treuhandsuisse\\\/#breadcrumb\",\"itemListElement\":[{\"@type\":\"ListItem\",\"position\":1,\"name\":\"Page d'accueil\",\"item\":\"https:\\\/\\\/steuerportal.ch\\\/fr\\\/\"},{\"@type\":\"ListItem\",\"position\":2,\"name\":\"Formations\",\"item\":\"https:\\\/\\\/steuerportal.ch\\\/fr\\\/formations\\\/\"},{\"@type\":\"ListItem\",\"position\":3,\"name\":\"Profils des institutions\",\"item\":\"https:\\\/\\\/steuerportal.ch\\\/fr\\\/formations\\\/profils-des-institutions\\\/\"},{\"@type\":\"ListItem\",\"position\":4,\"name\":\"TREUHAND|SUISSE\"}]},{\"@type\":\"WebSite\",\"@id\":\"https:\\\/\\\/steuerportal.ch\\\/fr\\\/#website\",\"url\":\"https:\\\/\\\/steuerportal.ch\\\/fr\\\/\",\"name\":\"steuerportal.ch\",\"description\":\"Le portail suisse sp\u00e9cialis\u00e9 dans le domaine des imp\u00f4ts\",\"publisher\":{\"@id\":\"https:\\\/\\\/steuerportal.ch\\\/fr\\\/#organization\"},\"potentialAction\":[{\"@type\":\"SearchAction\",\"target\":{\"@type\":\"EntryPoint\",\"urlTemplate\":\"https:\\\/\\\/steuerportal.ch\\\/fr\\\/?s={search_term_string}\"},\"query-input\":{\"@type\":\"PropertyValueSpecification\",\"valueRequired\":true,\"valueName\":\"search_term_string\"}}],\"inLanguage\":\"fr-FR\"},{\"@type\":\"Organization\",\"@id\":\"https:\\\/\\\/steuerportal.ch\\\/fr\\\/#organization\",\"name\":\"Steuerportal (Cosmos Verlag)\",\"url\":\"https:\\\/\\\/steuerportal.ch\\\/fr\\\/\",\"logo\":{\"@type\":\"ImageObject\",\"inLanguage\":\"fr-FR\",\"@id\":\"https:\\\/\\\/steuerportal.ch\\\/fr\\\/#\\\/schema\\\/logo\\\/image\\\/\",\"url\":\"https:\\\/\\\/steuerportal.ch\\\/wp-content\\\/uploads\\\/2021\\\/06\\\/cosmos_c-strich_h_positiv_bunt.svg\",\"contentUrl\":\"https:\\\/\\\/steuerportal.ch\\\/wp-content\\\/uploads\\\/2021\\\/06\\\/cosmos_c-strich_h_positiv_bunt.svg\",\"width\":191,\"height\":44,\"caption\":\"Steuerportal (Cosmos Verlag)\"},\"image\":{\"@id\":\"https:\\\/\\\/steuerportal.ch\\\/fr\\\/#\\\/schema\\\/logo\\\/image\\\/\"}}]}<\/script>\n<!-- \/ Yoast SEO plugin. -->","yoast_head_json":{"title":"TREUHAND|SUISSE &#8226; steuerportal.ch","robots":{"index":"index","follow":"follow","max-snippet":"max-snippet:-1","max-image-preview":"max-image-preview:large","max-video-preview":"max-video-preview:-1"},"canonical":"https:\/\/steuerportal.ch\/fr\/formations\/profils-des-institutions\/treuhandsuisse\/","og_locale":"fr_FR","og_type":"article","og_title":"TREUHAND|SUISSE &#8226; steuerportal.ch","og_description":"TREUHAND|SUISSE verk&ouml;rpert die kompetente, in Politik, Wirtschaft und Verwaltung anerkannte nationale Interessenvertretung des Treuhandwesens Schweiz. Mit seinem Wirtschaftsverst&auml;ndnis und seinen Dienstleistungen tr&auml;gt der Verband wesentlich zu einer Erh&ouml;hung der Attraktivit&auml;t des Werk- und Finanzplatzes Schweiz bei. Die T&auml;tigkeit von TREUHAND|SUISSE ist auf Wohlfahrt und Wohlstand der Schweizerischen Volkswirtschaft ausgerichtet und nimmt die entsprechende&hellip;","og_url":"https:\/\/steuerportal.ch\/fr\/formations\/profils-des-institutions\/treuhandsuisse\/","og_site_name":"steuerportal.ch","article_modified_time":"2022-01-12T13:44:52+00:00","og_image":[{"url":"https:\/\/steuerportal.ch\/wp-content\/uploads\/2019\/12\/TREU-SUISSE-500.jpg","type":"","width":"","height":""}],"twitter_card":"summary_large_image","twitter_misc":{"Dur\u00e9e de lecture estim\u00e9e":"2 minutes"},"schema":{"@context":"https:\/\/schema.org","@graph":[{"@type":"WebPage","@id":"https:\/\/steuerportal.ch\/fr\/formations\/profils-des-institutions\/treuhandsuisse\/","url":"https:\/\/steuerportal.ch\/fr\/formations\/profils-des-institutions\/treuhandsuisse\/","name":"TREUHAND|SUISSE &#8226; steuerportal.ch","isPartOf":{"@id":"https:\/\/steuerportal.ch\/fr\/#website"},"primaryImageOfPage":{"@id":"https:\/\/steuerportal.ch\/fr\/formations\/profils-des-institutions\/treuhandsuisse\/#primaryimage"},"image":{"@id":"https:\/\/steuerportal.ch\/fr\/formations\/profils-des-institutions\/treuhandsuisse\/#primaryimage"},"thumbnailUrl":"https:\/\/steuerportal.ch\/wp-content\/uploads\/2019\/12\/TREU-SUISSE-500.jpg","datePublished":"2019-12-10T04:18:20+00:00","dateModified":"2022-01-12T13:44:52+00:00","breadcrumb":{"@id":"https:\/\/steuerportal.ch\/fr\/formations\/profils-des-institutions\/treuhandsuisse\/#breadcrumb"},"inLanguage":"fr-FR","potentialAction":[{"@type":"ReadAction","target":["https:\/\/steuerportal.ch\/fr\/formations\/profils-des-institutions\/treuhandsuisse\/"]}]},{"@type":"ImageObject","inLanguage":"fr-FR","@id":"https:\/\/steuerportal.ch\/fr\/formations\/profils-des-institutions\/treuhandsuisse\/#primaryimage","url":"https:\/\/steuerportal.ch\/wp-content\/uploads\/2019\/12\/TREU-SUISSE-500.jpg","contentUrl":"https:\/\/steuerportal.ch\/wp-content\/uploads\/2019\/12\/TREU-SUISSE-500.jpg"},{"@type":"BreadcrumbList","@id":"https:\/\/steuerportal.ch\/fr\/formations\/profils-des-institutions\/treuhandsuisse\/#breadcrumb","itemListElement":[{"@type":"ListItem","position":1,"name":"Page d'accueil","item":"https:\/\/steuerportal.ch\/fr\/"},{"@type":"ListItem","position":2,"name":"Formations","item":"https:\/\/steuerportal.ch\/fr\/formations\/"},{"@type":"ListItem","position":3,"name":"Profils des institutions","item":"https:\/\/steuerportal.ch\/fr\/formations\/profils-des-institutions\/"},{"@type":"ListItem","position":4,"name":"TREUHAND|SUISSE"}]},{"@type":"WebSite","@id":"https:\/\/steuerportal.ch\/fr\/#website","url":"https:\/\/steuerportal.ch\/fr\/","name":"steuerportal.ch","description":"Le portail suisse sp\u00e9cialis\u00e9 dans le domaine des imp\u00f4ts","publisher":{"@id":"https:\/\/steuerportal.ch\/fr\/#organization"},"potentialAction":[{"@type":"SearchAction","target":{"@type":"EntryPoint","urlTemplate":"https:\/\/steuerportal.ch\/fr\/?s={search_term_string}"},"query-input":{"@type":"PropertyValueSpecification","valueRequired":true,"valueName":"search_term_string"}}],"inLanguage":"fr-FR"},{"@type":"Organization","@id":"https:\/\/steuerportal.ch\/fr\/#organization","name":"Steuerportal (Cosmos Verlag)","url":"https:\/\/steuerportal.ch\/fr\/","logo":{"@type":"ImageObject","inLanguage":"fr-FR","@id":"https:\/\/steuerportal.ch\/fr\/#\/schema\/logo\/image\/","url":"https:\/\/steuerportal.ch\/wp-content\/uploads\/2021\/06\/cosmos_c-strich_h_positiv_bunt.svg","contentUrl":"https:\/\/steuerportal.ch\/wp-content\/uploads\/2021\/06\/cosmos_c-strich_h_positiv_bunt.svg","width":191,"height":44,"caption":"Steuerportal (Cosmos Verlag)"},"image":{"@id":"https:\/\/steuerportal.ch\/fr\/#\/schema\/logo\/image\/"}}]}},"_links":{"self":[{"href":"https:\/\/steuerportal.ch\/fr\/wp-json\/wp\/v2\/pages\/10350","targetHints":{"allow":["GET"]}}],"collection":[{"href":"https:\/\/steuerportal.ch\/fr\/wp-json\/wp\/v2\/pages"}],"about":[{"href":"https:\/\/steuerportal.ch\/fr\/wp-json\/wp\/v2\/types\/page"}],"author":[{"embeddable":true,"href":"https:\/\/steuerportal.ch\/fr\/wp-json\/wp\/v2\/users\/3"}],"replies":[{"embeddable":true,"href":"https:\/\/steuerportal.ch\/fr\/wp-json\/wp\/v2\/comments?post=10350"}],"version-history":[{"count":1,"href":"https:\/\/steuerportal.ch\/fr\/wp-json\/wp\/v2\/pages\/10350\/revisions"}],"predecessor-version":[{"id":10351,"href":"https:\/\/steuerportal.ch\/fr\/wp-json\/wp\/v2\/pages\/10350\/revisions\/10351"}],"up":[{"embeddable":true,"href":"https:\/\/steuerportal.ch\/fr\/wp-json\/wp\/v2\/pages\/6980"}],"wp:attachment":[{"href":"https:\/\/steuerportal.ch\/fr\/wp-json\/wp\/v2\/media?parent=10350"}],"curies":[{"name":"wp","href":"https:\/\/api.w.org\/{rel}","templated":true}]}}